{"id":224,"date":"2022-11-29T16:43:28","date_gmt":"2022-11-29T16:43:28","guid":{"rendered":"https:\/\/factubella.laesquinacreativa.es\/?post_type=product&#038;p=224"},"modified":"2023-05-03T16:33:57","modified_gmt":"2023-05-03T16:33:57","slug":"suero-potenciador-concentrado-30-ml-1-fl-oz","status":"publish","type":"product","link":"https:\/\/pos.idbella.com\/index.php\/product\/suero-potenciador-concentrado-30-ml-1-fl-oz\/","title":{"rendered":"Suero potenciador concentrado 30 ml (1 fl.oz.)"},"content":{"rendered":"<h3><strong>Es para ti si<\/strong> &#8230;<\/h3>\n<div id=\"r-1610284036788\" class=\"gf_row gf_row-gap-10\" data-label=\"Row\" data-key=\"row\" data-icon=\"gpicon-row\" data-id=\"1610284036788\" data-extraclass=\"\" data-row-gap=\"10px\">\n<div id=\"c-1610283661626\" class=\"gf_column gf_col-lg-11 gf_col-xs-11 gf_col-md-11 gf_col-sm-11\" data-id=\"1610283661626\">\n<div id=\"e-1610284036840\" class=\"element-wrap\" data-label=\"Text Block\" data-key=\"text-block\" data-icon=\"gpicon-textblock\" data-ver=\"1\" data-id=\"1610284036840\">\n<div class=\"elm text-edit gf-elm-left gf-elm-left-lg gf-elm-left-md gf-elm-left-sm gf-elm-left-xs\" data-gemlang=\"en\" data-exc=\"\">\n<p><strong>Observas signos de la edad<\/strong> persistentes como arrugas, flacidez, sequedad o falta de luminosidad.<\/p>\n<\/div>\n<\/div>\n<\/div>\n<\/div>\n<div id=\"r-1610284036802\" class=\"gf_row gf_row-gap-10\" data-label=\"Row\" data-key=\"row\" data-icon=\"gpicon-row\" data-id=\"1610284036802\" data-extraclass=\"\" data-row-gap=\"10px\">\n<div id=\"c-1610283655939\" class=\"gf_column gf_col-lg-1 gf_col-xs-1 gf_col-md-1 gf_col-sm-1\" data-id=\"1610283655939\">\n<div id=\"e-1610284036767\" class=\"element-wrap\" data-label=\"Icon\" data-key=\"icon\" data-icon=\"gpicon-icon\" data-ver=\"1.0\" data-id=\"1610284036767\">\n<div class=\"elm gf-elm-center gf-elm-left-md gf-elm-left-sm gf-elm-left-xs gf-elm-left-lg\" data-exc=\"\">\n<div class=\"gf_icon-wrap\">Quieres <strong>prevenir<\/strong> y retrasar la aparici\u00f3n de los signos de la edad en el rostro.<\/div>\n<\/div>\n<\/div>\n<\/div>\n<\/div>\n<div id=\"r-1610285009897\" class=\"gf_row gf_row-gap-10\" data-label=\"Row\" data-key=\"row\" data-icon=\"gpicon-row\" data-id=\"1610285009897\" data-extraclass=\"\" data-row-gap=\"10px\">\n<div id=\"c-1610283655939\" class=\"gf_column gf_col-lg-1 gf_col-xs-1 gf_col-md-1 gf_col-sm-1\" data-id=\"1610283655939\">\n<div id=\"e-1610285009811\" class=\"element-wrap\" data-label=\"Icon\" data-key=\"icon\" data-icon=\"gpicon-icon\" data-ver=\"1.0\" data-id=\"1610285009811\">\n<div class=\"elm gf-elm-center gf-elm-left-md gf-elm-left-sm gf-elm-left-xs gf-elm-left-lg\" data-exc=\"\">\n<div><\/div>\n<div class=\"gf_icon-wrap\">Tienes<strong> piel seca<\/strong>,<strong> mixta<\/strong>, <strong>normal<\/strong> o <strong>grasa<\/strong>. El producto se absorbe en segundos y no deja brillos ni sensaci\u00f3n grasa. Tambi\u00e9n es apto para pieles sensibles o reactivas.<\/div>\n<\/div>\n<\/div>\n<\/div>\n<\/div>\n<div id=\"r-1613148390537\" class=\"gf_row gf_row-gap-10\" data-label=\"Row\" data-key=\"row\" data-icon=\"gpicon-row\" data-id=\"1613148390537\" data-extraclass=\"\" data-row-gap=\"10px\">\n<div id=\"c-1610283655939\" class=\"gf_column gf_col-lg-1 gf_col-xs-1 gf_col-md-1 gf_col-sm-1\" data-id=\"1610283655939\">\n<div id=\"e-1613148390478\" class=\"element-wrap\" data-label=\"Icon\" data-key=\"icon\" data-icon=\"gpicon-icon\" data-ver=\"1.0\" data-id=\"1613148390478\">\n<div class=\"elm gf-elm-center gf-elm-left-md gf-elm-left-sm gf-elm-left-xs gf-elm-left-lg\" data-exc=\"\">\n<div><\/div>\n<div class=\"gf_icon-wrap\"><strong>Edad<\/strong>. Al recomendar una crema no nos fijamos en la edad sino el tipo de piel y su estado. Actuamos sobre la biolog\u00eda fundamental de la piel que es la misma siempre.<\/div>\n<\/div>\n<\/div>\n<\/div>\n<\/div>\n<div id=\"r-1613148395570\" class=\"gf_row gf_row-gap-10\" data-label=\"Row\" data-key=\"row\" data-icon=\"gpicon-row\" data-id=\"1613148395570\" data-extraclass=\"\" data-row-gap=\"10px\">\n<div id=\"c-1610283655939\" class=\"gf_column gf_col-lg-1 gf_col-xs-1 gf_col-md-1 gf_col-sm-1\" data-id=\"1610283655939\">\n<div id=\"e-1613148395512\" class=\"element-wrap\" data-label=\"Icon\" data-key=\"icon\" data-icon=\"gpicon-icon\" data-ver=\"1.0\" data-id=\"1613148395512\">\n<div class=\"elm gf-elm-center gf-elm-left-md gf-elm-left-sm gf-elm-left-xs gf-elm-left-lg\" data-exc=\"\">\n<div><\/div>\n<div class=\"gf_icon-wrap\"><strong>Embarazo<\/strong>. Todos nuestros productos son seguros para usar durante el embarazo. Sin embargo recomendamos reducir el uso de cosm\u00e9ticos al m\u00ednimo y no empezar con productos nuevos.<\/div>\n<\/div>\n<\/div>\n<\/div>\n<\/div>\n<p><!--more--><\/p>\n<h3>Como usarlo:<\/h3>\n<div id=\"r-1610648010818\" class=\"gf_row gf_row-gap-10\" data-label=\"Row\" data-key=\"row\" data-icon=\"gpicon-row\" data-id=\"1610648010818\" data-extraclass=\"\" data-row-gap=\"10px\">\n<div id=\"c-1610283661626\" class=\"gf_column gf_col-lg-11 gf_col-xs-11 gf_col-md-11 gf_col-sm-11\" data-id=\"1610283661626\">\n<div id=\"e-1610648010897\" class=\"element-wrap\" data-label=\"Text Block\" data-key=\"text-block\" data-icon=\"gpicon-textblock\" data-ver=\"1\" data-id=\"1610648010897\">\n<div class=\"elm text-edit gf-elm-left gf-elm-left-lg gf-elm-left-md gf-elm-left-sm gf-elm-left-xs\" data-gemlang=\"en\" data-exc=\"\">\n<ul>\n<li>Sin limpieza no hay belleza. Higieniza correctamente la zona a tratar antes de aplicar la crema. Elimina el maquillaje con una leche y aplica una mousse o t\u00f3nico a continuaci\u00f3n.<\/li>\n<li>Aplica el serum mediante masaje hasta su completa absorci\u00f3n por todo el rostro: frente, mejillas, nariz, surco nasogeniano, barbilla y ment\u00f3n.<\/li>\n<li><strong>Aplica el serum d\u00eda y noche antes de tu crema hidratante<\/strong>. No olvides retirar los restos de serum de las manos antes de usar la crema. S\u00e9 constante. Empezar\u00e1s a ver efectos en hidrataci\u00f3n y nutrici\u00f3n inmediatamente. En un mes \u00a0ver\u00e1s cambios evidentes en arrugas, firmeza y volumen.<\/li>\n<li><strong>No lleva protector solar.<\/strong>\u00a0Si has de estar expuesta al sol es recomendable usar protector solar.<\/li>\n<\/ul>\n<\/div>\n<\/div>\n<\/div>\n<\/div>\n<p><!--more--><\/p>\n<h3>Composici\u00f3n:<\/h3>\n<div id=\"r-1610648994213\" class=\"gf_row gf_row-gap-10\" data-label=\"Row\" data-key=\"row\" data-icon=\"gpicon-row\" data-id=\"1610648994213\" data-extraclass=\"\" data-row-gap=\"10px\">\n<div id=\"c-1610283661626\" class=\"gf_column gf_col-lg-11 gf_col-xs-11 gf_col-md-11 gf_col-sm-11\" data-id=\"1610283661626\">\n<div id=\"e-1610648994192\" class=\"element-wrap\" data-label=\"Text Block\" data-key=\"text-block\" data-icon=\"gpicon-textblock\" data-ver=\"1\" data-id=\"1610648994192\">\n<div class=\"elm text-edit gf-elm-left gf-elm-left-lg gf-elm-left-md gf-elm-left-sm gf-elm-left-xs\" data-gemlang=\"en\" data-exc=\"\">\n<ul>\n<li>Activos patentados creados de la\u00a0<strong>investigaci\u00f3n en ciencias de la vida<\/strong>\u00a0con una eficacia y seguridad l\u00edder mundial.<\/li>\n<li>Biotecnolog\u00eda de \u00faltima generaci\u00f3n como los <strong>p\u00e9ptidos de origen vegetal<\/strong>.\u00a0<strong>Vitamina E<\/strong>\u00a0por su acci\u00f3n antioxidante.<\/li>\n<li>Envase 100% reciclable. Ninguno de nue<span style=\"color: #000000;\">stros product<\/span>os es <span style=\"color: #000000;\">testado<\/span> en animales.<\/li>\n<li>Libre de parabenos, colorantes, alcoholes irritantes, sulfatos, formaldeh\u00eddos, nitrosaminas, fenoles y m\u00e1s de 130<span style=\"color: #000000;\">0 sustancias<\/span> desaconsejadas por la UE.<\/li>\n<\/ul>\n<\/div>\n<\/div>\n<\/div>\n<\/div>\n<p><!--more--><\/p>\n<h3>Ingredientes:<\/h3>\n<h6><span style=\"color: #333333;\">AQUA. GLYCERIN, GOLD THIOETHYLAMINO HYALURONIC ACID (NANO), METHYLSILANOL HYDROXYPROLINE ASPARTATE, PROPYLENE GLYCOL, PEG-40 HYDROGENATED CASTOR OIL, BUTYLENE GLYCOL, DIAZOLIDINYL UREA, TOCOPHERYLACETATE, XANTHAN GUM, GLICERYL POLYACRYLATE, SODIUM BENZOATE, POTASSIUM SORBATE, PARFUM, TRIETHANOLAMINE, TRITICUM VULGARE (WHEAT) GERM EXTRACT, HYDROLYZED VEGETABL PROTEIN, PHENOXYETHANOL, CAPRYLYL GLYCOL, LIMONENE, ETHYLHEXYLGLYCERIN, CALCIUM CHLORIDE, GLYCINE SOJA (SOYBEAN) PROTEIN, HEXYL CINNAMAL, PECTIN, BUTYLPHENYL METHYLPROPIONAL, LINALOOL, ARGININE, PROLINE, SERINE ALPHA-ISOMETHYLIONONE, GLUCOSE, CITRONELLOL, CITRAL, CARRAGEENAN<\/span><\/h6>\n","protected":false},"excerpt":{"rendered":"<h3>\u00a0Concentrated Booster Serum<\/h3>\n<p><em>\u00a1 Lleva tu piel al siguiente nivel !<\/em><\/p>\n<p>Usar el Serum antes de la Crema marca la diferencia. Te sit\u00faa en el selecto grupo de quienes llevan el estado de su piel al siguiente nivel.<\/p>\n<ul>\n<li>sin brillos<\/li>\n<li>vegano<\/li>\n<\/ul>\n<p>La \u00fanica raz\u00f3n para no usarlo es si te parece que la Crema sola te rejuvenece demasiado.<\/p>\n<p>Mientras la Crema tiene una acci\u00f3n progresiva y duradera, el Serum tiene una acci\u00f3n m\u00e1s intensa pero el cambio es m\u00e1s breve.<\/p>\n<p>Si combinas ambos, obtienes una acci\u00f3n intensa y a la vez duradera.<\/p>\n<p><strong>Qu\u00e9 voy a notar.<\/strong><\/p>\n<p>Nuestra tecnolog\u00eda patentada Active-Hyaluronan en el Serum est\u00e1 dise\u00f1ada para regenerar\u00a0la piel en menos de 28 d\u00edas.<\/p>\n<p>El Serum acelera y potencia la reducci\u00f3n de arrugas, reafirma y define el rostro e hidrata en profundidad.<\/p>\n<p>El resultado es un<strong>\u00a0<\/strong>rostro rejuvenecido, firme, suave, terso y profundamente hidratado y luminoso (usamos las palabras que dejan las clientes en las opiniones).<\/p>\n<p><strong>C\u00f3mo es usarlo.<\/strong><\/p>\n<p>Su\u00a0<strong>textura<\/strong>\u00a0es l\u00edquida y ligeramente astringente. Se absorbe inmediatamente sin dejar restos y se seca en segundos para que puedas aplicar la crema a continuaci\u00f3n. Sin sensaci\u00f3n grasa ni brillos.<\/p>\n<p>&nbsp;<\/p>\n","protected":false},"featured_media":256,"comment_status":"open","ping_status":"closed","template":"","meta":[],"product_cat":[24],"product_tag":[],"class_list":["post-224","product","type-product","status-publish","has-post-thumbnail","hentry","product_cat-tienda"],"_links":{"self":[{"href":"https:\/\/pos.idbella.com\/index.php\/wp-json\/wp\/v3\/product\/224","targetHints":{"allow":["GET"]}}],"collection":[{"href":"https:\/\/pos.idbella.com\/index.php\/wp-json\/wp\/v3\/product"}],"about":[{"href":"https:\/\/pos.idbella.com\/index.php\/wp-json\/wp\/v2\/types\/product"}],"replies":[{"embeddable":true,"href":"https:\/\/pos.idbella.com\/index.php\/wp-json\/wp\/v2\/comments?post=224"}],"wp:featuredmedia":[{"embeddable":true,"href":"https:\/\/pos.idbella.com\/index.php\/wp-json\/wp\/v2\/media\/256"}],"wp:attachment":[{"href":"https:\/\/pos.idbella.com\/index.php\/wp-json\/wp\/v2\/media?parent=224"}],"wp:term":[{"taxonomy":"product_cat","embeddable":true,"href":"https:\/\/pos.idbella.com\/index.php\/wp-json\/wp\/v2\/product_cat?post=224"},{"taxonomy":"product_tag","embeddable":true,"href":"https:\/\/pos.idbella.com\/index.php\/wp-json\/wp\/v2\/product_tag?post=224"}],"curies":[{"name":"wp","href":"https:\/\/api.w.org\/{rel}","templated":true}]}}