{"id":225,"date":"2022-11-29T16:43:28","date_gmt":"2022-11-29T16:43:28","guid":{"rendered":"https:\/\/factubella.laesquinacreativa.es\/?post_type=product&#038;p=225"},"modified":"2023-05-04T10:45:28","modified_gmt":"2023-05-04T10:45:28","slug":"enzymatic-mousse-150ml-5-fl-oz","status":"publish","type":"product","link":"https:\/\/pos.idbella.com\/index.php\/product\/enzymatic-mousse-150ml-5-fl-oz\/","title":{"rendered":"Enzymatic Mousse 150ml (5 fl.oz.)"},"content":{"rendered":"<div id=\"e-1609525104438\" class=\"element-wrap\" data-label=\"Heading\" data-icon=\"gpicon-heading\" data-id=\"1609525104438\" data-vivaldi-spatnav-clickable=\"1\">\n<div class=\"elm text-edit gf-elm-left gf-elm-left-lg gf-elm-left-md gf-elm-left-sm gf-elm-left-xs\" data-exc=\"\">\n<h2>LIMPIEZA COMO PRIMER PASO PARA SALUD Y BELLEZA<\/h2>\n<\/div>\n<\/div>\n<div id=\"e-1610308495154\" class=\"element-wrap\" data-label=\"Text Block\" data-key=\"text-block\" data-icon=\"gpicon-textblock\" data-ver=\"1\" data-id=\"1610308495154\">\n<div class=\"elm text-edit gf-elm-left gf-elm-left-md gf-elm-left-sm gf-elm-left-xs gf-elm-left-lg\" data-gemlang=\"en\" data-exc=\"\">\n<p>Una correcta limpieza permite a la piel oxigenarse y calmarse. Libera los poros y elimina las impurezas que dificultan la absorci\u00f3n de los principios activos.<\/p>\n<p>El protocolo de dos pasos est\u00e1 inspirado en la tradici\u00f3n japonesa para purificar la piel. El primer paso, la leche, elimina las impurezas que se disuelven en l\u00edpidos. El segundo paso arrastra las c\u00e9lulas muertas y elimina las impurezas solubles en agua.<\/p>\n<p>Enzymatic Mousse tiene la doble acci\u00f3n de eliminar las impurezas solubles en agua y la de producir un suave efecto exfoliante que prepare la piel para recibir los productos de tratamiento.<\/p>\n<\/div>\n<\/div>\n","protected":false},"excerpt":{"rendered":"<div id=\"e-1609961992446\" class=\"element-wrap\" data-label=\"Text Block\" data-key=\"text-block\" data-icon=\"gpicon-textblock\" data-ver=\"1\" data-id=\"1609961992446\">\n<div class=\"elm text-edit gf-elm-left gf-elm-left-md gf-elm-left-sm gf-elm-left-xs gf-elm-left-lg\" data-gemlang=\"en\" data-exc=\"\">Piel despejada y purificada.<\/div>\n<\/div>\n<div id=\"m-1611072980494\" class=\"module-wrap\" data-label=\"Judge.me Reviews\" data-key=\"judge-reviews\" data-icon=\"gpicon-judge_reviews\" data-ver=\"1\" data-id=\"1611072980494\" data-compile=\"false\">\n<div class=\"module gf_module-left-lg gf_module-left-md gf_module-left-sm gf_module-left-xs \" data-color=\"#339999\" data-widget=\"badge\">\n<div class=\"jdgm-widget jdgm-preview-badge jdgm-preview-badge--with-link jdgm--done-setup\" data-id=\"5880486461603\" data-template=\"manual-installation\" data-auto-install=\"false\">\n<div class=\"jdgm-prev-badge\" data-average-rating=\"5.00\" data-number-of-reviews=\"8\" data-number-of-questions=\"0\"><span class=\"jdgm-prev-badge__stars\" tabindex=\"0\" role=\"button\" data-score=\"5.00\" aria-label=\"5.00 stars\">\u00a0<\/span><\/div>\n<div class=\"jdgm-prev-badge\" data-average-rating=\"5.00\" data-number-of-reviews=\"8\" data-number-of-questions=\"0\">Una piel con impurezas, estresada y con falta de ox\u00edgeno se muestra resistente a cualquier tratamiento. Adem\u00e1s la grasa y restos de maquillaje impiden la correcta absorci\u00f3n de los principios activos.<\/div>\n<\/div>\n<\/div>\n<\/div>\n<div id=\"e-1610282166166\" class=\"element-wrap\" data-label=\"Text Block\" data-key=\"text-block\" data-icon=\"gpicon-textblock\" data-ver=\"1\" data-id=\"1610282166166\">\n<div class=\"elm text-edit gf-elm-left gf-elm-left-md gf-elm-left-sm gf-elm-left-xs gf-elm-left-lg\" data-gemlang=\"en\" data-exc=\"\">\n<p><strong>Enzymatic Mousse<\/strong>\u00a0elimina eficazmente las impurezas solubles en agua como la poluci\u00f3n, restos de c\u00e9lulas muertas, bacterias y restos de la leche limpiadora. Adem\u00e1s ejerce una suave\u00a0<strong>acci\u00f3n <\/strong><strong>exfoliante<\/strong>\u00a0que prepara la piel para el tratamiento.<\/p>\n<\/div>\n<\/div>\n<div id=\"r-1618847076200\" class=\"gf_row\" data-label=\"Row\" data-key=\"row\" data-icon=\"gpicon-row\" data-id=\"1618847076200\" data-extraclass=\"\">\n<div id=\"c-1611494286936\" class=\"gf_col-lg-12 gf_column\" data-id=\"1611494286936\">\n<div id=\"r-1618847076195\" class=\"gf_row gf_row-gap-0\" data-label=\"Row\" data-key=\"row\" data-icon=\"gpicon-row\" data-id=\"1618847076195\" data-extraclass=\"\" data-row-gap=\"0px\">\n<div id=\"c-1611493118717\" class=\"gf_column gf_col-lg-6 gf_col-md-6 gf_col-sm-6 gf_col-xs-6\" data-id=\"1611493118717\">\n<div id=\"e-1618847076165\" class=\"element-wrap\" data-label=\"Image\" data-key=\"image\" data-icon=\"gpicon-image\" data-ver=\"1.0\" data-id=\"1618847076165\" data-resolution=\"3000x3000\">\n<div class=\"elm gf-elm-center gf_elm-left-xs gf-elm-center-lg gf-elm-center-md gf-elm-center-sm gf-elm-center-xs\" data-exc=\"\"><\/div>\n<\/div>\n<div id=\"e-1618847076263\" class=\"element-wrap\" data-label=\"Text Block\" data-key=\"text-block\" data-icon=\"gpicon-textblock\" data-ver=\"1\" data-id=\"1618847076263\">\n<div class=\"elm text-edit gf-elm-left gf-elm-center-lg gf-elm-center-md gf-elm-center-sm gf-elm-center-xs\" data-gemlang=\"en\" data-exc=\"\">\n<h3>Es para ti si&#8230;<\/h3>\n<div id=\"r-1610284036788\" class=\"gf_row gf_row-gap-10\" data-label=\"Row\" data-key=\"row\" data-icon=\"gpicon-row\" data-id=\"1610284036788\" data-extraclass=\"\" data-row-gap=\"10px\">\n<div id=\"c-1610283661626\" class=\"gf_column gf_col-lg-11 gf_col-xs-11 gf_col-md-11 gf_col-sm-11\" data-id=\"1610283661626\">\n<div id=\"e-1610284036840\" class=\"element-wrap\" data-label=\"Text Block\" data-key=\"text-block\" data-icon=\"gpicon-textblock\" data-ver=\"1\" data-id=\"1610284036840\">\n<div class=\"elm text-edit gf-elm-left gf-elm-left-lg gf-elm-left-md gf-elm-left-sm gf-elm-left-xs\" data-gemlang=\"en\" data-exc=\"\">\n<p>Necesitas eliminar los restos de leche limpiadora y como suave exfoliaci\u00f3n previa a la aplicaci\u00f3n de productos de tratamiento.<\/p>\n<\/div>\n<\/div>\n<\/div>\n<\/div>\n<div id=\"r-1612185091060\" class=\"gf_row gf_row-gap-10\" data-label=\"Row\" data-key=\"row\" data-icon=\"gpicon-row\" data-id=\"1612185091060\" data-extraclass=\"\" data-row-gap=\"10px\">\n<div id=\"c-1610283655939\" class=\"gf_column gf_col-lg-1 gf_col-xs-1 gf_col-md-1 gf_col-sm-1\" data-id=\"1610283655939\">\n<div id=\"e-1612185090982\" class=\"element-wrap\" data-label=\"Icon\" data-key=\"icon\" data-icon=\"gpicon-icon\" data-ver=\"1.0\" data-id=\"1612185090982\">\n<div class=\"elm gf-elm-center gf-elm-left-md gf-elm-left-sm gf-elm-left-xs gf-elm-left-lg\" data-exc=\"\">\n<div class=\"gf_icon-wrap\">Debido a su acci\u00f3n exfoliante <strong>no<\/strong>\u00a0es recomendable usar el producto a diario.<\/div>\n<\/div>\n<\/div>\n<\/div>\n<\/div>\n<div id=\"r-1610285009897\" class=\"gf_row gf_row-gap-10\" data-label=\"Row\" data-key=\"row\" data-icon=\"gpicon-row\" data-id=\"1610285009897\" data-extraclass=\"\" data-row-gap=\"10px\">\n<div id=\"c-1610283655939\" class=\"gf_column gf_col-lg-1 gf_col-xs-1 gf_col-md-1 gf_col-sm-1\" data-id=\"1610283655939\">\n<div id=\"e-1610285009811\" class=\"element-wrap\" data-label=\"Icon\" data-key=\"icon\" data-icon=\"gpicon-icon\" data-ver=\"1.0\" data-id=\"1610285009811\">\n<div class=\"elm gf-elm-center gf-elm-left-md gf-elm-left-sm gf-elm-left-xs gf-elm-left-lg\" data-exc=\"\">\n<div><\/div>\n<div class=\"gf_icon-wrap\">Tienes piel seca, mixta, normal o grasa.<\/div>\n<div><\/div>\n<\/div>\n<\/div>\n<\/div>\n<\/div>\n<\/div>\n<\/div>\n<\/div>\n<\/div>\n<\/div>\n<\/div>\n<p><!--more--><\/p>\n<h3>Como usarlo:<\/h3>\n<div id=\"r-1610648010818\" class=\"gf_row gf_row-gap-10\" data-label=\"Row\" data-key=\"row\" data-icon=\"gpicon-row\" data-id=\"1610648010818\" data-extraclass=\"\" data-row-gap=\"10px\">\n<div id=\"c-1610283661626\" class=\"gf_column gf_col-lg-11 gf_col-xs-11 gf_col-md-11 gf_col-sm-11\" data-id=\"1610283661626\">\n<div id=\"e-1610648010897\" class=\"element-wrap\" data-label=\"Text Block\" data-key=\"text-block\" data-icon=\"gpicon-textblock\" data-ver=\"1\" data-id=\"1610648010897\">\n<div class=\"elm text-edit gf-elm-left gf-elm-left-lg gf-elm-left-md gf-elm-left-sm gf-elm-left-xs\" data-gemlang=\"en\" data-exc=\"\">\n<p>Despu\u00e9s de retirar la leche limpiadora, vierta una peque\u00f1a cantidad de Mousse sobre las manos y active mezclando con agua. Aplique el producto sobre el rostro mediante un en\u00e9rgico masaje.\u00a0<strong>Retire aclarando con agua abundante<\/strong>.<\/p>\n<\/div>\n<\/div>\n<\/div>\n<\/div>\n<div id=\"r-1610648010831\" class=\"gf_row gf_row-gap-10\" data-label=\"Row\" data-key=\"row\" data-icon=\"gpicon-row\" data-id=\"1610648010831\" data-extraclass=\"\" data-row-gap=\"10px\">\n<div id=\"c-1610283655939\" class=\"gf_column gf_col-lg-1 gf_col-xs-1 gf_col-md-1 gf_col-sm-1\" data-id=\"1610283655939\">\n<div id=\"e-1610648010924\" class=\"element-wrap\" data-label=\"Icon\" data-key=\"icon\" data-icon=\"gpicon-icon\" data-ver=\"1.0\" data-id=\"1610648010924\">\n<div class=\"elm gf-elm-center gf-elm-left-md gf-elm-left-sm gf-elm-left-xs gf-elm-left-lg\" data-exc=\"\">\n<div class=\"gf_icon-wrap\">Por su acci\u00f3n exfoliante no es recomendable usarlo a diario.<\/div>\n<div><\/div>\n<\/div>\n<\/div>\n<\/div>\n<\/div>\n<p><!--more--><\/p>\n<div id=\"m-1609149167749\" class=\"module-wrap\" data-label=\"(P) Price\" data-key=\"p-price\" data-icon=\"gpicon-product-price\" data-ver=\"1.3\" data-id=\"1609149167749\" data-status=\"dynamic\">\n<div class=\"module gf_module-left gf_module-left-lg gf_module-left-md gf_module-left-sm gf_module-left-xs \" data-pid=\"5880486461603\" data-round-decimals=\"0\" data-round-to=\"99\">\n<h3 class=\"gf_product-prices\" data-oldformat=\"{{amount_with_comma_separator}} \u20ac\" data-oldcurrency=\"EUR\">Composici\u00f3n:<\/h3>\n<div data-oldformat=\"{{amount_with_comma_separator}} \u20ac\" data-oldcurrency=\"EUR\">\n<div id=\"r-1610648994253\" class=\"gf_row gf_row-gap-10\" data-label=\"Row\" data-key=\"row\" data-icon=\"gpicon-row\" data-id=\"1610648994253\" data-extraclass=\"\" data-row-gap=\"10px\">\n<div id=\"c-1610283661626\" class=\"gf_column gf_col-lg-11 gf_col-xs-11 gf_col-md-11 gf_col-sm-11\" data-id=\"1610283661626\">\n<div id=\"e-1610648994216\" class=\"element-wrap\" data-label=\"Text Block\" data-key=\"text-block\" data-icon=\"gpicon-textblock\" data-ver=\"1\" data-id=\"1610648994216\">\n<div class=\"elm text-edit gf-elm-left gf-elm-left-lg gf-elm-left-md gf-elm-left-sm gf-elm-left-xs\" data-gemlang=\"en\" data-exc=\"\">\n<p><strong>Extracto de naranja amarga\u00a0<\/strong>que activa de la circulaci\u00f3n y tiene acci\u00f3n exfoliante al eliminar las c\u00e9lulas muertas. Es antis\u00e9ptico y ayuda a mejorar la hidrataci\u00f3n.\u00a0<strong>Extracto de papaya<\/strong>\u00a0por su alto aporte de vitamina A.<\/p>\n<p>Al ser baja en sodio, no reseca y ayuda a mantener la hidrataci\u00f3n natural de la piel.<\/p>\n<\/div>\n<\/div>\n<\/div>\n<\/div>\n<div id=\"r-1610648994225\" class=\"gf_row gf_row-gap-10\" data-label=\"Row\" data-key=\"row\" data-icon=\"gpicon-row\" data-id=\"1610648994225\" data-extraclass=\"\" data-row-gap=\"10px\">\n<div id=\"c-1610283655939\" class=\"gf_column gf_col-lg-1 gf_col-xs-1 gf_col-md-1 gf_col-sm-1\" data-id=\"1610283655939\">\n<div id=\"e-1610648994232\" class=\"element-wrap\" data-label=\"Icon\" data-key=\"icon\" data-icon=\"gpicon-icon\" data-ver=\"1.0\" data-id=\"1610648994232\">\n<div class=\"elm gf-elm-center gf-elm-left-lg gf-elm-left-md gf-elm-left-sm gf-elm-left-xs\" data-exc=\"\">\n<div class=\"gf_icon-wrap\">Envase 100% reciclable. Ninguno de nuestros productos es testado en animales.<\/div>\n<\/div>\n<\/div>\n<\/div>\n<\/div>\n<div id=\"r-1610648994236\" class=\"gf_row gf_row-gap-10\" data-label=\"Row\" data-key=\"row\" data-icon=\"gpicon-row\" data-id=\"1610648994236\" data-extraclass=\"\" data-row-gap=\"10px\">\n<div id=\"c-1610283655939\" class=\"gf_column gf_col-lg-1 gf_col-xs-1 gf_col-md-1 gf_col-sm-1\" data-id=\"1610283655939\">\n<div id=\"e-1610648994297\" class=\"element-wrap\" data-label=\"Icon\" data-key=\"icon\" data-icon=\"gpicon-icon\" data-ver=\"1.0\" data-id=\"1610648994297\">\n<div class=\"elm gf-elm-center gf-elm-left-md gf-elm-left-sm gf-elm-left-xs gf-elm-left-lg\" data-exc=\"\">\n<div><\/div>\n<div class=\"gf_icon-wrap\">Libre de parabenos, colorantes, alcoholes irritantes, sulfatos, formaldeidos, nitrosaminas, fenoles y m\u00e1s de 1300 sustancias desaconsejadas por la UE.<\/div>\n<\/div>\n<\/div>\n<\/div>\n<\/div>\n<\/div>\n<\/div>\n<\/div>\n<p><!--more--><\/p>\n<h3>Ingredientes:<\/h3>\n<h6>AQUA, CETEARYL ALCOHOL, SODIUM\u00a0 LAURETH SULFATE, SORBITOL, GLYCERYL STEARATE, BUTYLENE GLYCOL, GLYCERIN, GLYCOL DISTEARATE, CARBOMER, DIAZOLIDINYL UREA, COCAMIDE DEA,POTASIUM SORBATE, SODIUM BENZOATE, PARFUM, BISABOLOL, CITRUS AURANTIUM AMARA (BITTER ORANGE) PEEL EXTRACT, CARICA PAPAYA (PAPAYA) FRUIT EXTRACT, SODIUM HYDROXIDE, LINALOOL, FARNESOL, D-LIMONENE, HYDROXYMRTHYLPENTYLCYCLOHEXENE CARBOXALDEHYDE,ALPHA ISO METHYLIONONE<\/h6>\n","protected":false},"featured_media":258,"comment_status":"open","ping_status":"closed","template":"","meta":[],"product_cat":[24],"product_tag":[],"class_list":["post-225","product","type-product","status-publish","has-post-thumbnail","hentry","product_cat-tienda"],"_links":{"self":[{"href":"https:\/\/pos.idbella.com\/index.php\/wp-json\/wp\/v3\/product\/225","targetHints":{"allow":["GET"]}}],"collection":[{"href":"https:\/\/pos.idbella.com\/index.php\/wp-json\/wp\/v3\/product"}],"about":[{"href":"https:\/\/pos.idbella.com\/index.php\/wp-json\/wp\/v2\/types\/product"}],"replies":[{"embeddable":true,"href":"https:\/\/pos.idbella.com\/index.php\/wp-json\/wp\/v2\/comments?post=225"}],"wp:featuredmedia":[{"embeddable":true,"href":"https:\/\/pos.idbella.com\/index.php\/wp-json\/wp\/v2\/media\/258"}],"wp:attachment":[{"href":"https:\/\/pos.idbella.com\/index.php\/wp-json\/wp\/v2\/media?parent=225"}],"wp:term":[{"taxonomy":"product_cat","embeddable":true,"href":"https:\/\/pos.idbella.com\/index.php\/wp-json\/wp\/v2\/product_cat?post=225"},{"taxonomy":"product_tag","embeddable":true,"href":"https:\/\/pos.idbella.com\/index.php\/wp-json\/wp\/v2\/product_tag?post=225"}],"curies":[{"name":"wp","href":"https:\/\/api.w.org\/{rel}","templated":true}]}}