{"id":226,"date":"2022-11-29T16:43:28","date_gmt":"2022-11-29T16:43:28","guid":{"rendered":"https:\/\/factubella.laesquinacreativa.es\/?post_type=product&#038;p=226"},"modified":"2022-11-29T16:51:37","modified_gmt":"2022-11-29T16:51:37","slug":"leche-limpiadora-150-ml-5floz","status":"publish","type":"product","link":"https:\/\/pos.idbella.com\/index.php\/product\/leche-limpiadora-150-ml-5floz\/","title":{"rendered":"Leche Limpiadora 150 ml ( 5fl,oz )"},"content":{"rendered":"<div id=\"e-1609525104438\" class=\"element-wrap\" data-label=\"Heading\" data-icon=\"gpicon-heading\" data-id=\"1609525104438\" data-vivaldi-spatnav-clickable=\"1\">\n<div class=\"elm text-edit gf-elm-left gf-elm-left-lg gf-elm-left-md gf-elm-left-sm gf-elm-left-xs\" data-exc=\"\">\n<h2>LIMPIEZA COMO PRIMER PASO PARA SALUD Y BELLEZA<\/h2>\n<\/div>\n<\/div>\n<div id=\"e-1610308495154\" class=\"element-wrap\" data-label=\"Text Block\" data-key=\"text-block\" data-icon=\"gpicon-textblock\" data-ver=\"1\" data-id=\"1610308495154\">\n<div class=\"elm text-edit gf-elm-left gf-elm-left-md gf-elm-left-sm gf-elm-left-xs gf-elm-left-lg\" data-gemlang=\"en\" data-exc=\"\">\n<p>El protocolo de dos pasos est\u00e1 inspirado en la tradici\u00f3n japonesa para purificar la piel. El primer paso, la leche, elimina las impurezas que se disuelven en l\u00edpidos. El segundo paso arrastra las c\u00e9lulas muertas y elimina las impurezas solubles en agua.<\/p>\n<p>Una correcta limpieza permite a la piel oxigenarse y calmarse. Libera los poros y elimina las impurezas que dificultan la absorci\u00f3n de los principios activos.<\/p>\n<p>Pure Cleansing Milk elimina eficazmente las impurezas liposolubles como la grasa facial o el maquillaje.<\/p>\n<\/div>\n<\/div>\n","protected":false},"excerpt":{"rendered":"<div id=\"e-1609961992446\" class=\"element-wrap\" data-label=\"Text Block\" data-key=\"text-block\" data-icon=\"gpicon-textblock\" data-ver=\"1\" data-id=\"1609961992446\">\n<div class=\"elm text-edit gf-elm-left gf-elm-left-md gf-elm-left-sm gf-elm-left-xs gf-elm-left-lg\" data-gemlang=\"en\" data-exc=\"\">El primer paso de una limpieza profunda.<\/div>\n<\/div>\n<div id=\"m-1611072980494\" class=\"module-wrap\" data-label=\"Judge.me Reviews\" data-key=\"judge-reviews\" data-icon=\"gpicon-judge_reviews\" data-ver=\"1\" data-id=\"1611072980494\" data-compile=\"false\">\n<div class=\"module gf_module-left-lg gf_module-left-md gf_module-left-sm gf_module-left-xs \" data-color=\"#339999\" data-widget=\"badge\">\n<div class=\"jdgm-widget jdgm-preview-badge jdgm-preview-badge--with-link jdgm--done-setup\" data-id=\"5880433377443\" data-template=\"manual-installation\" data-auto-install=\"false\">\n<div class=\"jdgm-prev-badge\" data-average-rating=\"5.00\" data-number-of-reviews=\"3\" data-number-of-questions=\"0\"><span style=\"color: #ff0000;\"><span class=\"jdgm-prev-badge__stars\" tabindex=\"0\" data-score=\"5.00\" aria-label=\"5.00 stars\">\u00a0<\/span><span class=\"jdgm-prev-badge__text\">18.00\u20ac<\/span><\/span><\/div>\n<\/div>\n<\/div>\n<\/div>\n<div id=\"e-1610282166166\" class=\"element-wrap\" data-label=\"Text Block\" data-key=\"text-block\" data-icon=\"gpicon-textblock\" data-ver=\"1\" data-id=\"1610282166166\">\n<div class=\"elm text-edit gf-elm-left gf-elm-left-md gf-elm-left-sm gf-elm-left-xs gf-elm-left-lg\" data-gemlang=\"en\" data-exc=\"\">\n<p>Higienizar correctamente la piel es esencial para que cualquier tratamiento que se aplique despu\u00e9s alcance su m\u00e1xima eficacia.<\/p>\n<p>Una piel con con impurezas, estresada y con falta de ox\u00edgeno se muestra resistente a cualquier tratamiento. Adem\u00e1s la grasa y restos de maquillaje impiden la correcta absorci\u00f3n de los principios activos.<\/p>\n<p>Pure Cleansing Milk es el primer paso del protocolo de limpieza.\u00a0<strong>Su funci\u00f3n es eliminar las impurezas liposolubles como el maquillaje y la grasa facial.<\/strong><\/p>\n<\/div>\n<\/div>\n<p><!--more--><\/p>\n<h3>Es para ti si&#8230;<\/h3>\n<div id=\"r-1610284036788\" class=\"gf_row gf_row-gap-10\" data-label=\"Row\" data-key=\"row\" data-icon=\"gpicon-row\" data-id=\"1610284036788\" data-extraclass=\"\" data-row-gap=\"10px\">\n<div id=\"c-1610283661626\" class=\"gf_column gf_col-lg-11 gf_col-xs-11 gf_col-md-11 gf_col-sm-11\" data-id=\"1610283661626\">\n<div id=\"e-1610284036840\" class=\"element-wrap\" data-label=\"Text Block\" data-key=\"text-block\" data-icon=\"gpicon-textblock\" data-ver=\"1\" data-id=\"1610284036840\">\n<div class=\"elm text-edit gf-elm-left gf-elm-left-lg gf-elm-left-md gf-elm-left-sm gf-elm-left-xs\" data-gemlang=\"en\" data-exc=\"\">\n<p>Utilizas maquillaje o tienes la piel con tendencia grasa.<\/p>\n<\/div>\n<\/div>\n<\/div>\n<\/div>\n<div id=\"r-1610285009897\" class=\"gf_row gf_row-gap-10\" data-label=\"Row\" data-key=\"row\" data-icon=\"gpicon-row\" data-id=\"1610285009897\" data-extraclass=\"\" data-row-gap=\"10px\">\n<div id=\"c-1610283655939\" class=\"gf_column gf_col-lg-1 gf_col-xs-1 gf_col-md-1 gf_col-sm-1\" data-id=\"1610283655939\">\n<div id=\"e-1610285009811\" class=\"element-wrap\" data-label=\"Icon\" data-key=\"icon\" data-icon=\"gpicon-icon\" data-ver=\"1.0\" data-id=\"1610285009811\">\n<div class=\"elm gf-elm-center gf-elm-left-md gf-elm-left-sm gf-elm-left-xs gf-elm-left-lg\" data-exc=\"\">\n<div class=\"gf_icon-wrap\">Tienes piel seca, mixta o normal. Tambi\u00e9n es apto para pieles sensibles o reactivas.<\/div>\n<div><\/div>\n<\/div>\n<\/div>\n<\/div>\n<\/div>\n<p><!--more--><\/p>\n<h3>Como usarlo:<\/h3>\n<div id=\"r-1610648010818\" class=\"gf_row gf_row-gap-10\" data-label=\"Row\" data-key=\"row\" data-icon=\"gpicon-row\" data-id=\"1610648010818\" data-extraclass=\"\" data-row-gap=\"10px\">\n<div id=\"c-1610283661626\" class=\"gf_column gf_col-lg-11 gf_col-xs-11 gf_col-md-11 gf_col-sm-11\" data-id=\"1610283661626\">\n<div id=\"e-1610648010897\" class=\"element-wrap\" data-label=\"Text Block\" data-key=\"text-block\" data-icon=\"gpicon-textblock\" data-ver=\"1\" data-id=\"1610648010897\">\n<div class=\"elm text-edit gf-elm-left gf-elm-left-lg gf-elm-left-md gf-elm-left-sm gf-elm-left-xs\" data-gemlang=\"en\" data-exc=\"\">\n<p>Aplicar en el rostro mediante un ligero masaje. Es conveniente prestar m\u00e1s atenci\u00f3n a las zonas donde se acumula m\u00e1s suciedad. Retirar con un algod\u00f3n o una toalla h\u00fameda<strong>.<\/strong><\/p>\n<\/div>\n<\/div>\n<\/div>\n<\/div>\n<div id=\"r-1610648010831\" class=\"gf_row gf_row-gap-10\" data-label=\"Row\" data-key=\"row\" data-icon=\"gpicon-row\" data-id=\"1610648010831\" data-extraclass=\"\" data-row-gap=\"10px\">\n<div id=\"c-1610283655939\" class=\"gf_column gf_col-lg-1 gf_col-xs-1 gf_col-md-1 gf_col-sm-1\" data-id=\"1610283655939\">\n<div id=\"e-1610648010924\" class=\"element-wrap\" data-label=\"Icon\" data-key=\"icon\" data-icon=\"gpicon-icon\" data-ver=\"1.0\" data-id=\"1610648010924\">\n<div class=\"elm gf-elm-center gf-elm-left-md gf-elm-left-sm gf-elm-left-xs gf-elm-left-lg\" data-exc=\"\">\n<div class=\"gf_icon-wrap\">Aplicar cuando haya maquillaje o al finalizar el d\u00eda para eliminar la grasa facial.<\/div>\n<\/div>\n<\/div>\n<\/div>\n<\/div>\n<p><!--more--><\/p>\n<div id=\"r-1610648994253\" class=\"gf_row gf_row-gap-10\" data-label=\"Row\" data-key=\"row\" data-icon=\"gpicon-row\" data-id=\"1610648994253\" data-extraclass=\"\" data-row-gap=\"10px\">\n<div id=\"c-1610283661626\" class=\"gf_column gf_col-lg-11 gf_col-xs-11 gf_col-md-11 gf_col-sm-11\" data-id=\"1610283661626\">\n<div id=\"e-1610648994216\" class=\"element-wrap\" data-label=\"Text Block\" data-key=\"text-block\" data-icon=\"gpicon-textblock\" data-ver=\"1\" data-id=\"1610648994216\">\n<div class=\"elm text-edit gf-elm-left gf-elm-left-lg gf-elm-left-md gf-elm-left-sm gf-elm-left-xs\" data-gemlang=\"en\" data-exc=\"\">\n<p><strong>Aceite de almendras<\/strong>\u00a0por su alto contenido en aceites insaturados que aportan una nutrici\u00f3n y efecto calmante ideal para pieles sensibles.\u00a0<strong>Cera de abeja<\/strong>\u00a0por su acci\u00f3n antioxidante e hidratante.\u00a0<strong>A<\/strong><strong>gua de hamamelis, cal\u00e9ndula, manzanilla, malva, tila, menta y aquilea<\/strong>\u00a0para ayudar a calmar la piel y mejorar su textura.<\/p>\n<\/div>\n<\/div>\n<\/div>\n<\/div>\n<div id=\"r-1610648994225\" class=\"gf_row gf_row-gap-10\" data-label=\"Row\" data-key=\"row\" data-icon=\"gpicon-row\" data-id=\"1610648994225\" data-extraclass=\"\" data-row-gap=\"10px\">\n<div id=\"c-1610283655939\" class=\"gf_column gf_col-lg-1 gf_col-xs-1 gf_col-md-1 gf_col-sm-1\" data-id=\"1610283655939\">\n<div id=\"e-1610648994232\" class=\"element-wrap\" data-label=\"Icon\" data-key=\"icon\" data-icon=\"gpicon-icon\" data-ver=\"1.0\" data-id=\"1610648994232\">\n<div class=\"elm gf-elm-center gf-elm-left-lg gf-elm-left-md gf-elm-left-sm gf-elm-left-xs\" data-exc=\"\">\n<div class=\"gf_icon-wrap\">Envase 100% reciclable. Ninguno de nuestros productos es testado en animales.<\/div>\n<\/div>\n<\/div>\n<\/div>\n<\/div>\n<div id=\"r-1610648994236\" class=\"gf_row gf_row-gap-10\" data-label=\"Row\" data-key=\"row\" data-icon=\"gpicon-row\" data-id=\"1610648994236\" data-extraclass=\"\" data-row-gap=\"10px\">\n<div id=\"c-1610283655939\" class=\"gf_column gf_col-lg-1 gf_col-xs-1 gf_col-md-1 gf_col-sm-1\" data-id=\"1610283655939\">\n<div id=\"e-1610648994297\" class=\"element-wrap\" data-label=\"Icon\" data-key=\"icon\" data-icon=\"gpicon-icon\" data-ver=\"1.0\" data-id=\"1610648994297\">\n<div class=\"elm gf-elm-center gf-elm-left-md gf-elm-left-sm gf-elm-left-xs gf-elm-left-lg\" data-exc=\"\">\n<div class=\"gf_icon-wrap\">Libre de parabenos, colorantes, alcoholes irritantes, sulfatos, formaldeh\u00eddos, nitrosaminas, fenoles y m\u00e1s de 1300 sustancias desaconsejadas por la UE.<\/div>\n<\/div>\n<\/div>\n<\/div>\n<\/div>\n<p><!--more--><\/p>\n<h3>Ingredientes:<\/h3>\n<h5>AQUA, CETEARYL ALCOHOL, SODIUM LAURETH SULFATE, SORBITOL, GLYCERYL STEARATE, BUTYLENE GLYCOL, GLYCERIN, GLYCOL DISTEARATE, CARBOMEER, DIAZOLIDINYL UREA, COCAMIDE DEA, POTASISIUM SORBATE, SODIUM BENZOATE, PARFUM, BISABOLOL, CITRUS AURANTIUM AMARA (BITTER ORANGE) PEEL EXTRACT, CARICA PAPAYA (PAPAYA) FRUIT EXTRACT, SODIUM HYDROXIDE, LIMALOOL, FARNESOL, D-LIMONENE, HYDROXYMETHYLPENTYCYCLOHEXENE CARBOXALDEHYDE, ALPHA ISO METHYL IONONE.<\/h5>\n","protected":false},"featured_media":259,"comment_status":"open","ping_status":"closed","template":"","meta":[],"product_cat":[24],"product_tag":[],"class_list":["post-226","product","type-product","status-publish","has-post-thumbnail","hentry","product_cat-tienda"],"_links":{"self":[{"href":"https:\/\/pos.idbella.com\/index.php\/wp-json\/wp\/v3\/product\/226","targetHints":{"allow":["GET"]}}],"collection":[{"href":"https:\/\/pos.idbella.com\/index.php\/wp-json\/wp\/v3\/product"}],"about":[{"href":"https:\/\/pos.idbella.com\/index.php\/wp-json\/wp\/v2\/types\/product"}],"replies":[{"embeddable":true,"href":"https:\/\/pos.idbella.com\/index.php\/wp-json\/wp\/v2\/comments?post=226"}],"wp:featuredmedia":[{"embeddable":true,"href":"https:\/\/pos.idbella.com\/index.php\/wp-json\/wp\/v2\/media\/259"}],"wp:attachment":[{"href":"https:\/\/pos.idbella.com\/index.php\/wp-json\/wp\/v2\/media?parent=226"}],"wp:term":[{"taxonomy":"product_cat","embeddable":true,"href":"https:\/\/pos.idbella.com\/index.php\/wp-json\/wp\/v2\/product_cat?post=226"},{"taxonomy":"product_tag","embeddable":true,"href":"https:\/\/pos.idbella.com\/index.php\/wp-json\/wp\/v2\/product_tag?post=226"}],"curies":[{"name":"wp","href":"https:\/\/api.w.org\/{rel}","templated":true}]}}