{"id":227,"date":"2022-11-29T16:43:28","date_gmt":"2022-11-29T16:43:28","guid":{"rendered":"https:\/\/factubella.laesquinacreativa.es\/?post_type=product&#038;p=227"},"modified":"2023-04-20T10:29:09","modified_gmt":"2023-04-20T10:29:09","slug":"iluminador-contorno-de-ojos-15-ml-0-5fl-oz","status":"publish","type":"product","link":"https:\/\/pos.idbella.com\/index.php\/product\/iluminador-contorno-de-ojos-15-ml-0-5fl-oz\/","title":{"rendered":"Iluminador contorno de ojos 15 ml ( 0.5fl.oz )"},"content":{"rendered":"<div id=\"e-1609525104438\" class=\"element-wrap\" data-label=\"Heading\" data-icon=\"gpicon-heading\" data-id=\"1609525104438\" data-vivaldi-spatnav-clickable=\"1\">\n<div class=\"elm text-edit gf-elm-left gf-elm-left-lg gf-elm-left-md gf-elm-left-sm gf-elm-left-xs\" data-exc=\"\">\n<h2><span style=\"font-family: inherit;\"><b>UNA MIRADA QUE HABLA POR TI<\/b><\/span><\/h2>\n<\/div>\n<\/div>\n<div id=\"e-1610308495154\" class=\"element-wrap\" data-label=\"Text Block\" data-key=\"text-block\" data-icon=\"gpicon-textblock\" data-ver=\"1\" data-id=\"1610308495154\">\n<div class=\"elm text-edit gf-elm-left gf-elm-left-md gf-elm-left-sm gf-elm-left-xs gf-elm-left-lg\" data-gemlang=\"en\" data-exc=\"\">\n<p>La cosm\u00e9tica actual usa el \u00e1cido hialur\u00f3nico como hidratante o relleno. Ha sido necesario aplicar la ciencia m\u00e1s innovadora para desatar todo su potencial regenerador.<\/p>\n<p>Hemos creado una biotecnolog\u00eda capaz de llevar el \u00e1cido hialur\u00f3nico hasta el interior de la piel en su forma activa. As\u00ed la piel genera nuevo tejido d\u00e9rmico y\u00a0<strong>aumenta la actividad celular, aut\u00e9ntica clave de la juventud de la piel.<\/strong><\/p>\n<p>De esta forma se reducen las arrugas de expresi\u00f3n, aumenta la firmeza del p\u00e1rpado y la hidrataci\u00f3n, se reducen bolsas y ojeras y tu mirada adquiere salud y vitalidad.<\/p>\n<\/div>\n<\/div>\n","protected":false},"excerpt":{"rendered":"<div id=\"e-1609961992446\" class=\"element-wrap\" data-label=\"Text Block\" data-key=\"text-block\" data-icon=\"gpicon-textblock\" data-ver=\"1\" data-id=\"1609961992446\">\n<div class=\"elm text-edit gf-elm-left gf-elm-left-md gf-elm-left-sm gf-elm-left-xs gf-elm-left-lg\" data-gemlang=\"en\" data-exc=\"\">\n<p>\u00a1Nada realza tanto la mirada!<\/p>\n<\/div>\n<\/div>\n<div id=\"e-1610282166166\" class=\"element-wrap\" data-label=\"Text Block\" data-key=\"text-block\" data-icon=\"gpicon-textblock\" data-ver=\"1\" data-id=\"1610282166166\">\n<div class=\"elm text-edit gf-elm-left gf-elm-left-lg gf-elm-left-md gf-elm-left-sm gf-elm-left-xs\" data-gemlang=\"en\" data-exc=\"\">Ojeras, falta de firmeza y arrugas de expresi\u00f3n en el contorno del ojo, nos hacen parecer mayores. Nada realza tanto la mirada como tener el contorno de los ojos firme, luminoso y liso. Y la ciencia es la mejor aliada para conseguirlo.<br \/>\n<strong>Qu\u00e9 vas a notar.<\/strong>Nuestra ciencia patentada Active-Hyaluronan proviene de la investigaci\u00f3n biom\u00e9dica. No de la cosm\u00e9tica. Por eso da resultados que no se han visto hasta ahora.Lo que ver\u00e1s son menos\u00a0arrugas de expresi\u00f3n (25%), hidrataci\u00f3n profunda y duradera, un p\u00e1rpado m\u00e1s firme (50%) y reducci\u00f3n de las ojeras, adem\u00e1s de un efecto flash de luminosidad.En definitiva una mirada luminosa, revitalizada, descansada y de aspecto m\u00e1s joven en menos de 28 d\u00edas.<strong>C\u00f3mo es usarlo.<\/strong><\/p>\n<p>Su textura es cremosa, suave y de r\u00e1pida absorci\u00f3n. Sensaci\u00f3n hidratante, no-grasa y sin brillos.<\/p>\n<p><strong>Es para ti si&#8230;<\/strong><\/p>\n<p>Observas signos de la edad o el cansancio en el contorno del ojo como arrugas de expresi\u00f3n, flacidez en el p\u00e1rpado, ojeras o falta de luminosidad.<\/p>\n<p>Las cremas faciales te pican cuando te las aplicas cerca del ojo.<\/p>\n<p>Tienes la piel seca, normal o grasa. Tambi\u00e9n si es reactiva o sensible.<\/p>\n<\/div>\n<\/div>\n<p><!--more--><\/p>\n<h3>Ingredientes:<\/h3>\n<p>AQUA, C12-20 ACID PEG-8 ESTER, GLYCERYL, STEARATE, GOLD THIOETHYLAMINO HYALURONIC ACID (NANO), NYLON-12 FLUORESCENT BRIGHTENER 230 SALTP, HYDROGENATED POLYDECENE, PEG-8 STEARATE, PROPANEDIOL, CAPRYLIC\/CAPRIC TRIGLYCERIDE, CETEARYL ETHYLHEXANOATE, PATHENOL, PALMITIC ACID, STEARIC ACID, BUTYLENE GLYCOL, DIAZOLIDINYL UREA, TRIETHANOLAMINE, POLYVINYLALCOHOL CROSS POLYMER, POTASIUMSORBATE, SODIUM BENZOATE, BISABOLOL, PARFUM, ISOPROPYL MYRISTATE, FARNESOL, CITRONELLOL, GERANIOL, ACETYL TETRAPEPTIDE-5<\/p>\n<p>&nbsp;<\/p>\n<p>&nbsp;<\/p>\n","protected":false},"featured_media":260,"comment_status":"open","ping_status":"closed","template":"","meta":[],"product_cat":[24],"product_tag":[],"class_list":["post-227","product","type-product","status-publish","has-post-thumbnail","hentry","product_cat-tienda"],"_links":{"self":[{"href":"https:\/\/pos.idbella.com\/index.php\/wp-json\/wp\/v3\/product\/227","targetHints":{"allow":["GET"]}}],"collection":[{"href":"https:\/\/pos.idbella.com\/index.php\/wp-json\/wp\/v3\/product"}],"about":[{"href":"https:\/\/pos.idbella.com\/index.php\/wp-json\/wp\/v2\/types\/product"}],"replies":[{"embeddable":true,"href":"https:\/\/pos.idbella.com\/index.php\/wp-json\/wp\/v2\/comments?post=227"}],"wp:featuredmedia":[{"embeddable":true,"href":"https:\/\/pos.idbella.com\/index.php\/wp-json\/wp\/v2\/media\/260"}],"wp:attachment":[{"href":"https:\/\/pos.idbella.com\/index.php\/wp-json\/wp\/v2\/media?parent=227"}],"wp:term":[{"taxonomy":"product_cat","embeddable":true,"href":"https:\/\/pos.idbella.com\/index.php\/wp-json\/wp\/v2\/product_cat?post=227"},{"taxonomy":"product_tag","embeddable":true,"href":"https:\/\/pos.idbella.com\/index.php\/wp-json\/wp\/v2\/product_tag?post=227"}],"curies":[{"name":"wp","href":"https:\/\/api.w.org\/{rel}","templated":true}]}}