{"id":228,"date":"2022-11-29T16:43:28","date_gmt":"2022-11-29T16:43:28","guid":{"rendered":"https:\/\/factubella.laesquinacreativa.es\/?post_type=product&#038;p=228"},"modified":"2023-04-18T11:19:21","modified_gmt":"2023-04-18T11:19:21","slug":"crema-reafirmante-y-moldeadora-200-ml-6-6-fl-oz","status":"publish","type":"product","link":"https:\/\/pos.idbella.com\/index.php\/product\/crema-reafirmante-y-moldeadora-200-ml-6-6-fl-oz\/","title":{"rendered":"Crema reafirmante y moldeadora 200 ml ( 6.6 fl.oz )"},"content":{"rendered":"<div id=\"e-1609525104438\" class=\"element-wrap\" data-label=\"Heading\" data-icon=\"gpicon-heading\" data-id=\"1609525104438\" data-vivaldi-spatnav-clickable=\"1\">\n<div class=\"elm text-edit gf-elm-left gf-elm-left-lg gf-elm-left-md gf-elm-left-sm gf-elm-left-xs\" data-exc=\"\">\n<h1><span style=\"font-family: inherit;\"><b>MODELA TU FIGURA PARA TU D\u00cdA A D\u00cdA<\/b><\/span><\/h1>\n<\/div>\n<\/div>\n<div id=\"e-1610308495154\" class=\"element-wrap\" data-label=\"Text Block\" data-key=\"text-block\" data-icon=\"gpicon-textblock\" data-ver=\"1\" data-id=\"1610308495154\">\n<div class=\"elm text-edit gf-elm-left gf-elm-left-md gf-elm-left-sm gf-elm-left-xs gf-elm-left-lg\" data-gemlang=\"en\" data-exc=\"\">\n<p>Ayudarte a modelar la figura para que te veas mejor y mejore la salud de tu piel. Ese es nuestro objetivo con la crema Firming.<\/p>\n<p>La esponja Dysidea Etheria habita en la isla subtropical de las Bermudas y produce el p\u00e9ptido BC-SP, capaz de activar en nuestro organismo la misma respuesta que activa el ejercicio f\u00edsico y de inhibir la captaci\u00f3n de \u00e1cidos grasos.<\/p>\n<p>BC-SP unido a nuestra mol\u00e9cula patentada Active-Hyaluronan producen un efecto reafirmante y reductor que va a superar la prueba de la cinta m\u00e9trica y la de tu ropa..<\/p>\n<\/div>\n<\/div>\n","protected":false},"excerpt":{"rendered":"<div id=\"e-1609961992446\" class=\"element-wrap\" data-label=\"Text Block\" data-key=\"text-block\" data-icon=\"gpicon-textblock\" data-ver=\"1\" data-id=\"1609961992446\">\n<div class=\"elm text-edit gf-elm-left gf-elm-left-md gf-elm-left-sm gf-elm-left-xs gf-elm-left-lg\" data-gemlang=\"en\" data-exc=\"\">\n<p>Adi\u00f3s al \u00faltimo cm para que la ropa te quede como t\u00fa quieres.<\/p>\n<\/div>\n<\/div>\n<div id=\"e-1610282166166\" class=\"element-wrap\" data-label=\"Text Block\" data-key=\"text-block\" data-icon=\"gpicon-textblock\" data-ver=\"1\" data-id=\"1610282166166\">\n<div class=\"elm text-edit gf-elm-left gf-elm-left-md gf-elm-left-sm gf-elm-left-xs gf-elm-left-lg\" data-gemlang=\"en\" data-exc=\"\">\n<p>Hay grasa localizada que no se elimina ni con ejercicio ni con dieta. Y se va acumulando con el paso del tiempo en zonas como brazos, vientre y muslos.<\/p>\n<p>Para ayudarte a combatirla aplicamos nuestra experiencia en ciencia biom\u00e9dica.<\/p>\n<p>Firming&amp;Body Shaping Cream te ayuda a eliminar ese \u00faltimo cent\u00edmetro que tanto cuesta y que tanto ayuda a que tu ropa te quede como a ti te gusta.<\/p>\n<p><strong>Qu\u00e9 vas a notar.<\/strong><\/p>\n<p>Los p\u00e9ptidos extra\u00eddos de la esponja marina Dysidea Etheria son la biotecnolog\u00eda l\u00edder en reducci\u00f3n de grasa localizada.<\/p>\n<p>La alta concentraci\u00f3n de dichos p\u00e9ptidos en Firming &amp; Body Shaping Cream\u00a0reduce hasta 2 cm el contorno en muslos, 3 cm de vientre, 1.3 cm en brazos y un 19.6% el pliegue del abdomen.\u00a0<u>Y con ejercicio los efectos se multiplican<\/u>.<\/p>\n<p>Nuestra tecnolog\u00eda Active-Hyaluronan aumenta la firmeza en m\u00e1s de un 52% en el interior de la piel, un nivel inalcanzable para la cosm\u00e9tica convencional.<\/p>\n<p><strong>C\u00f3mo es usarla.<\/strong><\/p>\n<p>La combinaci\u00f3n de manteca de Karit\u00e9 y Aloe Vera dan una textura suave, ligera, nutritiva y no-grasa. Se absorbe muy r\u00e1pidamente y deja la piel nutrida y suave. No hay que esperar para vestirse.<\/p>\n<p><u>Pon a prueba su eficacia.<\/u>\u00a0Mide el contorno de la zona a tratar antes de empezar a usarla y despu\u00e9s de 50 d\u00edas. Tu ropa tambi\u00e9n te lo dir\u00e1.<\/p>\n<p><b>Es para ti si&#8230;<\/b><\/p>\n<p>Observas grasa localizada en muslos, abdomen o brazos que no se elimina con dieta o ejercicio. Quieres potenciar el trabajo de gimnasio enfocado a modelar tu figura. Notas falta de firmeza en vientre, brazos o piernas y la piel seca.<\/p>\n<p>Es apta para todo tipo de piel, incluso reactivas y sensibles.<\/p>\n<p>Todos nuestros productos son seguros para usar durante el embarazo. Sin embargo recomendamos reducir el uso de cosm\u00e9ticos al m\u00ednimo y no empezar con productos nuevos.<\/p>\n<p>&nbsp;<\/p>\n<\/div>\n<\/div>\n<p><!--more--><\/p>\n<h3>Composici\u00f3n y forma de uso<\/h3>\n<h3>Composici\u00f3n:<\/h3>\n<p>La crema act\u00faa por una doble v\u00eda: reducir y reafirmar. El primer objetivo es activado por la esponja marina Dysidea Etheria. El segundo por nuestra mol\u00e9cula Active Hyaluronan fruto de nuestra experiencia en investigaci\u00f3n m\u00e9dica. Pero lleva mucho m\u00e1s.<\/p>\n<p>&#8211;\u00a0<strong>Active Hyaluronan (Gold Thioethylamino Hyaluronic Acid)<\/strong>: la ciencia m\u00e9dica m\u00e1s avanzada hace posible un ingrediente revolucionario para regenerar el interior de la piel.<\/p>\n<p>&#8211;\u00a0<strong>BC-SP peptide\u00a0<\/strong>(bacillus\/soybean ferment extract): P\u00e9ptido para inhibir la captaci\u00f3n de \u00e1cidos grasos y as\u00ed reducir la grasa localizada.<\/p>\n<p>&#8211;\u00a0<strong>Aloe vera<\/strong>: Repara, hidrata, protege y nutre la piel.<\/p>\n<p>&#8211;\u00a0<strong>Aceite de avellana<\/strong>: Suaviza, nutre y repara.<\/p>\n<p>&#8211;\u00a0<strong>Aceite de jojoba<\/strong>: Acci\u00f3n reparadora y regeneradora.<\/p>\n<p>&#8211;\u00a0<strong>Aceite de soja<\/strong>: Alto contenido en vitaminas A, B6, B12 y K. Rico en minerales.<\/p>\n<p>&#8211;\u00a0<strong>Manteca de Karit\u00e9<\/strong>: Hidrataci\u00f3n profunda.<\/p>\n<p>Lo que no lleva es casi tan importante como lo que lleva.<\/p>\n<p>&#8211;\u00a0<strong>No a perfumes con alergenos<\/strong>. En nuestros ingredientes no ver\u00e1s t\u00e9rminos como &#8220;Linalol, Geraniol, Limonene,&#8230;&#8221;. Son alergenos procedentes de los extractos naturales que se usan para hacer perfumes. As\u00ed protegemos tu piel de reacciones al\u00e9rgicas.<\/p>\n<p>&#8211;\u00a0<strong>No<\/strong>\u00a0a colorantes, alcoholes irritantes, sulfatos, formaldeidos, fenoles ni cualquier sustancia perjudicial para tu piel.<\/p>\n<p><strong>Ingredientes<\/strong>:<\/p>\n<p>Aqua, caprylic \/capric triglyceride, gold thioethylamino hyaluronic acid, aloe barbadensis leaf juice, cetearyl alcohol,\u00a0 glycerin, butyrospermum parkii butter, methylsilanol mannuronate, corylus avellana seed oil, dimethicone, bacillus\/soybean ferment extract, simmondsia chinensis seed oil, glycine soja oil, cetearyl glucoside, glyceryl stearate, diazolidinyl urea, parfum, potassium sorbate, sodium benzoate, acrylates\/c10-30 alkyl acrylate crosspolymer, xanthan gum, disodium edta, tocopherol, sterols, phenoxyethanol, squalene, sorbic acid.<\/p>\n<p><strong>Cuidamos del planeta<\/strong>.<\/p>\n<p>Concentramos nuestras innovaciones en el m\u00ednimo de productos para que tengas lo m\u00e1ximo con lo m\u00ednimo. Mejor para ti porque inviertes menos y tienes una rutina m\u00e1s c\u00f3moda. Mejor para el planeta porque no hay producto m\u00e1s insostenible que el que no es necesario.<br \/>\nTodos nuestros envases son de vidrio 100% reciclable. Nuestro packaging est\u00e1 hecho con papel 100% reciclado y 100% reciclable (no lo plastificamos).<!--more--><\/p>\n<div id=\"r-1629804703787\" class=\"gf_row gf_row-gap-10\" data-label=\"Row\" data-key=\"row\" data-icon=\"gpicon-row\" data-id=\"1629804703787\" data-extraclass=\"\" data-row-gap=\"10px\">\n<div id=\"c-1610283661626\" class=\"gf_column gf_col-lg-11 gf_col-xs-11 gf_col-md-11 gf_col-sm-11\" data-id=\"1610283661626\">\n<div id=\"e-1629804703801\" class=\"element-wrap\" data-label=\"Text Block\" data-key=\"text-block\" data-icon=\"gpicon-textblock\" data-ver=\"1\" data-id=\"1629804703801\">\n<div class=\"elm text-edit gf-elm-left gf-elm-left-lg gf-elm-left-md gf-elm-left-sm gf-elm-left-xs\" data-gemlang=\"en\" data-exc=\"\">\n<h3>Como usarlo:<\/h3>\n<p>Sin limpieza no hay belleza.\u00a0Higieniza correctamente la zona a tratar antes de aplicar la crema. Despu\u00e9s de la ducha perfecto.<\/p>\n<\/div>\n<\/div>\n<\/div>\n<\/div>\n<div id=\"r-1629804703897\" class=\"gf_row gf_row-gap-10\" data-label=\"Row\" data-key=\"row\" data-icon=\"gpicon-row\" data-id=\"1629804703897\" data-extraclass=\"\" data-row-gap=\"10px\">\n<div id=\"c-1610283655939\" class=\"gf_column gf_col-lg-1 gf_col-xs-1 gf_col-md-1 gf_col-sm-1\" data-id=\"1610283655939\">\n<div id=\"e-1629804703799\" class=\"element-wrap\" data-label=\"Icon\" data-key=\"icon\" data-icon=\"gpicon-icon\" data-ver=\"1.0\" data-id=\"1629804703799\">\n<div class=\"elm gf-elm-center gf-elm-left-md gf-elm-left-sm gf-elm-left-xs gf-elm-left-lg\" data-exc=\"\">\n<div class=\"gf_icon-wrap\">Aplica la crema mediante un en\u00e9rgico pero confortable masaje hasta su absorci\u00f3n.<\/div>\n<\/div>\n<\/div>\n<\/div>\n<\/div>\n<div id=\"r-1629804703806\" class=\"gf_row gf_row-gap-10\" data-label=\"Row\" data-key=\"row\" data-icon=\"gpicon-row\" data-id=\"1629804703806\" data-extraclass=\"\" data-row-gap=\"10px\">\n<div id=\"c-1610283655939\" class=\"gf_column gf_col-lg-1 gf_col-xs-1 gf_col-md-1 gf_col-sm-1\" data-id=\"1610283655939\">\n<div id=\"e-1629804703800\" class=\"element-wrap\" data-label=\"Icon\" data-key=\"icon\" data-icon=\"gpicon-icon\" data-ver=\"1.0\" data-id=\"1629804703800\">\n<div class=\"elm gf-elm-center gf-elm-left-md gf-elm-left-sm gf-elm-left-xs gf-elm-left-lg\" data-exc=\"\">\n<div class=\"gf_icon-wrap\"><strong>La constancia es fundamental. <\/strong>Aplica la crema dos veces al d\u00eda. S\u00e9 constante. Empezar\u00e1s a ver efectos en hidrataci\u00f3n y luminosidad a los pocos d\u00edas. En un mes y medio ya ver\u00e1s cambios evidentes en el contorno de brazos, piernas y abdomen. Combinar la crema con ejercicio multiplica su efecto.<\/div>\n<\/div>\n<\/div>\n<\/div>\n<\/div>\n<div id=\"r-1629804703852\" class=\"gf_row gf_row-gap-10\" data-label=\"Row\" data-key=\"row\" data-icon=\"gpicon-row\" data-id=\"1629804703852\" data-extraclass=\"\" data-row-gap=\"10px\">\n<div id=\"c-1610283655939\" class=\"gf_column gf_col-lg-1 gf_col-xs-1 gf_col-md-1 gf_col-sm-1\" data-id=\"1610283655939\">\n<div id=\"e-1629804703867\" class=\"element-wrap\" data-label=\"Icon\" data-key=\"icon\" data-icon=\"gpicon-icon\" data-ver=\"1.0\" data-id=\"1629804703867\">\n<div class=\"elm gf-elm-center gf-elm-left-md gf-elm-left-sm gf-elm-left-xs gf-elm-left-lg\" data-exc=\"\">\n<div class=\"gf_icon-wrap\"><strong>No lleva protector solar. <\/strong>Debes tenerlo en cuenta en d\u00edas de alta exposici\u00f3n.<\/div>\n<\/div>\n<\/div>\n<\/div>\n<\/div>\n","protected":false},"featured_media":262,"comment_status":"open","ping_status":"closed","template":"","meta":[],"product_cat":[24],"product_tag":[],"class_list":["post-228","product","type-product","status-publish","has-post-thumbnail","hentry","product_cat-tienda"],"_links":{"self":[{"href":"https:\/\/pos.idbella.com\/index.php\/wp-json\/wp\/v3\/product\/228","targetHints":{"allow":["GET"]}}],"collection":[{"href":"https:\/\/pos.idbella.com\/index.php\/wp-json\/wp\/v3\/product"}],"about":[{"href":"https:\/\/pos.idbella.com\/index.php\/wp-json\/wp\/v2\/types\/product"}],"replies":[{"embeddable":true,"href":"https:\/\/pos.idbella.com\/index.php\/wp-json\/wp\/v2\/comments?post=228"}],"wp:featuredmedia":[{"embeddable":true,"href":"https:\/\/pos.idbella.com\/index.php\/wp-json\/wp\/v2\/media\/262"}],"wp:attachment":[{"href":"https:\/\/pos.idbella.com\/index.php\/wp-json\/wp\/v2\/media?parent=228"}],"wp:term":[{"taxonomy":"product_cat","embeddable":true,"href":"https:\/\/pos.idbella.com\/index.php\/wp-json\/wp\/v2\/product_cat?post=228"},{"taxonomy":"product_tag","embeddable":true,"href":"https:\/\/pos.idbella.com\/index.php\/wp-json\/wp\/v2\/product_tag?post=228"}],"curies":[{"name":"wp","href":"https:\/\/api.w.org\/{rel}","templated":true}]}}