{"id":229,"date":"2022-11-29T16:43:28","date_gmt":"2022-11-29T16:43:28","guid":{"rendered":"https:\/\/factubella.laesquinacreativa.es\/?post_type=product&#038;p=229"},"modified":"2022-12-19T19:11:14","modified_gmt":"2022-12-19T19:11:14","slug":"bioactivo-cuello-y-escote-60-ml-2fl-oz","status":"publish","type":"product","link":"https:\/\/pos.idbella.com\/index.php\/product\/bioactivo-cuello-y-escote-60-ml-2fl-oz\/","title":{"rendered":"Bioactivo cuello y escote 60 ml ( 2fl.oz )"},"content":{"rendered":"<div id=\"c-1505555391421\" class=\"gf_column gf_col-md-8 gf_col-sm-12\" data-id=\"1505555391421\">\n<div id=\"e-1631023449236\" class=\"element-wrap\" data-label=\"Text Block\" data-key=\"text-block\" data-icon=\"gpicon-textblock\" data-ver=\"1\" data-id=\"1631023449236\">\n<div class=\"elm text-edit gf-elm-left gf-elm-center-lg gf-elm-center-md gf-elm-center-sm gf-elm-center-xs\" data-gemlang=\"en\" data-exc=\"\">\n<p>Foto hecha por usuaria. 48 a\u00f1os. 1 a\u00f1o usando Bioactive Cuello y Escote<\/p>\n<\/div>\n<\/div>\n<\/div>\n<div id=\"c-1505555391372\" class=\"gf_column gf_col-md-4 gf_col-sm-12\" data-id=\"1505555391372\">\n<div id=\"e-1609525104438\" class=\"element-wrap\" data-label=\"Heading\" data-icon=\"gpicon-heading\" data-id=\"1609525104438\" data-vivaldi-spatnav-clickable=\"1\">\n<div class=\"elm text-edit gf-elm-left gf-elm-left-lg gf-elm-left-md gf-elm-left-sm gf-elm-left-xs\" data-exc=\"\">\n<h1>CUELLO FIRME Y ESBELTO<\/h1>\n<\/div>\n<\/div>\n<div id=\"e-1610308495154\" class=\"element-wrap\" data-label=\"Text Block\" data-key=\"text-block\" data-icon=\"gpicon-textblock\" data-ver=\"1\" data-id=\"1610308495154\">\n<div class=\"elm text-edit gf-elm-left gf-elm-left-md gf-elm-left-sm gf-elm-left-xs gf-elm-left-lg\" data-gemlang=\"en\" data-exc=\"\">\n<p>Bioactivo Cuello y escote es el primer tratamiento que reafirma la piel y reduce la grasa localizada en cuello y escote.<\/p>\n<p>El resultado es un cuello firme y a la vez esbelto que junto a tu look favorito te ayudar\u00e1 a disfrutar de tu mejor d\u00eda.<\/p>\n<p>Confiamos en la ciencia como el mejor camino para conseguirlo. Hemos creado una biotecnolog\u00eda capaz de liberar todo el potencial regenerador del \u00e1cido hialur\u00f3nico que hasta ahora solo se hab\u00eda usado como hidratante o relleno.<\/p>\n<p>Si te preguntas cual es el resultado, te lo mostramos en la secci\u00f3n del estudio cl\u00ednico.<\/p>\n<\/div>\n<\/div>\n<\/div>\n<p><!--more--><\/p>\n<div id=\"e-1610105863681\" class=\"element-wrap\" data-label=\"Heading\" data-icon=\"gpicon-heading\" data-id=\"1610105863681\" data-vivaldi-spatnav-clickable=\"1\">\n<div class=\"elm text-edit gf-elm-left gf-elm-left-lg gf-elm-left-md gf-elm-left-sm gf-elm-left-xs\" data-exc=\"\">\n<h1><span style=\"color: #1c1c25; font-family: inherit;\"><b>ESTUDIO CL\u00cdNICO<\/b><\/span><\/h1>\n<\/div>\n<\/div>\n<div id=\"e-1610697740042\" class=\"element-wrap\" data-label=\"Text Block\" data-key=\"text-block\" data-icon=\"gpicon-textblock\" data-ver=\"1\" data-id=\"1610697740042\">\n<div class=\"elm text-edit gf-elm-left gf-elm-left-md gf-elm-left-sm gf-elm-left-xs gf-elm-left-lg\" data-gemlang=\"en\" data-exc=\"\">\n<p>La imagen fue tomada por ecograf\u00eda a una voluntaria y es la prueba de que la Crema regenera el interior de la piel. El espacio en verde debajo de la franja superior es la dermis y el color verde muestra la presencia de nuevo tejido.\u00a0Te presentamos los resultados del estudio y la firma del m\u00e9dico y hospital que los ha realizado.<\/p>\n<p>Hospital: Instituto de Fotomedicina &#8211; Teknon.<\/p>\n<p>Doctores: Dr. Joan Ram\u00f3n Garc\u00e9s y Gabriel Buend\u00eda.<\/p>\n<p>Panel: 23 voluntarias entre 35 y 50 a\u00f1os.<\/p>\n<p>Duraci\u00f3n: 28 d\u00edas.<\/p>\n<p>Resultados:<\/p>\n<p>&#8211; Eficaz en el 100% de las voluntarias.<\/p>\n<p>&#8211; Arrugas: Hasta 54% de reducci\u00f3n.<\/p>\n<p>&#8211; Densidad de la piel: 51% de aumento.<\/p>\n<p>&#8211; Hidrataci\u00f3n: Hasta 45% de aumento.<\/p>\n<p>&#8211; Efecto antioxidante: 18% de aumento.<img loading=\"lazy\" decoding=\"async\" class=\"wp-image-2240 alignright\" src=\"https:\/\/idbella.com\/wp-content\/uploads\/2021\/11\/dia-28-cuello-300x200.jpg\" alt=\"\" width=\"284\" height=\"189\" \/><\/p>\n<\/div>\n<\/div>\n","protected":false},"excerpt":{"rendered":"<div id=\"e-1609961992446\" class=\"element-wrap\" data-label=\"Text Block\" data-key=\"text-block\" data-icon=\"gpicon-textblock\" data-ver=\"1\" data-id=\"1609961992446\">\n<div class=\"elm text-edit gf-elm-left gf-elm-left-md gf-elm-left-sm gf-elm-left-xs gf-elm-left-lg\" data-gemlang=\"en\" data-exc=\"\">Cuello y escote que no pasan desapercibidos<\/div>\n<\/div>\n<div id=\"m-1611072929344\" class=\"module-wrap\" data-label=\"Judge.me Reviews\" data-key=\"judge-reviews\" data-icon=\"gpicon-judge_reviews\" data-ver=\"1\" data-id=\"1611072929344\" data-compile=\"false\">\n<div class=\"module gf_module-left-lg gf_module-left-md gf_module-left-sm gf_module-left-xs \" data-color=\"#339999\" data-widget=\"badge\">\n<div class=\"jdgm-widget jdgm-preview-badge jdgm-preview-badge--with-link jdgm--done-setup\" data-id=\"5876436402339\" data-template=\"manual-installation\" data-auto-install=\"false\">\n<div data-average-rating=\"4.40\" data-number-of-reviews=\"10\" data-number-of-questions=\"1\"><\/div>\n<div class=\"jdgm-prev-badge\" data-average-rating=\"4.40\" data-number-of-reviews=\"10\" data-number-of-questions=\"1\">Cuando la piel en la zona del ment\u00f3n pierde firmeza, acumula grasa. Y aparece la papada.<\/div>\n<\/div>\n<\/div>\n<\/div>\n<div id=\"e-1610282166166\" class=\"element-wrap\" data-label=\"Text Block\" data-key=\"text-block\" data-icon=\"gpicon-textblock\" data-ver=\"1\" data-id=\"1610282166166\">\n<div class=\"elm text-edit gf-elm-left gf-elm-left-md gf-elm-left-sm gf-elm-left-xs gf-elm-left-lg\" data-gemlang=\"en\" data-exc=\"\">\n<p>Por eso hemos creado para tu cuello y escote una Crema con la misma ciencia reafirmante que usamos en las faciales y a\u00f1adiendo ingredientes biotecnol\u00f3gicos marinos para reducir la grasa localizada.<\/p>\n<p>Es la primera Crema de cuello con este dise\u00f1o.<\/p>\n<p>Nuestro ingrediente exclusivo Active Hyaluronan nacido de la investigaci\u00f3n biom\u00e9dica activa un efecto rejuvenecedor global que reduce la arrugas (30%), aumenta la firmeza (50%), previene las manchas e hidrata en profundidad.<\/p>\n<p>Los p\u00e9ptidos extra\u00eddos de la esponja marina Dysidea Etheria son la biotecnolog\u00eda l\u00edder en reducci\u00f3n de grasa localizada y la incorporamos para reducir la grasa acumulada en la papada.<\/p>\n<p>El resultado: cuello y escote firmes, rejuvenecidos y esbeltos.<\/p>\n<p><strong>C\u00f3mo es usarla.<\/strong><\/p>\n<p>Su textura es nutritiva y no-grasa. Se absorbe muy r\u00e1pidamente y deja una sensaci\u00f3n de nutrici\u00f3n y flexibilidad en las capas externas de la piel pero sin brillos.<\/p>\n<\/div>\n<\/div>\n<p><!--more--><\/p>\n<h3>Es para ti si&#8230;<\/h3>\n<div id=\"r-1610284036788\" class=\"gf_row gf_row-gap-10\" data-label=\"Row\" data-key=\"row\" data-icon=\"gpicon-row\" data-id=\"1610284036788\" data-extraclass=\"\" data-row-gap=\"10px\">\n<div id=\"c-1610283661626\" class=\"gf_column gf_col-lg-11 gf_col-xs-11 gf_col-md-11 gf_col-sm-11\" data-id=\"1610283661626\">\n<div id=\"e-1610284036840\" class=\"element-wrap\" data-label=\"Text Block\" data-key=\"text-block\" data-icon=\"gpicon-textblock\" data-ver=\"1\" data-id=\"1610284036840\">\n<div class=\"elm text-edit gf-elm-left gf-elm-left-lg gf-elm-left-md gf-elm-left-sm gf-elm-left-xs\" data-gemlang=\"en\" data-exc=\"\">\n<p>Observas signos de la edad persistentes en cuello y escote como arrugas, flacidez, sequedad o falta de definici\u00f3n en la forma del cuello.<\/p>\n<\/div>\n<\/div>\n<\/div>\n<\/div>\n<div id=\"r-1610284036802\" class=\"gf_row gf_row-gap-10\" data-label=\"Row\" data-key=\"row\" data-icon=\"gpicon-row\" data-id=\"1610284036802\" data-extraclass=\"\" data-row-gap=\"10px\">\n<div id=\"c-1610283655939\" class=\"gf_column gf_col-lg-1 gf_col-xs-1 gf_col-md-1 gf_col-sm-1\" data-id=\"1610283655939\">\n<div id=\"e-1610284036767\" class=\"element-wrap\" data-label=\"Icon\" data-key=\"icon\" data-icon=\"gpicon-icon\" data-ver=\"1.0\" data-id=\"1610284036767\">\n<div class=\"elm gf-elm-center gf-elm-left-md gf-elm-left-sm gf-elm-left-xs gf-elm-left-lg\" data-exc=\"\">\n<div class=\"gf_icon-wrap\">Quieres prevenir y retrasar la aparici\u00f3n de los signos de la edad en el cuello y escote.<\/div>\n<\/div>\n<\/div>\n<\/div>\n<\/div>\n<div id=\"r-1610285009897\" class=\"gf_row gf_row-gap-10\" data-label=\"Row\" data-key=\"row\" data-icon=\"gpicon-row\" data-id=\"1610285009897\" data-extraclass=\"\" data-row-gap=\"10px\">\n<div id=\"c-1610283655939\" class=\"gf_column gf_col-lg-1 gf_col-xs-1 gf_col-md-1 gf_col-sm-1\" data-id=\"1610283655939\">\n<div id=\"e-1610285009811\" class=\"element-wrap\" data-label=\"Icon\" data-key=\"icon\" data-icon=\"gpicon-icon\" data-ver=\"1.0\" data-id=\"1610285009811\">\n<div class=\"elm gf-elm-center gf-elm-left-md gf-elm-left-sm gf-elm-left-xs gf-elm-left-lg\" data-exc=\"\">\n<div class=\"gf_icon-wrap\">Tienes piel seca, mixta, normal o grasa. La crema nutre sin dejar brillos. Apta para pieles sensibles o reactivas.<\/div>\n<\/div>\n<\/div>\n<\/div>\n<\/div>\n<div id=\"r-1613148787324\" class=\"gf_row gf_row-gap-10\" data-label=\"Row\" data-key=\"row\" data-icon=\"gpicon-row\" data-id=\"1613148787324\" data-extraclass=\"\" data-row-gap=\"10px\">\n<div id=\"c-1610283655939\" class=\"gf_column gf_col-lg-1 gf_col-xs-1 gf_col-md-1 gf_col-sm-1\" data-id=\"1610283655939\">\n<div id=\"e-1613148787307\" class=\"element-wrap\" data-label=\"Icon\" data-key=\"icon\" data-icon=\"gpicon-icon\" data-ver=\"1.0\" data-id=\"1613148787307\">\n<div class=\"elm gf-elm-center gf-elm-left-md gf-elm-left-sm gf-elm-left-xs gf-elm-left-lg\" data-exc=\"\">\n<div><\/div>\n<div class=\"gf_icon-wrap\">Edad. Al recomendar una crema no nos fijamos en la edad sino el tipo de piel y su estado. Actuamos sobre la biolog\u00eda fundamental de la piel que es la misma siempre.<\/div>\n<\/div>\n<\/div>\n<\/div>\n<\/div>\n<div id=\"r-1613148794020\" class=\"gf_row gf_row-gap-10\" data-label=\"Row\" data-key=\"row\" data-icon=\"gpicon-row\" data-id=\"1613148794020\" data-extraclass=\"\" data-row-gap=\"10px\">\n<div id=\"c-1610283655939\" class=\"gf_column gf_col-lg-1 gf_col-xs-1 gf_col-md-1 gf_col-sm-1\" data-id=\"1610283655939\">\n<div id=\"e-1613148794063\" class=\"element-wrap\" data-label=\"Icon\" data-key=\"icon\" data-icon=\"gpicon-icon\" data-ver=\"1.0\" data-id=\"1613148794063\">\n<div class=\"elm gf-elm-center gf-elm-left-md gf-elm-left-sm gf-elm-left-xs gf-elm-left-lg\" data-exc=\"\">\n<div class=\"gf_icon-wrap\">Embarazo. Todos nuestros productos son seguros para usar durante el embarazo. Sin embargo recomendamos reducir el uso de cosm\u00e9ticos al m\u00ednimo y no empezar con productos nuevos.<\/div>\n<\/div>\n<\/div>\n<\/div>\n<\/div>\n<p><!--more--><\/p>\n<h3>Como usarlo:<\/h3>\n<div id=\"r-1610648010818\" class=\"gf_row gf_row-gap-10\" data-label=\"Row\" data-key=\"row\" data-icon=\"gpicon-row\" data-id=\"1610648010818\" data-extraclass=\"\" data-row-gap=\"10px\">\n<div id=\"c-1610283661626\" class=\"gf_column gf_col-lg-11 gf_col-xs-11 gf_col-md-11 gf_col-sm-11\" data-id=\"1610283661626\">\n<div id=\"e-1610648010897\" class=\"element-wrap\" data-label=\"Text Block\" data-key=\"text-block\" data-icon=\"gpicon-textblock\" data-ver=\"1\" data-id=\"1610648010897\">\n<div class=\"elm text-edit gf-elm-left gf-elm-left-lg gf-elm-left-md gf-elm-left-sm gf-elm-left-xs\" data-gemlang=\"en\" data-exc=\"\">\n<p>Sin limpieza no hay belleza. Higieniza correctamente la zona a tratar antes de aplicar la crema. Despu\u00e9s de la ducha perfecto.<\/p>\n<\/div>\n<\/div>\n<\/div>\n<\/div>\n<div id=\"r-1610648010814\" class=\"gf_row gf_row-gap-10\" data-label=\"Row\" data-key=\"row\" data-icon=\"gpicon-row\" data-id=\"1610648010814\" data-extraclass=\"\" data-row-gap=\"10px\">\n<div id=\"c-1610283655939\" class=\"gf_column gf_col-lg-1 gf_col-xs-1 gf_col-md-1 gf_col-sm-1\" data-id=\"1610283655939\">\n<div id=\"e-1610648010913\" class=\"element-wrap\" data-label=\"Icon\" data-key=\"icon\" data-icon=\"gpicon-icon\" data-ver=\"1.0\" data-id=\"1610648010913\">\n<div class=\"elm gf-elm-center gf-elm-left-md gf-elm-left-sm gf-elm-left-xs gf-elm-left-lg\" data-exc=\"\">\n<div class=\"gf_icon-wrap\">Aplica la crema mediante masaje hasta su completa absorci\u00f3n por\u00a0<u><strong>cuello, nuca, papada y escote<\/strong><\/u>. No limites la aplicaci\u00f3n a la zona frontal del cuello.<\/div>\n<\/div>\n<\/div>\n<\/div>\n<\/div>\n<div id=\"r-1617969358941\" class=\"gf_row gf_row-gap-10\" data-label=\"Row\" data-key=\"row\" data-icon=\"gpicon-row\" data-id=\"1617969358941\" data-extraclass=\"\" data-row-gap=\"10px\">\n<div id=\"c-1610283655939\" class=\"gf_column gf_col-lg-1 gf_col-xs-1 gf_col-md-1 gf_col-sm-1\" data-id=\"1610283655939\">\n<div id=\"e-1617969358970\" class=\"element-wrap\" data-label=\"Icon\" data-key=\"icon\" data-icon=\"gpicon-icon\" data-ver=\"1.0\" data-id=\"1617969358970\">\n<div class=\"elm gf-elm-center gf-elm-left-md gf-elm-left-sm gf-elm-left-xs gf-elm-left-lg\" data-exc=\"\">\n<div class=\"gf_icon-wrap\">Aplica el Serum antes de la Crema para aumentar la eficacia. As\u00ed conseguir\u00e1s m\u00e1s resultados y antes.<\/div>\n<\/div>\n<\/div>\n<\/div>\n<\/div>\n<div id=\"r-1610648010831\" class=\"gf_row gf_row-gap-10\" data-label=\"Row\" data-key=\"row\" data-icon=\"gpicon-row\" data-id=\"1610648010831\" data-extraclass=\"\" data-row-gap=\"10px\">\n<div id=\"c-1610283655939\" class=\"gf_column gf_col-lg-1 gf_col-xs-1 gf_col-md-1 gf_col-sm-1\" data-id=\"1610283655939\">\n<div id=\"e-1610648010924\" class=\"element-wrap\" data-label=\"Icon\" data-key=\"icon\" data-icon=\"gpicon-icon\" data-ver=\"1.0\" data-id=\"1610648010924\">\n<div class=\"elm gf-elm-center gf-elm-left-md gf-elm-left-sm gf-elm-left-xs gf-elm-left-lg\" data-exc=\"\">\n<div class=\"gf_icon-wrap\"><strong>Aplica la crema dos veces al d\u00eda<\/strong>. Si utilizas antes el serum no olvides retirar los restos de serum de las manos antes de usar la crema. S\u00e9 constante. Empezar\u00e1s a ver efectos en hidrataci\u00f3n y nutrici\u00f3n inmediatamente. En un mes \u00a0ver\u00e1s cambios evidentes en arrugas, firmeza y volumen.<\/div>\n<\/div>\n<\/div>\n<\/div>\n<\/div>\n<div id=\"r-1610648872309\" class=\"gf_row gf_row-gap-10\" data-label=\"Row\" data-key=\"row\" data-icon=\"gpicon-row\" data-id=\"1610648872309\" data-extraclass=\"\" data-row-gap=\"10px\">\n<div id=\"c-1610283655939\" class=\"gf_column gf_col-lg-1 gf_col-xs-1 gf_col-md-1 gf_col-sm-1\" data-id=\"1610283655939\">\n<div id=\"e-1610648872284\" class=\"element-wrap\" data-label=\"Icon\" data-key=\"icon\" data-icon=\"gpicon-icon\" data-ver=\"1.0\" data-id=\"1610648872284\">\n<div class=\"elm gf-elm-center gf-elm-left-md gf-elm-left-sm gf-elm-left-xs gf-elm-left-lg\" data-exc=\"\">\n<div class=\"gf_icon-wrap\"><strong>Lleva protector solar factor 20. <\/strong>Esta protecci\u00f3n es suficiente para el d\u00eda a d\u00eda pero no para largas exposiciones al sol.<\/div>\n<\/div>\n<\/div>\n<\/div>\n<\/div>\n<p><!--more--><\/p>\n<h3>Composici\u00f3n:<\/h3>\n<div id=\"r-1610648994213\" class=\"gf_row gf_row-gap-10\" data-label=\"Row\" data-key=\"row\" data-icon=\"gpicon-row\" data-id=\"1610648994213\" data-extraclass=\"\" data-row-gap=\"10px\">\n<div id=\"c-1610283661626\" class=\"gf_column gf_col-lg-11 gf_col-xs-11 gf_col-md-11 gf_col-sm-11\" data-id=\"1610283661626\">\n<div id=\"e-1610648994192\" class=\"element-wrap\" data-label=\"Text Block\" data-key=\"text-block\" data-icon=\"gpicon-textblock\" data-ver=\"1\" data-id=\"1610648994192\">\n<div class=\"elm text-edit gf-elm-left gf-elm-left-lg gf-elm-left-md gf-elm-left-sm gf-elm-left-xs\" data-gemlang=\"en\" data-exc=\"\">\n<p>Activos patentados creados de la\u00a0<strong>investigaci\u00f3n en ciencias de la vida<\/strong>\u00a0con una eficacia y seguridad l\u00edder mundial.<\/p>\n<\/div>\n<\/div>\n<\/div>\n<\/div>\n<div id=\"r-1610648994253\" class=\"gf_row gf_row-gap-10\" data-label=\"Row\" data-key=\"row\" data-icon=\"gpicon-row\" data-id=\"1610648994253\" data-extraclass=\"\" data-row-gap=\"10px\">\n<div id=\"c-1610283655939\" class=\"gf_column gf_col-lg-1 gf_col-xs-1 gf_col-md-1 gf_col-sm-1\" data-id=\"1610283655939\">\n<div id=\"e-1610648994267\" class=\"element-wrap\" data-label=\"Icon\" data-key=\"icon\" data-icon=\"gpicon-icon\" data-ver=\"1.0\" data-id=\"1610648994267\">\n<div class=\"elm gf-elm-center gf-elm-left-lg gf-elm-left-md gf-elm-left-sm gf-elm-left-xs\" data-exc=\"\">\n<div class=\"gf_icon-wrap\">Biotecnolog\u00eda de \u00faltima generaci\u00f3n como los <strong>p\u00e9ptidos de origen marino para reducir la grasa localizada<\/strong>.\u00a0<b>Extractos de soja y camomila<\/b>\u00a0por su acci\u00f3n antioxidante y calmante.<\/div>\n<\/div>\n<\/div>\n<\/div>\n<\/div>\n<div id=\"r-1610648994225\" class=\"gf_row gf_row-gap-10\" data-label=\"Row\" data-key=\"row\" data-icon=\"gpicon-row\" data-id=\"1610648994225\" data-extraclass=\"\" data-row-gap=\"10px\">\n<div id=\"c-1610283655939\" class=\"gf_column gf_col-lg-1 gf_col-xs-1 gf_col-md-1 gf_col-sm-1\" data-id=\"1610283655939\">\n<div id=\"e-1610648994232\" class=\"element-wrap\" data-label=\"Icon\" data-key=\"icon\" data-icon=\"gpicon-icon\" data-ver=\"1.0\" data-id=\"1610648994232\">\n<div class=\"elm gf-elm-center gf-elm-left-lg gf-elm-left-md gf-elm-left-sm gf-elm-left-xs\" data-exc=\"\">\n<div class=\"gf_icon-wrap\">Envase 100% reciclable. Ninguno de nuestros productos es testado en animales.<\/div>\n<\/div>\n<\/div>\n<\/div>\n<\/div>\n<div id=\"r-1610648994236\" class=\"gf_row gf_row-gap-10\" data-label=\"Row\" data-key=\"row\" data-icon=\"gpicon-row\" data-id=\"1610648994236\" data-extraclass=\"\" data-row-gap=\"10px\">\n<div id=\"c-1610283655939\" class=\"gf_column gf_col-lg-1 gf_col-xs-1 gf_col-md-1 gf_col-sm-1\" data-id=\"1610283655939\">\n<div id=\"e-1610648994297\" class=\"element-wrap\" data-label=\"Icon\" data-key=\"icon\" data-icon=\"gpicon-icon\" data-ver=\"1.0\" data-id=\"1610648994297\">\n<div class=\"elm gf-elm-center gf-elm-left-md gf-elm-left-sm gf-elm-left-xs gf-elm-left-lg\" data-exc=\"\">\n<div class=\"gf_icon-wrap\">Libre de parabenos, colorantes, alcoholes irritantes, sulfatos, formaldeh\u00eddos, nitrosaminas, fenoles y m\u00e1s de 1300 sustancias desaconsejadas por la UE.<\/div>\n<div><\/div>\n<\/div>\n<\/div>\n<\/div>\n<\/div>\n","protected":false},"featured_media":263,"comment_status":"open","ping_status":"closed","template":"","meta":[],"product_cat":[24],"product_tag":[],"class_list":["post-229","product","type-product","status-publish","has-post-thumbnail","hentry","product_cat-tienda"],"_links":{"self":[{"href":"https:\/\/pos.idbella.com\/index.php\/wp-json\/wp\/v3\/product\/229","targetHints":{"allow":["GET"]}}],"collection":[{"href":"https:\/\/pos.idbella.com\/index.php\/wp-json\/wp\/v3\/product"}],"about":[{"href":"https:\/\/pos.idbella.com\/index.php\/wp-json\/wp\/v2\/types\/product"}],"replies":[{"embeddable":true,"href":"https:\/\/pos.idbella.com\/index.php\/wp-json\/wp\/v2\/comments?post=229"}],"wp:featuredmedia":[{"embeddable":true,"href":"https:\/\/pos.idbella.com\/index.php\/wp-json\/wp\/v2\/media\/263"}],"wp:attachment":[{"href":"https:\/\/pos.idbella.com\/index.php\/wp-json\/wp\/v2\/media?parent=229"}],"wp:term":[{"taxonomy":"product_cat","embeddable":true,"href":"https:\/\/pos.idbella.com\/index.php\/wp-json\/wp\/v2\/product_cat?post=229"},{"taxonomy":"product_tag","embeddable":true,"href":"https:\/\/pos.idbella.com\/index.php\/wp-json\/wp\/v2\/product_tag?post=229"}],"curies":[{"name":"wp","href":"https:\/\/api.w.org\/{rel}","templated":true}]}}