{"id":230,"date":"2022-11-29T16:43:28","date_gmt":"2022-11-29T16:43:28","guid":{"rendered":"https:\/\/factubella.laesquinacreativa.es\/?post_type=product&#038;p=230"},"modified":"2023-05-17T16:40:38","modified_gmt":"2023-05-17T16:40:38","slug":"crema-bioactiva-60-ml-2-fl-oz","status":"publish","type":"product","link":"https:\/\/pos.idbella.com\/index.php\/product\/crema-bioactiva-60-ml-2-fl-oz\/","title":{"rendered":"Crema bioactiva 60 ml ( 2 fl.oz )"},"content":{"rendered":"<div id=\"e-1609525104438\" class=\"element-wrap\" data-label=\"Heading\" data-icon=\"gpicon-heading\" data-id=\"1609525104438\" data-vivaldi-spatnav-clickable=\"1\">\n<div class=\"elm text-edit gf-elm-left gf-elm-left-lg gf-elm-left-md gf-elm-left-sm gf-elm-left-xs\" data-exc=\"\">\n<h1><span style=\"font-family: inherit;\"><b>SALUD, BIENESTAR Y CONFIANZA<\/b><\/span><\/h1>\n<\/div>\n<\/div>\n<div id=\"e-1610308495154\" class=\"element-wrap\" data-label=\"Text Block\" data-key=\"text-block\" data-icon=\"gpicon-textblock\" data-ver=\"1\" data-id=\"1610308495154\">\n<div class=\"elm text-edit gf-elm-left gf-elm-left-md gf-elm-left-sm gf-elm-left-xs gf-elm-left-lg\" data-gemlang=\"en\" data-exc=\"\">\n<p>La cosm\u00e9tica actual usa el \u00e1cido hialur\u00f3nico como hidratante o relleno. Pero es mucho m\u00e1s que eso. Ha sido necesaria la ciencia m\u00e1s innovadora para desatar todo su potencial regenerador.<\/p>\n<p>Hemos creado Active-Hyaluronan, una biotecnolog\u00eda capaz de llevar el \u00e1cido hialur\u00f3nico en su forma activa hasta el interior de la piel para favorecer la vida celular. As\u00ed la piel genera nuevo tejido d\u00e9rmico, mejora su salud, absorbe m\u00e1s nutrientes \u00a0y adquiere una apariencia rejuvenecida.<\/p>\n<p>En Endor confiamos en la investigaci\u00f3n cient\u00edfica para cuidar la salud de tu piel y revertir la apariencia de los signos de la edad. Nuestra misi\u00f3n es ayudarte a que te sientas bien con tu piel para que disfrutes al m\u00e1ximo de hoy y de los d\u00edas que vendr\u00e1n.<\/p>\n<\/div>\n<\/div>\n<p><!--more--><\/p>\n<h3>Composici\u00f3n:<\/h3>\n<p>La crema facial de referencia para que la investigaci\u00f3n biom\u00e9dica transforme el estado de la piel de tu rostro. Complementada con lo m\u00e1s avanzado de la cosm\u00e9tica convencional como las vitaminas encapsuladas.<\/p>\n<p>&#8211;\u00a0<strong>Active Hyaluronan (Gold Thioethylamino Hyaluronic Acid)<\/strong>: la ciencia m\u00e9dica m\u00e1s avanzada hace posible un ingrediente revolucionario para crear nuevo col\u00e1geno, elastina y \u00e1cido hialur\u00f3nico en el interior de la piel.<\/p>\n<p>&#8211;\u00a0<strong>Vitamina C encapsulada<\/strong>\u00a0(3-o-ethyl ascorbic acid): 1500% m\u00e1s antioxidante que la vitamina C. Permanece conservada hasta entrar en contacto con la piel preservando todo su poder antioxidante.<\/p>\n<p>&#8211;\u00a0<strong>Alga Espirulina<\/strong>: Protege del envejecimiento por luz UV y HEV (pantallas). Repara el ADN. Reduce manchas y mejora la firmeza y la reducci\u00f3n de arrugas.<\/p>\n<p>&#8211;\u00a0<strong>\u00c9steres de jojoba<\/strong><strong>y prote\u00ednas vegetales<\/strong>: Refuerzan la funci\u00f3n barrera de la piel y la hidrataci\u00f3n.<\/p>\n<p>&#8211;\u00a0<strong>Amino\u00e1cidos<\/strong>: Reducen la profundidad de las arrugas y mejoran la suavidad de la piel.<\/p>\n<p>&#8211;\u00a0<strong>Vitamina B5<\/strong>: Mejora la hidrataci\u00f3n, la elasticidad y la regeneraci\u00f3n de las capas superficiales de la piel.<\/p>\n<p>Lo que no lleva es casi tan importante como lo que lleva.<\/p>\n<p>&#8211;\u00a0<strong>No a conservantes agresivos<\/strong>. Utilizamos conservantes de grado alimentario. Los de mayor calidad.<\/p>\n<p>&#8211;\u00a0<strong>No a perfumes con alergenos<\/strong>. En nuestros ingredientes no ver\u00e1s t\u00e9rminos como &#8220;Linalol, Geraniol, Limonene,&#8230;&#8221;. Son alergenos procedentes de los extractos naturales que se usan para hacer perfumes. As\u00ed protegemos tu piel de reacciones al\u00e9rgicas.<\/p>\n<p>&#8211;\u00a0<strong>No<\/strong>\u00a0a colorantes, alcoholes irritantes, sulfatos, formaldeidos, fenoles ni cualquier sustancia perjudicial para tu piel.<\/p>\n<p><strong>Ingredientes<\/strong>:<\/p>\n<p>Aqua, propanediol, caprylic\/capric triglyceride, gold thioethylamino hyaluronic acid, isononyl isononanoate, sodium polyacrylate, glycerin, ethylhexyl stearate, panthenol, butylmehoxidibenzoylmethane, ethylhexyl methoxycinnamate, caprylyl glycol, 1,3-butylene glycol, octocrylene, trideceth-6, hydrolyzed jojoba esters, sodium benzoate, 3-o-ethyl ascorbic acid, citric acid, lecithin, parfum, dipropylene glycol, sodium phytate, potassium sorbate, phospholipids, glyceryl caprylate, spirulina maxima extract, xanthan gum, lonicera caprifolium flower extract, lonicera japonica flower extract, benzyl alcohol, ethylhexylglycerin, benzoic acid, dehydroacetic acid, phenoxyethanol, glucose, tocopherol.<\/p>\n<p><strong>Cuidamos del planeta<\/strong>.<\/p>\n<p>Concentramos nuestras innovaciones en el m\u00ednimo de productos para que tengas lo m\u00e1ximo con lo m\u00ednimo. Mejor para ti porque inviertes menos y tienes una rutina m\u00e1s c\u00f3moda. Mejor para el planeta porque no hay producto m\u00e1s insostenible que el que no es necesario.<br \/>\nTodos nuestros envases son de vidrio 100% reciclable. Nuestro packaging est\u00e1 hecho con papel 100% reciclado y 100% reciclable (no lo plastificamos).<!--more--><\/p>\n<h3>Como usarlo:<\/h3>\n<div id=\"r-1629816795847\" class=\"gf_row gf_row-gap-10\" data-label=\"Row\" data-key=\"row\" data-icon=\"gpicon-row\" data-id=\"1629816795847\" data-extraclass=\"\" data-row-gap=\"10px\">\n<div id=\"c-1610283661626\" class=\"gf_column gf_col-lg-11 gf_col-xs-11 gf_col-md-11 gf_col-sm-11\" data-id=\"1610283661626\">\n<div id=\"e-1629816795813\" class=\"element-wrap\" data-label=\"Text Block\" data-key=\"text-block\" data-icon=\"gpicon-textblock\" data-ver=\"1\" data-id=\"1629816795813\">\n<div class=\"elm text-edit gf-elm-left gf-elm-left-lg gf-elm-left-md gf-elm-left-sm gf-elm-left-xs\" data-gemlang=\"en\" data-exc=\"\">\n<p>Sin limpieza no hay belleza.\u00a0Higieniza correctamente el rostro antes de aplicar la crema. Si llevas maquillaje utiliza primero una leche desmaquillante y despu\u00e9s un jab\u00f3n facial, mousse o t\u00f3nico.<\/p>\n<\/div>\n<\/div>\n<\/div>\n<\/div>\n<div id=\"r-1629816795922\" class=\"gf_row gf_row-gap-10\" data-label=\"Row\" data-key=\"row\" data-icon=\"gpicon-row\" data-id=\"1629816795922\" data-extraclass=\"\" data-row-gap=\"10px\">\n<div id=\"c-1610283655939\" class=\"gf_column gf_col-lg-1 gf_col-xs-1 gf_col-md-1 gf_col-sm-1\" data-id=\"1610283655939\">\n<div id=\"e-1629816795889\" class=\"element-wrap\" data-label=\"Icon\" data-key=\"icon\" data-icon=\"gpicon-icon\" data-ver=\"1.0\" data-id=\"1629816795889\">\n<div class=\"elm gf-elm-center gf-elm-left-md gf-elm-left-sm gf-elm-left-xs gf-elm-left-lg\" data-exc=\"\">\n<div class=\"gf_icon-wrap\">Aplica la crema mediante un <strong>masaje en\u00e9rgico\u00a0<\/strong>en frente, mejillas, nariz, surco nasogeniano, ment\u00f3n y barbilla hasta su completa absorci\u00f3n.\u00a0<strong>T\u00f3mate tu tiempo, unos minutos.<\/strong><\/div>\n<\/div>\n<\/div>\n<\/div>\n<\/div>\n<div id=\"r-1629816795904\" class=\"gf_row gf_row-gap-10\" data-label=\"Row\" data-key=\"row\" data-icon=\"gpicon-row\" data-id=\"1629816795904\" data-extraclass=\"\" data-row-gap=\"10px\">\n<div id=\"c-1610283655939\" class=\"gf_column gf_col-lg-1 gf_col-xs-1 gf_col-md-1 gf_col-sm-1\" data-id=\"1610283655939\">\n<div id=\"e-1629816795900\" class=\"element-wrap\" data-label=\"Icon\" data-key=\"icon\" data-icon=\"gpicon-icon\" data-ver=\"1.0\" data-id=\"1629816795900\">\n<div class=\"elm gf-elm-center gf-elm-left-md gf-elm-left-sm gf-elm-left-xs gf-elm-left-lg\" data-exc=\"\">\n<div class=\"gf_icon-wrap\"><strong>Aplica la crema dos veces al d\u00eda (si usas Lasergen por la noche no hace falta usar la crema despu\u00e9s). <\/strong>S\u00e9 constante. Empezar\u00e1s a ver efectos en hidrataci\u00f3n y luminosidad a los pocos d\u00edas. En un mes ya ver\u00e1s cambios evidentes en los signos de la edad<strong>. Para potenciar el efecto usa el Serum antes.\u00a0<\/strong>Aplicando el Serum antes de la Crema conseguir\u00e1s m\u00e1s eficacia y resultados antes.<\/div>\n<\/div>\n<\/div>\n<\/div>\n<\/div>\n<div id=\"r-1629816795812\" class=\"gf_row gf_row-gap-10\" data-label=\"Row\" data-key=\"row\" data-icon=\"gpicon-row\" data-id=\"1629816795812\" data-extraclass=\"\" data-row-gap=\"10px\">\n<div id=\"c-1610283655939\" class=\"gf_column gf_col-lg-1 gf_col-xs-1 gf_col-md-1 gf_col-sm-1\" data-id=\"1610283655939\">\n<div id=\"e-1629816795845\" class=\"element-wrap\" data-label=\"Icon\" data-key=\"icon\" data-icon=\"gpicon-icon\" data-ver=\"1.0\" data-id=\"1629816795845\">\n<div class=\"elm gf-elm-center gf-elm-left-md gf-elm-left-sm gf-elm-left-xs gf-elm-left-lg\" data-exc=\"\">\n<div class=\"gf_icon-wrap\"><strong>FPS 20. <\/strong>La crema lleva protector solar para proteger la piel de la <strong>exposici\u00f3n moderada<\/strong>. Si la exposici\u00f3n va a ser intensa como en un d\u00eda de playa es necesario aplicar un protector a continuaci\u00f3n.<\/div>\n<\/div>\n<\/div>\n<\/div>\n<\/div>\n<div id=\"r-1629816795923\" class=\"gf_row gf_row-gap-10\" data-label=\"Row\" data-key=\"row\" data-icon=\"gpicon-row\" data-id=\"1629816795923\" data-extraclass=\"\" data-row-gap=\"10px\">\n<div id=\"c-1610283655939\" class=\"gf_column gf_col-lg-1 gf_col-xs-1 gf_col-md-1 gf_col-sm-1\" data-id=\"1610283655939\">\n<div id=\"e-1629816795891\" class=\"element-wrap\" data-label=\"Icon\" data-key=\"icon\" data-icon=\"gpicon-icon\" data-ver=\"1.0\" data-id=\"1629816795891\">\n<div class=\"elm gf-elm-center gf-elm-left-md gf-elm-left-sm gf-elm-left-xs gf-elm-left-lg\" data-exc=\"\">\n<div class=\"gf_icon-wrap\"><strong>Puedes combinarlo con cualquier producto cosm\u00e9tico<\/strong>. La crema se absorbe muy r\u00e1pido y puedes aplicar maquillaje inmediatamente despu\u00e9s.<\/div>\n<\/div>\n<\/div>\n<\/div>\n<\/div>\n","protected":false},"excerpt":{"rendered":"<div id=\"e-1609961992446\" class=\"element-wrap\" data-label=\"Text Block\" data-key=\"text-block\" data-icon=\"gpicon-textblock\" data-ver=\"1\" data-id=\"1609961992446\">\n<div class=\"elm text-edit gf-elm-left gf-elm-left-md gf-elm-left-sm gf-elm-left-xs gf-elm-left-lg\" data-gemlang=\"en\" data-exc=\"\">\n<p>La piel que quieres.<\/p>\n<\/div>\n<\/div>\n<div id=\"e-1610282166166\" class=\"element-wrap\" data-label=\"Text Block\" data-key=\"text-block\" data-icon=\"gpicon-textblock\" data-ver=\"1\" data-id=\"1610282166166\">\n<div class=\"elm text-edit gf-elm-left gf-elm-left-lg gf-elm-left-md gf-elm-left-sm gf-elm-left-xs\" data-gemlang=\"en\" data-exc=\"\">\n<p>Gracias a la ciencia sabemos c\u00f3mo envejece tu piel. Y es solo gracias a la ciencia que sabemos c\u00f3mo revertir el proceso.<\/p>\n<p>La ciencia en Bioactive Cream favorece la regeneraci\u00f3n del medio en el que viven las c\u00e9lulas de tu piel. Eso es lo que pasa en el interior.<\/p>\n<p>El resultado exterior es verte una piel que destaca por su vitalidad, la piel que quieres tener y con la que te sientes bien.<\/p>\n<p><strong>Qu\u00e9 vas a notar.<\/strong><\/p>\n<p>Bioactive Cream reduce\u00a0arrugas (-54%) en frente, sienes, surco nasogeniano y c\u00f3digo de barras. Aumenta la firmeza (+37%). Hidrata en profundidad y previene las manchas (SPF 20)<strong>.<\/strong><strong>\u00a0<\/strong><\/p>\n<p>Sentir\u00e1s tu piel firme, suave, hidratada y tersa. Y por encima de todo te ver\u00e1s ese &#8220;algo&#8221;, ll\u00e1malo luminosidad, salud, juventud o vitalidad que hace que cuando te miras al espejo por la ma\u00f1ana, te entren ganas de salir a disfrutar del d\u00eda.<\/p>\n<p><strong>C\u00f3mo es usarla.<\/strong><\/p>\n<p>Su\u00a0<strong>textura<\/strong>\u00a0es cream-gel cero grasa: suave, ligera, fresca y de muy r\u00e1pida absorci\u00f3n. No deja restos ni brillos.<\/p>\n<p><strong>Es para ti si&#8230;<\/strong><\/p>\n<p>Observas signos de la edad o el cansancio como arrugas persistentes, flacidez o tono apagado.<\/p>\n<p>Tu piel es normal, mixta o grasa. Necesitas una crema que se absorba muy r\u00e1pido sin dejar restos. Apta para pieles sensibles o reactivas.<\/p>\n<p>Edad. Al recomendar una crema no nos fijamos en la edad sino en el tipo de piel y en su estado. Actuamos sobre la biolog\u00eda fundamental de la piel que es la misma siempre.<\/p>\n<\/div>\n<\/div>\n","protected":false},"featured_media":266,"comment_status":"open","ping_status":"closed","template":"","meta":[],"product_cat":[24],"product_tag":[],"class_list":["post-230","product","type-product","status-publish","has-post-thumbnail","hentry","product_cat-tienda"],"_links":{"self":[{"href":"https:\/\/pos.idbella.com\/index.php\/wp-json\/wp\/v3\/product\/230","targetHints":{"allow":["GET"]}}],"collection":[{"href":"https:\/\/pos.idbella.com\/index.php\/wp-json\/wp\/v3\/product"}],"about":[{"href":"https:\/\/pos.idbella.com\/index.php\/wp-json\/wp\/v2\/types\/product"}],"replies":[{"embeddable":true,"href":"https:\/\/pos.idbella.com\/index.php\/wp-json\/wp\/v2\/comments?post=230"}],"wp:featuredmedia":[{"embeddable":true,"href":"https:\/\/pos.idbella.com\/index.php\/wp-json\/wp\/v2\/media\/266"}],"wp:attachment":[{"href":"https:\/\/pos.idbella.com\/index.php\/wp-json\/wp\/v2\/media?parent=230"}],"wp:term":[{"taxonomy":"product_cat","embeddable":true,"href":"https:\/\/pos.idbella.com\/index.php\/wp-json\/wp\/v2\/product_cat?post=230"},{"taxonomy":"product_tag","embeddable":true,"href":"https:\/\/pos.idbella.com\/index.php\/wp-json\/wp\/v2\/product_tag?post=230"}],"curies":[{"name":"wp","href":"https:\/\/api.w.org\/{rel}","templated":true}]}}