{"id":231,"date":"2022-11-29T16:43:28","date_gmt":"2022-11-29T16:43:28","guid":{"rendered":"https:\/\/factubella.laesquinacreativa.es\/?post_type=product&#038;p=231"},"modified":"2023-03-03T20:25:00","modified_gmt":"2023-03-03T20:25:00","slug":"kit-antiaging","status":"publish","type":"product","link":"https:\/\/pos.idbella.com\/index.php\/product\/kit-antiaging\/","title":{"rendered":"Kit antiaging"},"content":{"rendered":"","protected":false},"excerpt":{"rendered":"<div id=\"e-1610729051265\" class=\"element-wrap\" data-label=\"Heading\" data-key=\"heading\" data-icon=\"gpicon-heading\" data-ver=\"1\" data-id=\"1610729051265\">\n<div class=\"elm text-edit gf-elm-center gf-elm-left-lg gf-elm-left-md gf-elm-left-sm gf-elm-left-xs\" data-gemlang=\"en\" data-exc=\"\">\n<h1>Completa tu rutina<\/h1>\n<h1>Y consigue un descuento del 10%.<\/h1>\n<\/div>\n<\/div>\n<div id=\"e-1610729196098\" class=\"element-wrap\" data-label=\"Text Block\" data-key=\"text-block\" data-icon=\"gpicon-textblock\" data-ver=\"1\" data-id=\"1610729196098\">\n<div class=\"elm text-edit gf-elm-left gf-elm-left-lg gf-elm-left-md gf-elm-left-sm gf-elm-left-xs\" data-gemlang=\"en\" data-exc=\"\">\n<p>Concentrated Booster Serum acelera y potencia el efecto de Lasergen. Cuando act\u00faan juntos, el efecto se multiplica. El resultado es una acci\u00f3n visible sobre la apariencia de los signos de la edad, calmante, hidratante y reafirmante.<\/p>\n<p>Ambos productos actuando juntos aportan nuestro activo Active-Hyaluronan y activos esenciales como el Aloe Vera, la Manteca de Karit\u00e9 ecol\u00f3gica, fitocosm\u00e9ticos ecol\u00f3gicos, Vitamina E y peptidos antiedad.<\/p>\n<\/div>\n<\/div>\n<div id=\"m-1609963708459\" class=\"module-wrap\" data-label=\"Product\" data-key=\"product\" data-icon=\"gpicon-product\" data-ver=\"3\" data-id=\"1609963708459\">\n<div class=\"module\" data-variant=\"auto\" data-current-variant=\"37066541924515\">\n<form id=\"\" class=\"AddToCartForm \" accept-charset=\"UTF-8\" action=\"https:\/\/endortechnologies.com\/cart\/add\" enctype=\"multipart\/form-data\" method=\"post\" data-productid=\"5876466679971\">\n<div class=\"item-content\" data-index=\"1\">\n<div id=\"m-1609963708459-2\" class=\"module-wrap\" data-id=\"1609963708459-2\" data-label=\"(P) Price\" data-icon=\"gpicon-product-price\" data-ver=\"1.3\">\n<div class=\"module gf_module- gf_module--lg gf_module--md gf_module--sm gf_module--xs \" data-pid=\"5876466679971\" data-round-decimals=\"0\" data-round-to=\"99\">\n<div class=\"gf_product-prices\" data-oldformat=\"{{amount_with_comma_separator}} \u20ac\" data-oldcurrency=\"EUR\"><\/div>\n<\/div>\n<\/div>\n<\/div>\n<\/form>\n<\/div>\n<\/div>\n","protected":false},"featured_media":267,"comment_status":"open","ping_status":"closed","template":"","meta":[],"product_cat":[24],"product_tag":[],"class_list":["post-231","product","type-product","status-publish","has-post-thumbnail","hentry","product_cat-tienda"],"_links":{"self":[{"href":"https:\/\/pos.idbella.com\/index.php\/wp-json\/wp\/v3\/product\/231","targetHints":{"allow":["GET"]}}],"collection":[{"href":"https:\/\/pos.idbella.com\/index.php\/wp-json\/wp\/v3\/product"}],"about":[{"href":"https:\/\/pos.idbella.com\/index.php\/wp-json\/wp\/v2\/types\/product"}],"replies":[{"embeddable":true,"href":"https:\/\/pos.idbella.com\/index.php\/wp-json\/wp\/v2\/comments?post=231"}],"wp:featuredmedia":[{"embeddable":true,"href":"https:\/\/pos.idbella.com\/index.php\/wp-json\/wp\/v2\/media\/267"}],"wp:attachment":[{"href":"https:\/\/pos.idbella.com\/index.php\/wp-json\/wp\/v2\/media?parent=231"}],"wp:term":[{"taxonomy":"product_cat","embeddable":true,"href":"https:\/\/pos.idbella.com\/index.php\/wp-json\/wp\/v2\/product_cat?post=231"},{"taxonomy":"product_tag","embeddable":true,"href":"https:\/\/pos.idbella.com\/index.php\/wp-json\/wp\/v2\/product_tag?post=231"}],"curies":[{"name":"wp","href":"https:\/\/api.w.org\/{rel}","templated":true}]}}