{"id":232,"date":"2022-11-29T16:43:28","date_gmt":"2022-11-29T16:43:28","guid":{"rendered":"https:\/\/factubella.laesquinacreativa.es\/?post_type=product&#038;p=232"},"modified":"2022-12-19T19:14:08","modified_gmt":"2022-12-19T19:14:08","slug":"hydracream-fusion-100-ml-3-38-fl-oz","status":"publish","type":"product","link":"https:\/\/pos.idbella.com\/index.php\/product\/hydracream-fusion-100-ml-3-38-fl-oz\/","title":{"rendered":"Hydracream fusion 100 ml ( 3.38 fl.oz )"},"content":{"rendered":"<h3>Descripci\u00f3n:<\/h3>\n<p>Crema-aceite limpiadora facial equilibrante y anti-poluci\u00f3n. Aporta nutrici\u00f3n e hidrataci\u00f3n a la piel dejando una agradable sensaci\u00f3n de suavidad. Pieles secas y sensibles.<\/p>\n<p><strong>NUTRITIVA, RELIPIDIZANTE:<\/strong><\/p>\n<p>Rico en Escualano, un aceite vegetal altamente dermoaf\u00edn, que proporciona nutrici\u00f3n y elasticidad con una perfecta absorci\u00f3n en el tejido, sin residuos grasos.<\/p>\n<p><strong>ACCI\u00d3N BIO-EQUILIBRANTE:<\/strong><\/p>\n<p>Un activo postbi\u00f3tico, Lactobacillus Ferment, obtenido de la fermentaci\u00f3n de una bacteria, favorece el equilibrio de la microbiota para potenciar y preservar la funci\u00f3n barrera cut\u00e1nea en \u00f3ptimas condiciones.<\/p>\n<p><strong>ACCI\u00d3N ANTI-POLUCI\u00d3N:<\/strong><\/p>\n<p>Un activo biotecnol\u00f3gico, Urban D-tox, ofrece una acci\u00f3n dual sobre los efectos de la contaminaci\u00f3n sobre la piel: por un lado, permite la remoci\u00f3n de las part\u00edculas contaminantes que se depositan en la piel y por otro, reduce el estr\u00e9s oxidativo que acelera el envejecimiento cut\u00e1neo.<!--more--><\/p>\n<h3>Principios activos:<\/h3>\n<div>\n<h3>Escualano<\/h3>\n<\/div>\n<div>\n<h3>Lactobacillus Ferment<\/h3>\n<\/div>\n<div>\n<h3>Urban D-tox<\/h3>\n<\/div>\n<p><!--more--><\/p>\n<h3>Modo de empleo:<\/h3>\n<article class=\"usage\">\n<table>\n<tbody>\n<tr class=\"application__area\">\n<td class=\"title\">\u00c1REA DE APLICACI\u00d3N<\/td>\n<td>facial.<\/td>\n<\/tr>\n<tr>\n<td class=\"title\">FRECUENCIA DE USO<\/td>\n<td>dos veces al d\u00eda.<\/td>\n<\/tr>\n<tr class=\"moment__use\">\n<td class=\"title\">MOMENTO DE USO<\/td>\n<td>ma\u00f1ana y noche.<\/td>\n<\/tr>\n<\/tbody>\n<\/table>\n<\/article>\n<article class=\"time-to\">\n<div class=\"clock\"><img decoding=\"async\" src=\"https:\/\/www.mesoestetic.es\/static\/version1636012769\/frontend\/tbb\/mesoestetic\/es_ES\/images\/clock-black.svg\" alt=\"Clock\" \/>dos veces al d\u00eda, ma\u00f1ana y noche.<\/div>\n<p>Distribuir uniformemente sobre la piel seca, dejar actuar unos segundos y masajear hasta que la textura se convierta en aceite. Aclarar con agua.<\/p>\n<\/article>\n<p><!--more--><\/p>\n<h3>Ingredientes:<\/h3>\n<p>AQUA, SQUALANE, COCO-CAPRYLATE\/CAPRATE, PPG-1 TRIDECETH-13, CAPRYLIC\/CAPRIC TRIGLYCERIDE, ISOHEXADECANE, TRICAPRYLIN, GLYCERIN, ALTEROMONAS FERMEN EXTRACT, LACTOBACILLUS FERMENT, BUTYLENE GLYCOL, ETHYLHEXYLGLYCERIN, MALTODEXTRIN,POLYSORBATE 20, SORBITAN ISOSTEARATE, POLYACRYLATE-13, POLYISOBUTENE, PHENOXYETHANOL, PARFUN.<\/p>\n","protected":false},"excerpt":{"rendered":"<h3><span style=\"color: #808080;\">CLEANSING SOLUTIONS<\/span><\/h3>\n<p>Crema-aceite limpiadora facial equilibrante y anti-poluci\u00f3n. Aporta nutrici\u00f3n e hidrataci\u00f3n a la piel dejando una agradable sensaci\u00f3n de suavidad. Pieles secas y sensibles.<\/p>\n<p>&nbsp;<\/p>\n","protected":false},"featured_media":268,"comment_status":"open","ping_status":"closed","template":"","meta":[],"product_cat":[24],"product_tag":[],"class_list":["post-232","product","type-product","status-publish","has-post-thumbnail","hentry","product_cat-tienda"],"_links":{"self":[{"href":"https:\/\/pos.idbella.com\/index.php\/wp-json\/wp\/v3\/product\/232","targetHints":{"allow":["GET"]}}],"collection":[{"href":"https:\/\/pos.idbella.com\/index.php\/wp-json\/wp\/v3\/product"}],"about":[{"href":"https:\/\/pos.idbella.com\/index.php\/wp-json\/wp\/v2\/types\/product"}],"replies":[{"embeddable":true,"href":"https:\/\/pos.idbella.com\/index.php\/wp-json\/wp\/v2\/comments?post=232"}],"wp:featuredmedia":[{"embeddable":true,"href":"https:\/\/pos.idbella.com\/index.php\/wp-json\/wp\/v2\/media\/268"}],"wp:attachment":[{"href":"https:\/\/pos.idbella.com\/index.php\/wp-json\/wp\/v2\/media?parent=232"}],"wp:term":[{"taxonomy":"product_cat","embeddable":true,"href":"https:\/\/pos.idbella.com\/index.php\/wp-json\/wp\/v2\/product_cat?post=232"},{"taxonomy":"product_tag","embeddable":true,"href":"https:\/\/pos.idbella.com\/index.php\/wp-json\/wp\/v2\/product_tag?post=232"}],"curies":[{"name":"wp","href":"https:\/\/api.w.org\/{rel}","templated":true}]}}