{"id":233,"date":"2022-11-29T16:43:28","date_gmt":"2022-11-29T16:43:28","guid":{"rendered":"https:\/\/factubella.laesquinacreativa.es\/?post_type=product&#038;p=233"},"modified":"2022-12-19T19:14:59","modified_gmt":"2022-12-19T19:14:59","slug":"mesoprotech-melan-130-pigment-control-50-ml-1-69-fl-oz","status":"publish","type":"product","link":"https:\/\/pos.idbella.com\/index.php\/product\/mesoprotech-melan-130-pigment-control-50-ml-1-69-fl-oz\/","title":{"rendered":"mesoprotech\u00ae melan 130 pigment control 50 ML ( 1.69 FL.OZ )"},"content":{"rendered":"<h3>Descripci\u00f3n:<\/h3>\n<p>Protecci\u00f3n solar muy alta para pieles con imperfecciones pigmentarias testada frente a UVB de 131 y 67 UVA, doblando as\u00ed la protecci\u00f3n m\u00ednima exigida en fotoprotectores 50+. Ayuda a regular la s\u00edntesis de melanina proporcionando una acci\u00f3n preventiva antimanchas. Su textura con color aporta un tono natural imperceptible. Resistente al agua.<!--more--><\/p>\n<h3>Principios activos:<\/h3>\n<div>\n<h3>azeloglicina<\/h3>\n<\/div>\n<div>\n<h3>mesoprotech\u00ae complex<\/h3>\n<p>Complejo fotoprotector de amplio espectro: protecci\u00f3n frente a la radiaci\u00f3n UVB + UVA, a la luz visible (HEV) y la luz infrarroja (IR). Combinaci\u00f3n \u00f3ptima de filtros f\u00edsicos, biol\u00f3gicos y\/o qu\u00edmicos para proporcionar la m\u00e1xima eficacia y cosmeticidad.<\/p>\n<\/div>\n<p><!--more--><\/p>\n<h3>Modo de empleo:<\/h3>\n<article class=\"usage\">\n<table>\n<tbody>\n<tr class=\"application__area\">\n<td class=\"title\">\u00c1REA DE APLICACI\u00d3N<\/td>\n<td>facial.<\/td>\n<\/tr>\n<tr>\n<td class=\"title\">FRECUENCIA DE USO<\/td>\n<td>tres veces al d\u00eda.<\/td>\n<\/tr>\n<tr class=\"moment__use\">\n<td class=\"title\">MOMENTO DE USO<\/td>\n<td>ma\u00f1ana, mediod\u00eda y tarde.<\/td>\n<\/tr>\n<\/tbody>\n<\/table>\n<\/article>\n<article class=\"time-to\">\n<div class=\"clock\"><img decoding=\"async\" src=\"https:\/\/www.mesoestetic.es\/static\/version1636012769\/frontend\/tbb\/mesoestetic\/es_ES\/images\/clock-black.svg\" alt=\"Clock\" \/>tres veces al d\u00eda, ma\u00f1ana, mediod\u00eda y tarde.<\/div>\n<p>Aplicar en cantidad suficiente (2 mg\/cm2 de piel) media hora antes a la exposici\u00f3n, sobre la piel limpia y seca. Reducir la cantidad de crema aplicada reduce el nivel de protecci\u00f3n solar significativamente. Reaplicar cada 2 horas en caso de exposici\u00f3n solar directa, y especialmente despu\u00e9s de secarse con una toalla, despu\u00e9s del ba\u00f1o o en caso de sudoraci\u00f3n. La reaplicaci\u00f3n es imprescindible para mantener el nivel de protecci\u00f3n y la efectividad del tratamiento. En caso de exposici\u00f3n solar directa usar gafas y gorro protector y evitar las horas centrales de la jornada, de mayor intensidad (11h &#8211; 16h). Uso t\u00f3pico. Agitar antes de usar<\/p>\n<\/article>\n<p><!--more--><\/p>\n<h3>Ingredientes:<\/h3>\n<div id=\"ingredlist-short\">\n<div id=\"showmore-section-ingredlist-short\" class=\"showmore-section ingredlist-short-like-section\" role=\"list\">\n<div class=\"\" role=\"group\"><span class=\"\" role=\"listitem\"><a class=\"ingred-link black \" href=\"https:\/\/incidecoder.com\/ingredients\/water\">Agua<\/a>,\u00a0<\/span><span class=\"\" role=\"listitem\"><a class=\"ingred-link black \" href=\"https:\/\/incidecoder.com\/ingredients\/dibutyl-adipate\">Adipato de dibutilo<\/a>,\u00a0<\/span><span class=\"\" role=\"listitem\"><a class=\"ingred-link black \" href=\"https:\/\/incidecoder.com\/ingredients\/octocrylene\">Octocrileno<\/a>,\u00a0<\/span><span class=\"\" role=\"listitem\"><a class=\"ingred-link black \" href=\"https:\/\/incidecoder.com\/ingredients\/cyclopentasiloxane\">Ciclopentasiloxano<\/a>,\u00a0<\/span><span class=\"\" role=\"listitem\"><a class=\"ingred-link black \" href=\"https:\/\/incidecoder.com\/ingredients\/homosalate\">Homosalate<\/a>,\u00a0<\/span><span class=\"\" role=\"listitem\"><a class=\"ingred-link black \" href=\"https:\/\/incidecoder.com\/ingredients\/bis-ethylhexyloxyphenol-methoxyphenyl-triazine\">Bis-etilhexiloxifenol metoxifenil triazina<\/a>,\u00a0<\/span><span class=\"\" role=\"listitem\"><a class=\"ingred-link black \" href=\"https:\/\/incidecoder.com\/ingredients\/alcohol\">Alcohol<\/a>,\u00a0<\/span><span class=\"\" role=\"listitem\"><a class=\"ingred-link black \" href=\"https:\/\/incidecoder.com\/ingredients\/butyl-methoxydibenzoylmethane\">Butil metoxidibenzoilmetano<\/a>,\u00a0<\/span><span class=\"\" role=\"listitem\"><a class=\"ingred-link black \" href=\"https:\/\/incidecoder.com\/ingredients\/titanium-dioxide\">Di\u00f3xido de titanio<\/a>,\u00a0<\/span><span class=\"showmore-mobile\" role=\"listitem\"><a class=\"ingred-link black \" href=\"https:\/\/incidecoder.com\/ingredients\/methylene-bis-benzotriazolyl-tetramethylbutylphenol\">Metilen bis-benzotriazolil tetrametilbutilfenol<\/a>,\u00a0<\/span><span class=\"showmore-mobile\" role=\"listitem\"><a class=\"ingred-link black \" href=\"https:\/\/incidecoder.com\/ingredients\/cyclohexasiloxane\">Ciclohexasiloxano<\/a>,\u00a0<\/span><span class=\"showmore-mobile\" role=\"listitem\"><a class=\"ingred-link black \" href=\"https:\/\/incidecoder.com\/ingredients\/peg-30-dipolyhydroxystearate\">PEG-30 Dipolihidroxiestearato<\/a>,\u00a0<\/span><span class=\"showmore-mobile\" role=\"listitem\"><a class=\"ingred-link black \" href=\"https:\/\/incidecoder.com\/ingredients\/polysilicone-15\">Polisilicona-15<\/a>,\u00a0<\/span><span class=\"showmore-mobile\" role=\"listitem\"><a class=\"ingred-link black \" href=\"https:\/\/incidecoder.com\/ingredients\/styrene-acrylates-copolymer\">Copol\u00edmero de estireno \/ acrilatos<\/a>,\u00a0<\/span><span class=\"showmore-mobile\" role=\"listitem\"><a class=\"ingred-link black \" href=\"https:\/\/incidecoder.com\/ingredients\/peg-10-dimethicone\">PEG-10 Dimeticona<\/a>,\u00a0<\/span><span class=\"showmore-mobile\" role=\"listitem\"><a class=\"ingred-link black \" href=\"https:\/\/incidecoder.com\/ingredients\/silica\">S\u00edlice<\/a>,\u00a0<\/span><span class=\"showmore-mobile\" role=\"listitem\"><a class=\"ingred-link black \" href=\"https:\/\/incidecoder.com\/ingredients\/bis-ethylhexyl-hydroxydimethoxy-benzylmalonate\">Bis-etilhexil hidroxidimetoxi bencilmalonato<\/a>,\u00a0<\/span><span class=\"showmore-mobile\" role=\"listitem\"><a class=\"ingred-link black \" href=\"https:\/\/incidecoder.com\/ingredients\/polyamide-5\">Poliamida-5<\/a>\u00a0,\u00a0<\/span><span class=\"showmore-mobile\" role=\"listitem\"><a class=\"ingred-link black \" href=\"https:\/\/incidecoder.com\/ingredients\/potassium-azeloyl-diglycinate\">azeloil diglicinato de potasio<\/a>,\u00a0<\/span><span class=\"showmore-mobile\" role=\"listitem\"><a class=\"ingred-link black \" href=\"https:\/\/incidecoder.com\/ingredients\/jojoba-esters\">\u00c9steres de jojoba<\/a>,\u00a0<\/span><span class=\"showmore-mobile\" role=\"listitem\"><a class=\"ingred-link black \" href=\"https:\/\/incidecoder.com\/ingredients\/hexyl-laurate\">Laurato de hexilo<\/a>,\u00a0<\/span><span class=\"showmore-mobile\" role=\"listitem\"><a class=\"ingred-link black \" href=\"https:\/\/incidecoder.com\/ingredients\/helianthus-annuus-seed-oil\">Aceite de semilla de Helianthus annuus<\/a>,\u00a0<\/span><span class=\"showmore-mobile\" role=\"listitem\"><a class=\"ingred-link black \" href=\"https:\/\/incidecoder.com\/ingredients\/dimethicone\">Dimeticona<\/a>,\u00a0<\/span><span class=\"showmore-mobile\" role=\"listitem\"><a class=\"ingred-link black \" href=\"https:\/\/incidecoder.com\/ingredients\/ethylhexylglycerin\">Etilhexilglicerina<\/a>,\u00a0<\/span><span class=\"showmore-mobile\" role=\"listitem\"><a class=\"ingred-link black \" href=\"https:\/\/incidecoder.com\/ingredients\/acacia-decurrens-flower-wax\">Cera de flores de acacia decurrens<\/a>,\u00a0<\/span><span class=\"showmore-mobile\" role=\"listitem\"><a class=\"ingred-link black \" href=\"https:\/\/incidecoder.com\/ingredients\/polyglycerin-3\">Poliglicerina-3<\/a>,\u00a0<\/span><span class=\"showmore-mobile\" role=\"listitem\"><a class=\"ingred-link black \" href=\"https:\/\/incidecoder.com\/ingredients\/polyamide-3\">Poliamida-3<\/a>\u00a0,\u00a0<\/span><span class=\"showmore-mobile\" role=\"listitem\"><a class=\"ingred-link black \" href=\"https:\/\/incidecoder.com\/ingredients\/cetyl-peg-ppg-10-1-dimethicone\">Cetil PEG \/ PPG-10\/1 Dimeticona<\/a>,\u00a0<\/span><span class=\"showmore-mobile\" role=\"listitem\"><a class=\"ingred-link black \" href=\"https:\/\/incidecoder.com\/ingredients\/polyglyceryl-4-isostearate\">Isostearato de poligliceril-4<\/a>,\u00a0<\/span><span class=\"showmore-mobile\" role=\"listitem\"><a class=\"ingred-link black \" href=\"https:\/\/incidecoder.com\/ingredients\/sodium-chloride\">Cloruro de sodio<\/a>,\u00a0<\/span><span class=\"showmore-mobile\" role=\"listitem\"><a class=\"ingred-link black \" href=\"https:\/\/incidecoder.com\/ingredients\/vp-hexadecene-copolymer\">Vp \/ Copol\u00edmero de hexadeceno<\/a>,\u00a0<\/span><span class=\"showmore-mobile\" role=\"listitem\"><a class=\"ingred-link black \" href=\"https:\/\/incidecoder.com\/ingredients\/decyl-glucoside\">Decil gluc\u00f3sido<\/a>,\u00a0<\/span><span class=\"showmore-mobile\" role=\"listitem\"><a class=\"ingred-link black \" href=\"https:\/\/incidecoder.com\/ingredients\/disteardimonium-hectorite\">Disteardimonio Hectorita<\/a>,\u00a0<\/span><span class=\"showmore-mobile\" role=\"listitem\"><a class=\"ingred-link black \" href=\"https:\/\/incidecoder.com\/ingredients\/disodium-edta\">EDTA dis\u00f3dico<\/a>,\u00a0<\/span><span class=\"showmore-mobile\" role=\"listitem\"><a class=\"ingred-link black \" href=\"https:\/\/incidecoder.com\/ingredients\/peg-12-allyl-ether\">PEG-12 alil \u00e9ter<\/a>\u00a0,\u00a0<\/span><span class=\"showmore-mobile\" role=\"listitem\"><a class=\"ingred-link black \" href=\"https:\/\/incidecoder.com\/ingredients\/hydrogenated-lecithin\">lecitina hidrogenada<\/a>,\u00a0<\/span><span class=\"showmore-mobile\" role=\"listitem\"><a class=\"ingred-link black \" href=\"https:\/\/incidecoder.com\/ingredients\/propylene-glycol\">Propilenglicol<\/a>,\u00a0<\/span><span class=\"showmore-mobile\" role=\"listitem\"><a class=\"ingred-link black \" href=\"https:\/\/incidecoder.com\/ingredients\/xanthan-gum\">Goma xantana<\/a>,\u00a0<\/span><span class=\"showmore-mobile\" role=\"listitem\"><a class=\"ingred-link black \" href=\"https:\/\/incidecoder.com\/ingredients\/pentaerythrityl-tetra-di-t-butyl-hydroxyhydrocinnamate\">Tetra-di-T-butil hidroxihidrocinamato de pentaeritritilo<\/a>,\u00a0<\/span><span class=\"showmore-mobile\" role=\"listitem\"><a class=\"ingred-link black \" href=\"https:\/\/incidecoder.com\/ingredients\/phenoxyethanol\">Fenoxietanol<\/a>,\u00a0<\/span><span class=\"showmore-mobile\" role=\"listitem\"><a class=\"ingred-link black \" href=\"https:\/\/incidecoder.com\/ingredients\/parfum\">Parfum<\/a>,\u00a0<\/span><span class=\"showmore-mobile\" role=\"listitem\"><a class=\"ingred-link black \" href=\"https:\/\/incidecoder.com\/ingredients\/ci-77492\">Ci 77492<\/a>,\u00a0<\/span><span class=\"showmore-mobile\" role=\"listitem\"><a class=\"ingred-link black \" href=\"https:\/\/incidecoder.com\/ingredients\/ci-77491\">Ci 77491<\/a>,\u00a0<\/span><span class=\"showmore-mobile\" role=\"listitem\"><a class=\"ingred-link black \" href=\"https:\/\/incidecoder.com\/ingredients\/ci-77499\">Ci 77499<\/a><\/span><\/div>\n<\/div>\n<\/div>\n<div id=\"inci-warning\"><\/div>\n","protected":false},"excerpt":{"rendered":"<p>Protecci\u00f3n solar muy alta con color UVB 131 y UVA 67 indicada para pieles con imperfecciones pigmentarias.<\/p>\n","protected":false},"featured_media":271,"comment_status":"open","ping_status":"closed","template":"","meta":[],"product_cat":[24],"product_tag":[],"class_list":["post-233","product","type-product","status-publish","has-post-thumbnail","hentry","product_cat-tienda"],"_links":{"self":[{"href":"https:\/\/pos.idbella.com\/index.php\/wp-json\/wp\/v3\/product\/233","targetHints":{"allow":["GET"]}}],"collection":[{"href":"https:\/\/pos.idbella.com\/index.php\/wp-json\/wp\/v3\/product"}],"about":[{"href":"https:\/\/pos.idbella.com\/index.php\/wp-json\/wp\/v2\/types\/product"}],"replies":[{"embeddable":true,"href":"https:\/\/pos.idbella.com\/index.php\/wp-json\/wp\/v2\/comments?post=233"}],"wp:featuredmedia":[{"embeddable":true,"href":"https:\/\/pos.idbella.com\/index.php\/wp-json\/wp\/v2\/media\/271"}],"wp:attachment":[{"href":"https:\/\/pos.idbella.com\/index.php\/wp-json\/wp\/v2\/media?parent=233"}],"wp:term":[{"taxonomy":"product_cat","embeddable":true,"href":"https:\/\/pos.idbella.com\/index.php\/wp-json\/wp\/v2\/product_cat?post=233"},{"taxonomy":"product_tag","embeddable":true,"href":"https:\/\/pos.idbella.com\/index.php\/wp-json\/wp\/v2\/product_tag?post=233"}],"curies":[{"name":"wp","href":"https:\/\/api.w.org\/{rel}","templated":true}]}}