{"id":235,"date":"2022-11-29T16:43:29","date_gmt":"2022-11-29T16:43:29","guid":{"rendered":"https:\/\/factubella.laesquinacreativa.es\/?post_type=product&#038;p=235"},"modified":"2022-11-29T16:43:34","modified_gmt":"2022-11-29T16:43:34","slug":"protective-ultra-light-coloured-fluid-spf-50-50ml-1-69-fl-oz","status":"publish","type":"product","link":"https:\/\/pos.idbella.com\/index.php\/product\/protective-ultra-light-coloured-fluid-spf-50-50ml-1-69-fl-oz\/","title":{"rendered":"PROTECTIVE ULTRA LIGHT COLOURED FLUID SPF 50+ 50ml (1.69 fl.oz )"},"content":{"rendered":"<h3>Beneficios:<\/h3>\n<div>\n<p>Contrarrestar de forma eficaz los efectos nocivos del sol y del entorno que nos rodea.<\/p>\n<\/div>\n<div>\u2022\u00a0Bloquea la penetraci\u00f3n de los agentes contaminantes hacia la piel.<\/div>\n<div>\u2022\u00a0Refuerza y potencia el sistema de defensa natural de las c\u00e9lulas.<\/div>\n<div>\u2022\u00a0Reduce desordenes en la pigmentaci\u00f3n de la piel provocados por la luz azul.<\/div>\n<div>\u2022\u00a0Es capaz de bloquear el 90% de especies reactivas de oxigeno (ROS).<\/div>\n<div>\u2022\u00a0Protege al ADN y otros componentes celulares.<\/div>\n<div><\/div>\n","protected":false},"excerpt":{"rendered":"<h3><span style=\"color: #ffcc00;\">SUN AGE<\/span><\/h3>\n<p>Protecci\u00f3n Muy Alta. 50 ml<\/p>\n<p>Emulsi\u00f3n fotoprotectora facial con color, de textura muy ligera que se funde con la piel. Indicado para todo tipo de pieles.<!--more--><\/p>\n<h3>Aplicaci\u00f3n:<\/h3>\n<p>Agita el envase antes de usar la crema. Aplica una cantidad suficiente de producto sobre la piel limpia y seca 20 o 30 minutos antes de la exposici\u00f3n al sol. Para mantener la protecci\u00f3n, repite con frecuencia la aplicaci\u00f3n del producto, especialmente tras transpirar, ba\u00f1arte o secarte.<!--more--><\/p>\n<h3>Tecnolog\u00eda:<\/h3>\n<p>Combinaci\u00f3n entre filtros solares de amplio espectro UV y el activo BLUE Ol\u00e9oactif\u00ae: su composici\u00f3n de origen natural se basa en una mezcla de 3 tipos de arroz; blanco, rojo y negro obtenidos de manera sostenible.<!--more--><\/p>\n<p>&nbsp;<\/p>\n<p>&nbsp;<\/p>\n","protected":false},"featured_media":276,"comment_status":"open","ping_status":"closed","template":"","meta":[],"product_cat":[25,26,29],"product_tag":[],"class_list":["post-235","product","type-product","status-publish","has-post-thumbnail","hentry","product_cat-cremas-faciales","product_cat-cremas-faciales-antiedad","product_cat-protector-solar"],"_links":{"self":[{"href":"https:\/\/pos.idbella.com\/index.php\/wp-json\/wp\/v3\/product\/235","targetHints":{"allow":["GET"]}}],"collection":[{"href":"https:\/\/pos.idbella.com\/index.php\/wp-json\/wp\/v3\/product"}],"about":[{"href":"https:\/\/pos.idbella.com\/index.php\/wp-json\/wp\/v2\/types\/product"}],"replies":[{"embeddable":true,"href":"https:\/\/pos.idbella.com\/index.php\/wp-json\/wp\/v2\/comments?post=235"}],"wp:featuredmedia":[{"embeddable":true,"href":"https:\/\/pos.idbella.com\/index.php\/wp-json\/wp\/v2\/media\/276"}],"wp:attachment":[{"href":"https:\/\/pos.idbella.com\/index.php\/wp-json\/wp\/v2\/media?parent=235"}],"wp:term":[{"taxonomy":"product_cat","embeddable":true,"href":"https:\/\/pos.idbella.com\/index.php\/wp-json\/wp\/v2\/product_cat?post=235"},{"taxonomy":"product_tag","embeddable":true,"href":"https:\/\/pos.idbella.com\/index.php\/wp-json\/wp\/v2\/product_tag?post=235"}],"curies":[{"name":"wp","href":"https:\/\/api.w.org\/{rel}","templated":true}]}}