{"id":236,"date":"2022-11-29T16:43:29","date_gmt":"2022-11-29T16:43:29","guid":{"rendered":"https:\/\/factubella.laesquinacreativa.es\/?post_type=product&#038;p=236"},"modified":"2022-12-19T19:18:48","modified_gmt":"2022-12-19T19:18:48","slug":"tan-booster-lotion-spf30-sunage-montibello-200-ml-676-fl-oz","status":"publish","type":"product","link":"https:\/\/pos.idbella.com\/index.php\/product\/tan-booster-lotion-spf30-sunage-montibello-200-ml-676-fl-oz\/","title":{"rendered":"TAN BOOSTER LOTION SPF30 SUNAGE MONTIBELLO 200 ml ( 6,76 fl.oz)"},"content":{"rendered":"<h3 id=\"post_titulo\">EL PROTECTOR SOLAR IMPRESCINDIBLE DE ESTE VERANO: TAN BOOSTER LOTION<\/h3>\n<div id=\"post_cabecera\">\n<div id=\"post_fecha\"><img decoding=\"async\" src=\"https:\/\/www.montibello.com\/img\/beauty_news_icono_peluqueria.png\" \/><\/div>\n<\/div>\n<div id=\"post_contenido_wrapper\">\n<div id=\"post_contenido\">\n<p><img decoding=\"async\" src=\"https:\/\/www.montibello.com\/images\/stories\/flexicontent\/item_4274_field_190\/original\/s57-196-tan-booster-lotion-620x348.jpg\" \/><\/p>\n<div id=\"post_texto\">\n<p><em>Por Marta Mart\u00ed, Skin Care Product Development &amp; Technical Assessment de Montibello<\/em><\/p>\n<p>\u00a1Hola\u00a0<strong>Montibellovers<\/strong>! Me gustar\u00eda hablaros del nuevo producto que acabamos de incorporar a la l\u00ednea\u00a0SUNAGE\u00a0y qu\u00e9 responder\u00e1 a vuestra duda sobre cu\u00e1l es el mejor protector solar:\u00a0TAN BOOSTER LOTION. Un\u00a0<strong>fotoprotector<\/strong>\u00a0con SPF 30 formulado bajo el concepto de\u00a0<strong>textura 2 en 1<\/strong>. Es decir, es un fotoprotector formado por dos fases, una\u00a0<strong>acuosa<\/strong>\u00a0y otra\u00a0<strong>oleosa<\/strong>.<\/p>\n<p>La\u00a0<strong>fase oleosa<\/strong>\u00a0est\u00e1 compuesta por los\u00a0<strong>filtros ultravioletas<\/strong>\u00a0que se encargan de proteger la piel de la radiaci\u00f3n solar y por un\u00a0<strong>activo<\/strong>\u00a0con\u00a0<strong>acci\u00f3n aceleradora<\/strong>\u00a0y\u00a0<strong>optimizadora<\/strong>\u00a0del\u00a0<strong>bronceado<\/strong>\u00a0que har\u00e1 que nuestra piel se broncee un\u00a0<strong>43% m\u00e1s r\u00e1pido<\/strong>\u00a0haciendo que sea indispensable en nuestra bolsa de playa este verano.<\/p>\n<p>En la\u00a0<strong>fase acuosa<\/strong>, en esta ocasi\u00f3n damos un paso m\u00e1s all\u00e1 e incorporamos\u00a0<strong>\u00e1cido hialur\u00f3nico<\/strong>\u00a0que nos va a ayudar a preservar la\u00a0<strong>hidrataci\u00f3n<\/strong>\u00a0de la piel frente el\u00a0<strong>cloro<\/strong>\u00a0y la\u00a0<strong>sal del mar<\/strong>. Estas dos fases, que ver\u00e9is que est\u00e1n claramente diferenciadas, cuando se agitan, se emulsionan y crean juntas un fluido que se caracteriza por su\u00a0<strong>facilidad<\/strong>\u00a0de\u00a0<strong>aplicaci\u00f3n<\/strong>, su\u00a0<strong>efecto refrescante<\/strong>\u00a0y su\u00a0<strong>r\u00e1pida absorci\u00f3n<\/strong>.<\/p>\n<p>\u00a1Pero hay m\u00e1s! Al igual que el resto de los productos que nos encontramos en esta l\u00ednea, la f\u00f3rmula tiene como eje central\u00a0<strong>reducir<\/strong>\u00a0la\u00a0<strong>huella medioambiental<\/strong>\u00a0a trav\u00e9s de la selecci\u00f3n de filtros solares que cubren un amplio espectro de protecci\u00f3n teniendo en cuenta su biodegradabilidad en el\u00a0<strong>entorno marino<\/strong>.<\/p>\n<h3>\u00bfQu\u00e9 m\u00e1s os puedo explicar de TAN BOOSTER LOTION? Pues\u2026 c\u00f3mo aplicarlo<\/h3>\n<p>Lo m\u00e1s importante es\u00a0<strong>agitarlo<\/strong>\u00a0durante unos\u00a0<strong>5 segundos<\/strong>\u00a0para que las dos fases se mezclen correctamente y se cree la emulsi\u00f3n. Despu\u00e9s nos lo aplicamos como cualquier otro fotoprotector, sobre la\u00a0<strong>piel seca media hora antes<\/strong>\u00a0de la\u00a0<strong>exposici\u00f3n<\/strong>\u00a0solar de manera uniforme y generosa en todas las \u00e1reas expuestas.<\/p>\n<p>Pensar que la\u00a0<strong>cantidad correcta<\/strong>\u00a0de protector es\u00a0<strong>esencial<\/strong>\u00a0para garantizar la eficacia del fotoprotector frente las radiaciones solares. Lo aconsejable es utilizar aproximadamente 30 ml. En t\u00e9rminos m\u00e1s pr\u00e1cticos, una cantidad equivalente a un vaso peque\u00f1o (tipo chupito) para el cuerpo.<\/p>\n<p><img decoding=\"async\" title=\"protector solar para el verano\" src=\"https:\/\/www.montibello.com\/images\/stories\/beauty-news\/S57-196-tan-booster-lotion-marta-bifasico-620x465.jpg\" alt=\"protector solar para el verano\" \/><\/p>\n<p>Otro aspecto importante para m\u00ed en cuanto a c\u00f3mo aplicarse el fotoprotector es tener presente aquellos lugares que siempre nos olvidamos o los que nos es dif\u00edcil de llegar como la\u00a0<strong>parte media<\/strong>\u00a0de la\u00a0<strong>espalda<\/strong>, la\u00a0<strong>parte posterior<\/strong>\u00a0de las\u00a0<strong>piernas<\/strong>\u00a0y los\u00a0<strong>pies<\/strong>, vamos, las zonas que normalmente son v\u00edctimas de las quemaduras. Y, por \u00faltimo, yo tengo mucho cuidado con la re-aplicaci\u00f3n, lo ideal es realizarla <strong>cada dos horas<\/strong>, m\u00e1s o menos.<\/p>\n<p>Os invito a que prob\u00e9is TAN BOOSTER LOTION, \u00a1seguro que os encantar\u00e1!\u00a0 un art\u00edculo que pondr\u00e1 a prueba vuestros conocimientos en lo que a factores de protecci\u00f3n solar\u00a0se refiere.<\/p>\n<\/div>\n<div id=\"post_productos_utilizados\">\n<div class=\"separador_contenedor\">\n<div class=\"separador_contenido\">Productos utilizados<\/div>\n<div id=\"carrusel_5items_muestra3\">\n<div class=\"bx-wrapper\">\n<div class=\"bx-viewport\">\n<ul id=\"carrusel_5items_muestra3_slides\">\n<li><a class=\"imagen_producto\" href=\"https:\/\/www.montibello.com\/esp\/estetica\/lineas\/solar\/sunage\/tan-booster-lotion-spf30\"><img loading=\"lazy\" decoding=\"async\" class=\"\" src=\"https:\/\/www.montibello.com\/images\/stories\/flexicontent\/item_4263_field_15\/original\/sunage-tan-booster-lotion.jpg\" alt=\"TAN BOOSTER LOTION SPF30 Image 1\" width=\"120\" height=\"90\" \/><\/a>LOCI\u00d3N BIF\u00c1SICA FOTOPROTECTORA CORPORAL DE TEXTURA ACUOSA<\/li>\n<\/ul>\n<\/div>\n<\/div>\n<\/div>\n<\/div>\n<\/div>\n<\/div>\n<\/div>\n","protected":false},"excerpt":{"rendered":"<div id=\"product-description-short-2574\" class=\"product-description-short\">\n<h4><strong>SPRAY 200 ML<\/strong><\/h4>\n<h4><strong>LOCI\u00d3N PROTECTORA CORPORAL SPF 30. RESPECT THE OCEAN<\/strong><\/h4>\n<\/div>\n<div class=\"wld-features-icons\">\n<div class=\"features feature-3\"><strong>Tan Booster Lotion SPF30 Sunage Montibello<\/strong>\u00a0es una\u00a0<strong>loci\u00f3n bif\u00e1sica corporal con protecci\u00f3n solar<\/strong>\u00a0y de textura acuosa que potencia el bronceado natural y lo mantiene por m\u00e1s tiempo. Adem\u00e1s este\u00a0<strong>protector solar corporal\u00a0con \u00e1cido hialur\u00f3nico<\/strong>\u00a0por lo tanto\u00a0<strong>evita la deshidrataci\u00f3n de la piel<\/strong>\u00a0provocada por la sal y el cloro.<\/div>\n<\/div>\n<p><!--more--><\/p>\n<h3>Beneficios:<\/h3>\n<ul class=\"wld-tab-list wld-tab-list-II\">\n<li>Protecci\u00f3n\u00a0media para fototipo de pieles a partir del tono\u00a0medio, que no suelen quemarse ante la exposici\u00f3n solar y que broncean bien. Fototipos a partir del III.<\/li>\n<li>Tecnolog\u00eda 360\u00ba TOTAL PROTECCION: protege de los rayos UVB, UVA, HE VISIBLE, IR &amp; ANTIPOLUCI\u00d3N.\n<ul>\n<li>protege la piel de eritemas, manchas, fotoenvejecimiento, etc.<\/li>\n<li>reduce la formaci\u00f3n de radicales libres.<\/li>\n<li>bloquea la penetraci\u00f3n de los agentes contaminantes en la piel.<\/li>\n<li>refuerza y potencia el sistema de defensa natural de las c\u00e9lulas.<\/li>\n<li>reduce des\u00f3rdenes en la pigmentaci\u00f3n de la piel provocados por la luz azul.<\/li>\n<li>bloquea el 90% de especies reactivas de ox\u00edgeno (ROS).<\/li>\n<li>protege al ADN y otros componentes celulares.<\/li>\n<\/ul>\n<\/li>\n<li>Favorece un bronceado dorado y duradero.<\/li>\n<li>Textura nutritiva e invisible.<\/li>\n<li>Piel efecto satinado.<\/li>\n<li>Mejora la hidrataci\u00f3n de la piel<\/li>\n<li>Respect the ocean: los filtros ultravioletas pueden estar asociados a un tipo de contaminaci\u00f3n marina y por ello las formulaciones de la gama de fotoprotecci\u00f3n SUNAGE han sido concebidas para minimizar el impacto en el entorno marino<\/li>\n<li>Absorci\u00f3n: r\u00e1pida.<\/li>\n<li>Perfume: afrutado, excitante, jugoso y moderno a base de Maracuja &amp; Murumuru.<\/li>\n<li>Textura: bifase.<\/li>\n<li>Testado dermatol\u00f3gicamente.<\/li>\n<\/ul>\n<h3>Modo de empleo:<\/h3>\n<ul class=\"wld-tab-list wld-tab-list-II\">\n<li>Cuerpo.<\/li>\n<li>Todo tipo de pieles.<\/li>\n<li>Pieles que broncean bien ante el sol, pieles de tono medio a oscuras que no suelan quemarse. Fototipo del III hasta el VI.<\/li>\n<li>Aplicar 20 minutos antes de la exposici\u00f3n solar y durante ella.<\/li>\n<\/ul>\n<ol class=\"wld-tab-list wld-tab-list-II\">\n<li>Antes de cualquier aplicaci\u00f3n, debes asegurarte de que el producto est\u00e9 bien mezclado. Por lo tanto agita el bote durante 5 segundos. Unos 20 o 30 minutos antes de la exposici\u00f3n solar, aplica una cantidad suficiente de\u00a0<strong>Tan Booster Lotion SPF 30 Sunage Montibello<\/strong>\u00a0sobre la piel limpia y seca del cuerpo.<\/li>\n<li>Durante la exposici\u00f3n solar, vuelve a usar\u00a0<strong>Tan Booster Lotion SPF 30 Sunage Montibello<\/strong>. Repite\u00a0la aplicaci\u00f3n del producto cada 2 horas o bien tras transpirar, ba\u00f1arte o secarte con la toalla.<\/li>\n<li>Recuerda que debes proteger la piel facial del sol. Puedes hacerlo con las\u00a0emulsiones\u00a0Sunage Montibello\u00a0o bien con\u00a0Sport Sunage Montibello. El protector\u00a0facial tambi\u00e9n debe aplicarse 20 minutos antes de la exposici\u00f3n solar y durante ella, repitiendo su aplicaci\u00f3n cada 2 horas o tras una sudoraci\u00f3n y\/o ba\u00f1o.<\/li>\n<li>Tras la exposici\u00f3n solar, es conveniente que calmes la piel y la regeneres con el after\u00a0sun After Sun Lotion Sunage Montibello. Este producto se aplica tras la ducha y con la piel seca.<\/li>\n<\/ol>\n<p>&nbsp;<\/p>\n<h3>Composici\u00f3n:<\/h3>\n<ul class=\"wld-tab-list wld-tab-list-II\">\n<li><strong>BLUE Ol\u00e9oactif\u00ae<\/strong>: su composici\u00f3n de origen natural se basa en una mezcla de 3 tipos de arroz obtenidos de manera sostenible: blanco, rojo y negro.<\/li>\n<li><strong>Filtros solares<\/strong>: cuidadosamente seleccionados evaluando su biodegradabilidad que cubren un amplio espectro de protecci\u00f3n. Ninguno de ellos hidrosoluble evitando su impacto en el medio marino.<\/li>\n<li><strong>\u00c1cido hialur\u00f3nico<\/strong>: polisac\u00e1rido, de peso molecular ultra-bajo, aporta hidrataci\u00f3n intensa y disminuye la p\u00e9rdida de agua por evaporaci\u00f3n transepid\u00e9rmica preservando la elasticidad, flexibilidad e hidrataci\u00f3n de la piel.<\/li>\n<li><strong>RonaCare\u00ae Bronzyl\u2122<\/strong>: activo con acci\u00f3n aceleradora y optimizadora del bronceado.<\/li>\n<li><strong>Ingredientes<\/strong>: Aqua, Phenethyl Benzoate, Diethylamino Hydroxybenzoyl Hexyl Benzoate, Dibutyl Adipate, Dicaprylyl Carbonate, Undecane, BisEthylhexyloxyphenol Methoxyphenyl Triazine, C9-12 Alkane, Trimethylpentanediol\/Adipic Acid\/Glycerin Crosspolymer, Ethylhexyl Triazone, Ethylhexyl Salicylate, Diethylhexyl Butamido Triazone, Propanediol, Glycerin, Tridecane, Citral, Citric Acid, Coco-Caprylate\/Caprate, Dihydroxy Methylchro<\/li>\n<\/ul>\n<p>mpleo:monyl Palmitate, Glycine Soja Oil, Hexyl Cinnamal, Limonene, Linalool, Oryza Sativa Extract, Oryza Sativa Germ Extract, Parfum, Polyglyceryl-3 Diisostearate, Potassium Sorbate, Sodium Benzoate, Sodium Chloride, Sodium Citrate, Sodium Gluconate, Sodium Hyaluronate, Tocopherol.<\/p>\n<ul class=\"wld-tab-list wld-tab-list-II\">\n<li>Protecci\u00f3n solar\u00a0<strong>SPF 30<\/strong>.<\/li>\n<\/ul>\n","protected":false},"featured_media":277,"comment_status":"open","ping_status":"closed","template":"","meta":[],"product_cat":[24],"product_tag":[],"class_list":["post-236","product","type-product","status-publish","has-post-thumbnail","hentry","product_cat-tienda"],"_links":{"self":[{"href":"https:\/\/pos.idbella.com\/index.php\/wp-json\/wp\/v3\/product\/236","targetHints":{"allow":["GET"]}}],"collection":[{"href":"https:\/\/pos.idbella.com\/index.php\/wp-json\/wp\/v3\/product"}],"about":[{"href":"https:\/\/pos.idbella.com\/index.php\/wp-json\/wp\/v2\/types\/product"}],"replies":[{"embeddable":true,"href":"https:\/\/pos.idbella.com\/index.php\/wp-json\/wp\/v2\/comments?post=236"}],"wp:featuredmedia":[{"embeddable":true,"href":"https:\/\/pos.idbella.com\/index.php\/wp-json\/wp\/v2\/media\/277"}],"wp:attachment":[{"href":"https:\/\/pos.idbella.com\/index.php\/wp-json\/wp\/v2\/media?parent=236"}],"wp:term":[{"taxonomy":"product_cat","embeddable":true,"href":"https:\/\/pos.idbella.com\/index.php\/wp-json\/wp\/v2\/product_cat?post=236"},{"taxonomy":"product_tag","embeddable":true,"href":"https:\/\/pos.idbella.com\/index.php\/wp-json\/wp\/v2\/product_tag?post=236"}],"curies":[{"name":"wp","href":"https:\/\/api.w.org\/{rel}","templated":true}]}}