{"id":237,"date":"2022-11-29T16:43:29","date_gmt":"2022-11-29T16:43:29","guid":{"rendered":"https:\/\/factubella.laesquinacreativa.es\/?post_type=product&#038;p=237"},"modified":"2022-12-19T19:19:52","modified_gmt":"2022-12-19T19:19:52","slug":"silky-dry-oil-spf-50-200-ml-676-fl-oz","status":"publish","type":"product","link":"https:\/\/pos.idbella.com\/index.php\/product\/silky-dry-oil-spf-50-200-ml-676-fl-oz\/","title":{"rendered":"SILKY DRY OIL SPF 50 200 ml ( 6,76 fl.oz )"},"content":{"rendered":"<div id=\"post_cabecera\">\n<h1 id=\"post_titulo\">PREPARADOS PARA DISFRUTAR DEL SOL?<\/h1>\n<div id=\"post_fecha\"><img decoding=\"async\" src=\"https:\/\/www.montibello.com\/img\/beauty_news_icono_peluqueria.png\" \/><\/div>\n<\/div>\n<div id=\"post_contenido_wrapper\">\n<div id=\"post_contenido\">\n<p><img decoding=\"async\" src=\"https:\/\/www.montibello.com\/images\/stories\/flexicontent\/item_291_field_190\/original\/portada_620x348.jpg\" \/><\/p>\n<div id=\"post_texto\">\n<p>Toma nota de los consejos profesionales de Consuelo Silveira para antes y durante la exposici\u00f3n. \u00a1Te ayudar\u00e1n a conseguir un bronceado atractivo y saludable!<\/p>\n<p><strong>Unos d\u00edas antes: reserva 2 horas en tu agenda para\u2026.<\/strong><\/p>\n<p>\u2022 Pedir una cita a tu\u00a0<strong>centro de est\u00e9tica de confianza<\/strong><\/p>\n<p>\u2022 Solicitar una\u00a0<strong>sesi\u00f3n integral de \u201cpuesta al Sol\u201d<\/strong>:<\/p>\n<ol>\n<li>Una higiene profunda + peeling + rehidrataci\u00f3n integral.<\/li>\n<li>La higiene debe incluir tanto rostro como espalda.<\/li>\n<li>El peeling, preferiblemente enzim\u00e1tico.<\/li>\n<li>La rehidrataci\u00f3n, en forma de envelope.<\/li>\n<\/ol>\n<p>\u2022 Solicita a tu esteticista:<\/p>\n<ol>\n<li>Que perfeccione tu dise\u00f1o de cejas<\/li>\n<li>Que oscurezca tus pesta\u00f1as con un toque negro azulado<\/li>\n<\/ol>\n<p><strong>Es el momento de disfrutar del sol<\/strong><\/p>\n<p>Consejos\u00a0<strong>respecto a la protecci\u00f3n<\/strong><\/p>\n<ol>\n<li>No aproveches los protectores solares del a\u00f1o anterior\u2026.Al haber sido abiertos, se oxida parte de su f\u00f3rmula y especialmente los filtros solares.<\/li>\n<li>Aplica tu protector solar 30\u2019 antes de la exposici\u00f3n al Sol (necesita ese tiempo para actuar).<\/li>\n<li>Aunque tu protector sea resistente al agua, debes repetir la aplicaci\u00f3n con cierta frecuencia, inclusive si traspiras mucho por el calor y tambi\u00e9n por el roce continuo con la toalla.<\/li>\n<li>Seg\u00fan las zonas a proteger en rostro y\/o cuerpo, necesitas diferentes factores de protecci\u00f3n.<\/li>\n<li>En el rostro presta atenci\u00f3n a la frente, nariz, labio superior y p\u00f3mulos. En el resto del cuerpo, escote, antebrazos, y abdomen reciben la radiaci\u00f3n solar de forma m\u00e1s directa y la protecci\u00f3n debe ser m\u00e1s alta respecto al resto del cuerpo.<\/li>\n<li>Si tu piel presenta algunas hiperpigmentaciones, el factor de protecci\u00f3n deber\u00eda ser superior justo en esas \u00e1reas.<\/li>\n<\/ol>\n<p>No roc\u00edes la piel con agua termal durante la exposici\u00f3n, las gotas de agua hacen un efecto lupa en la piel y pueden aparecer peque\u00f1as manchas despigmentadas poco f\u00e1ciles de corregir.<\/p>\n<p>Y despu\u00e9s de cada sesi\u00f3n antes acostarte, debes limpiar tu piel perfectamente, ya que no es conveniente dormir con restos de productos que contengan filtro solar.<\/p>\n<\/div>\n<\/div>\n<\/div>\n","protected":false},"excerpt":{"rendered":"<h3><span style=\"color: #ff9900;\"> SUN AGE<\/span><\/h3>\n<p>Aceite fotoprotector corporal de tacto seco que aporta elasticidad y confort a la piel. Indicado para todo tipo de pieles.<!--more--><\/p>\n<p>Aplica una cantidad suficiente de producto sobre la piel limpia y seca de forma uniforme 20 o 30 minutos antes de la exposici\u00f3n al sol. Para mantener la protecci\u00f3n, aplica con frecuencia el producto, especialmente tras transpirar, ba\u00f1arte o secarte. CUIDADO: Evita el contacto con ojos o mucosas. Inflamable.<!--more--><\/p>\n<p class=\"producto_especificacion_nombre\">TECNOLOG\u00cdA<\/p>\n<div>Combinaci\u00f3n entre filtros solares de amplio espectro UV y el activo BLUE Ol\u00e9oactif\u00ae: su composici\u00f3n de origen natural se basa en una mezcla de 3 tipos de arroz; blanco, rojo y negro obtenidos de manera sostenible.<\/div>\n<p><!--more--><\/p>\n<h3 class=\"producto_especificacion_nombre\">BENEFICIOS<\/h3>\n<div>Contrarrestar de forma eficaz los efectos nocivos del sol y del entorno que nos rodea.<\/div>\n<div class=\"producto_especificacion_texto\">\n<div>\n<div><\/div>\n<div>\u2022\u00a0Bloquea la penetraci\u00f3n de los agentes contaminantes hacia la piel.<\/div>\n<div>\u2022\u00a0Refuerza y potencia el sistema de defensa natural de las c\u00e9lulas.<\/div>\n<div>\u2022\u00a0Reduce desordenes en la pigmentaci\u00f3n de la piel provocados por la luz azul.<\/div>\n<div>\u2022\u00a0Es capaz de bloquear el 90% de especies reactivas de oxigeno (ROS).<\/div>\n<div>\u2022\u00a0Protege al ADN y otros componentes celulares.<\/div>\n<div><\/div>\n<\/div>\n<\/div>\n<p><!--more--><\/p>\n<h3>Aplicaci\u00f3n:<\/h3>\n<ol class=\"wld-tab-list wld-tab-list-II\">\n<li>Antes de cualquier aplicaci\u00f3n, debes asegurarte de que el producto est\u00e9 bien mezclado. Por lo tanto agita el bote durante 5 segundos. Unos 20 o 30 minutos antes de la exposici\u00f3n solar, aplica una cantidad suficiente de\u00a0<strong>Slim Lotion SPF 30 Sunage Montibello<\/strong>\u00a0sobre la piel limpia y seca del cuerpo.<\/li>\n<li>Durante la exposici\u00f3n solar, vuelve a usar\u00a0<strong>SlimLotion SPF 30 Sunage Montibello<\/strong>. Repite\u00a0la aplicaci\u00f3n del producto cada 2 horas o bien tras transpirar, ba\u00f1arte o secarte con la toalla.<\/li>\n<li>Recuerda que debes proteger la piel facial del sol. Puedes hacerlo con las\u00a0emulsiones\u00a0Sunage Montibello\u00a0o bien con\u00a0Sport Sunage Montibello. El protector\u00a0facial tambi\u00e9n debe aplicarse 20 minutos antes de la exposici\u00f3n solar y durante ella, repitiendo su aplicaci\u00f3n cada 2 horas o tras una sudoraci\u00f3n y\/o ba\u00f1o.<\/li>\n<li>Tras la exposici\u00f3n solar, es conveniente que calmes la piel y la regeneres con el after\u00a0sun After Sun Lotion Sunage Montibello. Este producto se aplica tras la ducha y con la piel seca.<\/li>\n<\/ol>\n<p><!--more--><\/p>\n<h3>Composici\u00f3n:<\/h3>\n<ul class=\"wld-tab-list wld-tab-list-II\">\n<li><strong>BLUE Ol\u00e9oactif\u00ae<\/strong>: su composici\u00f3n de origen natural se basa en una mezcla de 3 tipos de arroz obtenidos de manera sostenible: blanco, rojo y negro.<\/li>\n<li><strong>Filtros solares<\/strong>: cuidadosamente seleccionados evaluando su biodegradabilidad que cubren un amplio espectro de protecci\u00f3n. Ninguno de ellos hidrosoluble evitando su impacto en el medio marino.<\/li>\n<li><strong>Palmaria Palmata<\/strong>: alga roja de potente acci\u00f3n drenante que mejora notablemente el extravasado del tejido graso<\/li>\n<li><strong>Ingredientes<\/strong>: Aqua, Dibutyl Adipate, Ethylhexyl Methoxycinnamate, Undecane, Diethylamino Hydroxybenzoyl Hexyl Benzoate, Tridecane, Propanediol, Glycerin, Bis-Ethylhexyloxyphenol Methoxyphenyl, Triazine, Sodium Chloride, Caprylic\/Capric Triglyceride, Citral, Diazolidinyl Urea, Diethylhexyl Syringylidenemalonate, Disodium EDTA, DMDM Hydantoin, Glycine Soja Oil, Hexyl Cinnamal, Limonene, Linalool, Oryza Sativa Extract, Oryza Sativa Germ Extract, Palmaria Palmata Extract, Parfum, Phenethyl Benzoate, Polyglyceryl-3 Diisostearate, Sodium Citrate, Tocopherol, Trimethoxybenzylidene Pentanedione, CI 26100.<\/li>\n<li>Protecci\u00f3n solar\u00a0<strong>SPF 30<\/strong>.<\/li>\n<\/ul>\n<p><!--more--><\/p>\n<p>&nbsp;<\/p>\n","protected":false},"featured_media":278,"comment_status":"open","ping_status":"closed","template":"","meta":[],"product_cat":[28,29],"product_tag":[],"class_list":["post-237","product","type-product","status-publish","has-post-thumbnail","hentry","product_cat-cremas-corporales","product_cat-protector-solar"],"_links":{"self":[{"href":"https:\/\/pos.idbella.com\/index.php\/wp-json\/wp\/v3\/product\/237","targetHints":{"allow":["GET"]}}],"collection":[{"href":"https:\/\/pos.idbella.com\/index.php\/wp-json\/wp\/v3\/product"}],"about":[{"href":"https:\/\/pos.idbella.com\/index.php\/wp-json\/wp\/v2\/types\/product"}],"replies":[{"embeddable":true,"href":"https:\/\/pos.idbella.com\/index.php\/wp-json\/wp\/v2\/comments?post=237"}],"wp:featuredmedia":[{"embeddable":true,"href":"https:\/\/pos.idbella.com\/index.php\/wp-json\/wp\/v2\/media\/278"}],"wp:attachment":[{"href":"https:\/\/pos.idbella.com\/index.php\/wp-json\/wp\/v2\/media?parent=237"}],"wp:term":[{"taxonomy":"product_cat","embeddable":true,"href":"https:\/\/pos.idbella.com\/index.php\/wp-json\/wp\/v2\/product_cat?post=237"},{"taxonomy":"product_tag","embeddable":true,"href":"https:\/\/pos.idbella.com\/index.php\/wp-json\/wp\/v2\/product_tag?post=237"}],"curies":[{"name":"wp","href":"https:\/\/api.w.org\/{rel}","templated":true}]}}