{"id":238,"date":"2022-11-29T16:43:29","date_gmt":"2022-11-29T16:43:29","guid":{"rendered":"https:\/\/factubella.laesquinacreativa.es\/?post_type=product&#038;p=238"},"modified":"2022-12-19T19:04:45","modified_gmt":"2022-12-19T19:04:45","slug":"cooling-mist-spf-50-200-ml-6-76-fl-oz","status":"publish","type":"product","link":"https:\/\/pos.idbella.com\/index.php\/product\/cooling-mist-spf-50-200-ml-6-76-fl-oz\/","title":{"rendered":"COOLING MIST SPF 50+ 200 ml ( 6.76 fl.oz )"},"content":{"rendered":"<h3>APLICACI\u00d3N:<\/h3>\n<div>Agita el envase antes de usar la crema. Aplica una cantidad suficiente de producto sobre la piel limpia y seca 20 o 30 minutos antes de la exposici\u00f3n al sol. En caso de que quieras mantener la protecci\u00f3n, repite con frecuencia la aplicaci\u00f3n del producto, especialmente tras transpirar, ba\u00f1arte o secarte.<\/div>\n<p><!--more--><\/p>\n<h3 class=\"producto_especificacion_nombre\">TECNOLOG\u00cdA:<\/h3>\n<div class=\"producto_especificacion_texto\">Combinaci\u00f3n entre filtros solares de amplio espectro UV y el activo BLUE Ol\u00e9oactif\u00ae: su composici\u00f3n de origen natural se basa en una mezcla de 3 tipos de arroz; blanco, rojo y negro obtenidos de manera sostenible.<\/div>\n<p><!--more--><\/p>\n<h3 class=\"producto_especificacion_nombre\">BENEFICIOS:<\/h3>\n<div>Contrarrestar de forma eficaz los efectos nocivos del sol y del entorno que nos rodea.<\/div>\n<div class=\"producto_especificacion_texto\">\n<div>\n<div><\/div>\n<div>\u2022\u00a0Bloquea la penetraci\u00f3n de los agentes contaminantes hacia la piel.<\/div>\n<div>\u2022\u00a0Refuerza y potencia el sistema de defensa natural de las c\u00e9lulas.<\/div>\n<div>\u2022\u00a0Reduce desordenes en la pigmentaci\u00f3n de la piel provocados por la luz azul.<\/div>\n<div>\u2022\u00a0Es capaz de bloquear el 90% de especies reactivas de oxigeno (ROS).<\/div>\n<div>\u2022\u00a0Protege al ADN y otros componentes celulares.<\/div>\n<div><\/div>\n<\/div>\n<\/div>\n<p><!--more--><\/p>\n<p>&nbsp;<\/p>\n","protected":false},"excerpt":{"rendered":"<p><span style=\"color: #ff9900;\">SUN AGE<\/span><\/p>\n<p>Bruma fotoprotectora corporal de c\u00f3moda aplicaci\u00f3n y r\u00e1pida absorci\u00f3n que aporta hidrataci\u00f3n y frescor a la piel. Indicada para todo tipo de pieles.<\/p>\n<div>&#8211; Resistente a la arena<\/div>\n<div>&#8211; Eficaz sobre piel mojada<br \/>\n&#8211; Resistente al agua<\/div>\n<div>&#8211; Respect the Ocean<\/div>\n<div>&#8211; Testado dermatol\u00f3gicamente<\/div>\n<p><!--more--><\/p>\n<p>&nbsp;<\/p>\n","protected":false},"featured_media":279,"comment_status":"open","ping_status":"closed","template":"","meta":[],"product_cat":[24],"product_tag":[],"class_list":["post-238","product","type-product","status-publish","has-post-thumbnail","hentry","product_cat-tienda"],"_links":{"self":[{"href":"https:\/\/pos.idbella.com\/index.php\/wp-json\/wp\/v3\/product\/238","targetHints":{"allow":["GET"]}}],"collection":[{"href":"https:\/\/pos.idbella.com\/index.php\/wp-json\/wp\/v3\/product"}],"about":[{"href":"https:\/\/pos.idbella.com\/index.php\/wp-json\/wp\/v2\/types\/product"}],"replies":[{"embeddable":true,"href":"https:\/\/pos.idbella.com\/index.php\/wp-json\/wp\/v2\/comments?post=238"}],"wp:featuredmedia":[{"embeddable":true,"href":"https:\/\/pos.idbella.com\/index.php\/wp-json\/wp\/v2\/media\/279"}],"wp:attachment":[{"href":"https:\/\/pos.idbella.com\/index.php\/wp-json\/wp\/v2\/media?parent=238"}],"wp:term":[{"taxonomy":"product_cat","embeddable":true,"href":"https:\/\/pos.idbella.com\/index.php\/wp-json\/wp\/v2\/product_cat?post=238"},{"taxonomy":"product_tag","embeddable":true,"href":"https:\/\/pos.idbella.com\/index.php\/wp-json\/wp\/v2\/product_tag?post=238"}],"curies":[{"name":"wp","href":"https:\/\/api.w.org\/{rel}","templated":true}]}}