{"id":240,"date":"2022-11-29T16:43:29","date_gmt":"2022-11-29T16:43:29","guid":{"rendered":"https:\/\/factubella.laesquinacreativa.es\/?post_type=product&#038;p=240"},"modified":"2022-11-29T16:48:26","modified_gmt":"2022-11-29T16:48:26","slug":"hydrolait-500-ml-1691-fl-oz","status":"publish","type":"product","link":"https:\/\/pos.idbella.com\/index.php\/product\/hydrolait-500-ml-1691-fl-oz\/","title":{"rendered":"HYDROLAIT 500 ml ( 16,91 fl.oz )"},"content":{"rendered":"<div id=\"post_cabecera\">\n<h1 id=\"post_titulo\">LA IMPORTANCIA DE TENER UNA PIEL SALUDABLE<\/h1>\n<div id=\"post_fecha\"><img decoding=\"async\" src=\"https:\/\/www.montibello.com\/img\/beauty_news_icono_peluqueria.png\" \/><\/div>\n<\/div>\n<div id=\"post_contenido_wrapper\">\n<div id=\"post_contenido\">\n<p><img decoding=\"async\" src=\"https:\/\/www.montibello.com\/images\/stories\/flexicontent\/item_338_field_190\/original\/portada_620x348.jpg\" \/><\/p>\n<div id=\"post_texto\">\n<div>\n<p>A lo largo del d\u00eda, en nuestra piel se van depositando microorganismos que pueden llegar a perjudicar seriamente su salud. Del mismo modo que cuidamos nuestra alimentaci\u00f3n, moderamos el consumo de alcohol o realizamos ejercicio f\u00edsico, para proteger nuestros \u00f3rganos vitales, debemos tener presente que<strong>\u00a0la piel es un \u00f3rgano m\u00e1s<\/strong>, y por ser externo y hacer de barrera protectora de todo nuestro organismo, est\u00e1 expuesto a bacterias y otras impurezas, que hacen necesario que\u00a0<strong>llevemos a cabo una rutina diaria de limpieza e hidrataci\u00f3n de la misma<\/strong>, para poder as\u00ed conservarla suave y saludable.<\/p>\n<\/div>\n<div>Del mismo modo, al igual que acudimos al m\u00e9dico o al dentista no solo para tratar problemas de salud sino de manera preventiva (anal\u00edticas de control, etc)\u00a0<strong>deber\u00edamos proceder igual en el caso de nuestra piel<\/strong>. Ponernos en manos de profesionales experimentados para mantenerla siempre limpia, cuidada y luminosa. Porque un estilo de vida saludable global es prevenci\u00f3n, y la prevenci\u00f3n es la mejor de las medicinas.<\/div>\n<\/div>\n<\/div>\n<\/div>\n","protected":false},"excerpt":{"rendered":"<h3><span style=\"color: #ffcc00;\">BODY SENSES<\/span><\/h3>\n<h5>Body moisturising lotion aromatherapy<\/h5>\n<p>Emulsi\u00f3n fluida hidratante corporal de r\u00e1pida absorci\u00f3n que hidrata y nutre la piel de todo el cuerpo.<\/p>\n<p>Hidrata, nutre, aporta elasticidad y suaviza \u00bf qu\u00e9 m\u00e1s se puede pedir?<\/p>\n<p>Emplea la emulsi\u00f3n como leche de hidrataci\u00f3n corporal de uso diario despu\u00e9s de la ducha o el ba\u00f1o.<\/p>\n<p class=\"producto_especificacion_nombre\">TECNOLOG\u00cdA<\/p>\n<ul>\n<li>Cyclosystem Complex<\/li>\n<li>Derivados de la leche<\/li>\n<li>Aceites esenciales de hierbabuena y naranja<\/li>\n<\/ul>\n<p><!--more--><\/p>\n<div class=\"producto_especificacion_texto\"><\/div>\n<h3>Modo de uso:<\/h3>\n<p><strong>1.<\/strong>\u00a0Una vez en la ducha, aplica\u00a0<strong>Tonic Bath Exfoliante<\/strong><strong>\u00a0<\/strong>y masajea sobre el cuerpo h\u00famedo, durante un m\u00ednimo de 5 minutos.\u00a0Por \u00faltimo, aclara en la ducha.<\/p>\n<p><strong>2.<\/strong>\u00a0Tras la ducha emplea la\u00a0<strong>Emulsi\u00f3n Hydrolait Montibello<\/strong>. Realiza suaves masajes para que tenga una mejor penetraci\u00f3n.<!--more--><\/p>\n<h3>Composici\u00f3n:<\/h3>\n<h6>AQUA, OCTYLDODECANOL, HIDROLYZED MILK PROTEIN, CETEARYL ETHYLHEXANOATE, SORBITOL, STEARIC ACID, PEG-100 STEARATE, GLYCERYL STEARATE, CETEARRYL ALCOHOL, ACRYLATES\/VINYL ISODECANOATE CROSSPOLYMER, ALPHA-ISOMETHYL IONONE, BHA, BUTYLPHENYL METHYLPROPIONAL, CAPRYLYL GLYCOL, CITRAL, CITRIC ACID, CITRUS AURANTIUM DULCIS OIL, DIAZOLIDINYL UREA, DIMETHICONE, DISODIUM EDTA, HYDROLYZED COLLAGEN, HYDROXYCITRONELLAL, HYDROXYPROLINE, HYDROXYPROPYL CYCLODEXTRIN, ISOPROPYL MYSRISTATE, LIMONENE, LINALOOL, METNTHA VIRIDIS OIL, PARFUM, PHENOXYETHANOL, PROPYL GALLATE, PROPYLENE GLYCOL, SODIUM PCA, TRIETHANOLAMINE.<\/h6>\n","protected":false},"featured_media":281,"comment_status":"open","ping_status":"closed","template":"","meta":[],"product_cat":[24],"product_tag":[],"class_list":["post-240","product","type-product","status-publish","has-post-thumbnail","hentry","product_cat-tienda"],"_links":{"self":[{"href":"https:\/\/pos.idbella.com\/index.php\/wp-json\/wp\/v3\/product\/240","targetHints":{"allow":["GET"]}}],"collection":[{"href":"https:\/\/pos.idbella.com\/index.php\/wp-json\/wp\/v3\/product"}],"about":[{"href":"https:\/\/pos.idbella.com\/index.php\/wp-json\/wp\/v2\/types\/product"}],"replies":[{"embeddable":true,"href":"https:\/\/pos.idbella.com\/index.php\/wp-json\/wp\/v2\/comments?post=240"}],"wp:featuredmedia":[{"embeddable":true,"href":"https:\/\/pos.idbella.com\/index.php\/wp-json\/wp\/v2\/media\/281"}],"wp:attachment":[{"href":"https:\/\/pos.idbella.com\/index.php\/wp-json\/wp\/v2\/media?parent=240"}],"wp:term":[{"taxonomy":"product_cat","embeddable":true,"href":"https:\/\/pos.idbella.com\/index.php\/wp-json\/wp\/v2\/product_cat?post=240"},{"taxonomy":"product_tag","embeddable":true,"href":"https:\/\/pos.idbella.com\/index.php\/wp-json\/wp\/v2\/product_tag?post=240"}],"curies":[{"name":"wp","href":"https:\/\/api.w.org\/{rel}","templated":true}]}}