{"id":241,"date":"2022-11-29T16:43:29","date_gmt":"2022-11-29T16:43:29","guid":{"rendered":"https:\/\/factubella.laesquinacreativa.es\/?post_type=product&#038;p=241"},"modified":"2022-12-19T19:03:06","modified_gmt":"2022-12-19T19:03:06","slug":"tonic-bath-exfoliant-200-ml-6-76-fl-oz","status":"publish","type":"product","link":"https:\/\/pos.idbella.com\/index.php\/product\/tonic-bath-exfoliant-200-ml-6-76-fl-oz\/","title":{"rendered":"TONIC BATH EXFOLIANT 200 ml (6.76 fl.oz )"},"content":{"rendered":"<div id=\"post_cabecera\">\n<h1 id=\"post_titulo\">LA EXFOLIACI\u00d3N DE LA PIEL: TODO LO QUE DEBES SABER<\/h1>\n<div id=\"post_fecha\"><img decoding=\"async\" src=\"https:\/\/www.montibello.com\/img\/beauty_news_icono_peluqueria.png\" \/><\/div>\n<\/div>\n<div id=\"post_contenido_wrapper\">\n<div id=\"post_contenido\">\n<p><img decoding=\"async\" src=\"https:\/\/www.montibello.com\/images\/stories\/flexicontent\/item_332_field_190\/original\/exfoliacion_piel_620x348.jpg\" \/><\/p>\n<div id=\"post_texto\">\n<p>Debemos exfoliarnos la piel de manera continuada y no s\u00f3lo en primavera. Pero la llegada de la primavera es un momento adecuado para esta necesidad, ya que, debemos preparar la piel para el nuevo clima, el sol, la humedad e incluso para vernos mejor en los casos de la temida astenia primaveral.<\/p>\n<p>La\u00a0<strong>exfoliaci\u00f3n es una necesidad<\/strong>\u00a0porque debemos renovar la piel, para que todo fluya, para que las c\u00e9lulas se activen, para oxigenar la piel, para nutrirla. Si las c\u00e9lulas se adhesionan y no se desprenden, la piel se vuelve opaca, mate, sin luz y se acelera el proceso de envejecimiento, incluso el prematuro.<\/p>\n<p>Las c\u00e9lulas en una piel joven se renueva cada 28 d\u00edas, sin embargo, ese tiempo se ampl\u00eda por algunos h\u00e1bitos como el fumar, el beber, el exceso de ejercicio f\u00edsico, el estr\u00e9s y la edad; por ello, es esencial ayudar a la piel a forzar esa renovaci\u00f3n.<\/p>\n<p><strong>\u00bfC\u00f3mo se debe exfoliar la piel?<\/strong><\/p>\n<p>Jam\u00e1s se deben usar exfoliantes de Scrub, de arrastre,\u00a0<strong>sin supervisi\u00f3n de un centro de belleza<\/strong>, ya que un proceso de arrastre con part\u00edculas grandes da\u00f1an la piel, provocando una deshidrataci\u00f3n no deseada.\u00a0Yo recomiendo tratamientos en cabina una vez al mes, a base de \u00e1cidos.\u00a0Montibello\u00a0cuenta con un protocolo de coctel de \u00e1cidos glic\u00f3lico, m\u00e1lico, l\u00e1ctico que, llegando a capas profundas, realiza una intensa exfoliaci\u00f3n.<\/p>\n<p>Para casa recomiendo tratamientos de &#8220;curas intensivas&#8221; de 14 d\u00edas a base de retinol A.\u00a0Tambi\u00e9n podemos exfoliar con peeling enzim\u00e1ticos o a base de ceras, que lograr\u00e1n el efecto deseado con una m\u00ednima agresi\u00f3n.<\/p>\n<\/div>\n<\/div>\n<\/div>\n","protected":false},"excerpt":{"rendered":"<p><span style=\"color: #ffcc00;\">BODY SENSES<\/span><\/p>\n<p>Exfoliant with essential oils aromathherapy<\/p>\n<p>Gel de ba\u00f1o exfoliante de textura espumosa que limpia, estimula y refina la piel, proporcionando una experiencia refrescante para todo el cuerpo.<\/p>\n<p>Favorece la renovaci\u00f3n celular e higieniza en profundidad. Adem\u00e1s aporta una gran suavidad.<\/p>\n<ul>\n<li>Exfoliante 100% renovable y biodegradable: polvo de celulosa<\/li>\n<li>\u00c1cidos frutales<\/li>\n<li>Aceites Esenciales: Naranja y Hierbabuena<\/li>\n<\/ul>\n<h3>Modo de uso:<\/h3>\n<p><strong>1.<\/strong>\u00a0Una vez en la ducha, aplica\u00a0<strong>Tonic Bath Exfoliante<\/strong>\u00a0y masajea sobre el cuerpo h\u00famedo, durante un m\u00ednimo de 5 minutos.\u00a0Por \u00faltimo, aclarar en la ducha.<\/p>\n<p><strong>2.<\/strong>\u00a0Tras la ducha emplea la\u00a0<strong>Emulsi\u00f3n Hidratante Montibello<\/strong>. Realiza suaves masajes para que tenga una mejor penetraci\u00f3n.<!--more--><\/p>\n<h3>Composici\u00f3n:<\/h3>\n<h6>AQUA, CELLULOSE ACETATE, SODIUM LAURETH SULFATE, GLYCERIN, PROPANEDIOL,COCAMIDOPROPYL BETAINE, COCAMIDE DEA, TRIETHANOLAMINE, ACRYLATES\/C10-30 ALKYL ACRYLATE CROSSPOLYMER, ACTINIDIA CHINENSIS FRUIT EXTRACT, BENZOIC ACID, BENZOPHENONE-4 CARICA PAPAYA FRUIT EXTRACT, CITRUS AURANTIUM DULCIS OIL, CUCUMIS SATIVUS FRUIT EXTRACT, DISODIUM EDTA, ETHYLHEXYLGLYCERIN, FRAGARIA ANANASSA FRUIT EXTRACT, LIMONENE, MENTHA VIRIDIS OIL, MENTHOL, PARFUM, PHENOXYETHANOL, POLYQUATERIUM-22, POTASSIUM SORBATE, PRUNUS PERSISA FRUIT EXTRACT, PYRUS MALUS FRUIT EXTRACT, RUBUS IDEAUS FRUIT EXTRACT, SODIUM BENZOATE, XANTHAN GUM, CI 191140, CI 42090.<\/h6>\n<p>&nbsp;<\/p>\n<p>&nbsp;<\/p>\n","protected":false},"featured_media":282,"comment_status":"open","ping_status":"closed","template":"","meta":[],"product_cat":[24],"product_tag":[],"class_list":["post-241","product","type-product","status-publish","has-post-thumbnail","hentry","product_cat-tienda"],"_links":{"self":[{"href":"https:\/\/pos.idbella.com\/index.php\/wp-json\/wp\/v3\/product\/241","targetHints":{"allow":["GET"]}}],"collection":[{"href":"https:\/\/pos.idbella.com\/index.php\/wp-json\/wp\/v3\/product"}],"about":[{"href":"https:\/\/pos.idbella.com\/index.php\/wp-json\/wp\/v2\/types\/product"}],"replies":[{"embeddable":true,"href":"https:\/\/pos.idbella.com\/index.php\/wp-json\/wp\/v2\/comments?post=241"}],"wp:featuredmedia":[{"embeddable":true,"href":"https:\/\/pos.idbella.com\/index.php\/wp-json\/wp\/v2\/media\/282"}],"wp:attachment":[{"href":"https:\/\/pos.idbella.com\/index.php\/wp-json\/wp\/v2\/media?parent=241"}],"wp:term":[{"taxonomy":"product_cat","embeddable":true,"href":"https:\/\/pos.idbella.com\/index.php\/wp-json\/wp\/v2\/product_cat?post=241"},{"taxonomy":"product_tag","embeddable":true,"href":"https:\/\/pos.idbella.com\/index.php\/wp-json\/wp\/v2\/product_tag?post=241"}],"curies":[{"name":"wp","href":"https:\/\/api.w.org\/{rel}","templated":true}]}}