{"id":242,"date":"2022-11-29T16:43:29","date_gmt":"2022-11-29T16:43:29","guid":{"rendered":"https:\/\/factubella.laesquinacreativa.es\/?post_type=product&#038;p=242"},"modified":"2022-12-19T19:01:28","modified_gmt":"2022-12-19T19:01:28","slug":"crackling-body-mousse-200-ml","status":"publish","type":"product","link":"https:\/\/pos.idbella.com\/index.php\/product\/crackling-body-mousse-200-ml\/","title":{"rendered":"CRACKLING BODY MOUSSE 200 ml"},"content":{"rendered":"<div id=\"post_cabecera\">\n<h1 id=\"post_titulo\">LOVE YOUR BODY<\/h1>\n<div id=\"post_fecha\"><img decoding=\"async\" src=\"https:\/\/www.montibello.com\/img\/beauty_news_icono_peluqueria.png\" \/><\/div>\n<\/div>\n<div id=\"post_contenido_wrapper\">\n<div id=\"post_contenido\">\n<p><img decoding=\"async\" src=\"https:\/\/www.montibello.com\/images\/stories\/flexicontent\/item_4272_field_190\/original\/s56-194-packs-body-treat-620x348.jpg\" \/><\/p>\n<div id=\"post_texto\">\n<p>Desde\u00a0<strong>Montibello<\/strong>\u00a0no creemos en un prototipo de belleza \u00fanico. Del mismo modo que hay muchos tipos de mujeres, apostamos por m\u00faltiples formas de belleza. La\u00a0<strong>belleza sin l\u00edmites<\/strong>, en su m\u00e1xima expresi\u00f3n. Sin complejos, sin estereotipos, sin restricciones. Porque creemos firmemente que\u00a0<strong>todos los cuerpos son bellos<\/strong>, sea cual sea su forma.<\/p>\n<p>Nuestra nueva\u00a0<strong>campa\u00f1a de cuidado corporal LOVE YOUR BODY<\/strong>\u00a0nos invita a querernos y a aceptarnos tal y como somos, sin condiciones, sea cual sea nuestra talla.<\/p>\n<p>Para esta campa\u00f1a hemos creado\u00a0<strong>5 tipos de mujeres<\/strong>, de diferentes siluetas, que lanzan mensajes positivos en torno a su cuerpo. Cada una de ellas ilustra cada uno de los\u00a0<strong>5 packs de cuidado corporal<\/strong>\u00a0que forman parte de la campa\u00f1a. Porque el aceptar y querer nuestro cuerpo pasa, tambi\u00e9n, por proporcionarle los mejores cuidados para potenciar nuestra belleza.<\/p>\n<p>Estos son los\u00a0<strong>5 packs<\/strong>\u00a0que integran la campa\u00f1a\u00a0<strong>LOVE YOUR BODY<\/strong>:<\/p>\n<\/div>\n<\/div>\n<\/div>\n<h2>BOOSTER REDUCTOR PARA ZONAS REBELDES.<\/h2>\n<p><img decoding=\"async\" class=\"sm-img-float-left\" title=\"BOOSTER REDUCTOR PARA ZONAS REBELDES\" src=\"https:\/\/www.montibello.com\/images\/stories\/beauty-news\/S56-194-Montibello-LOVE-YOUR-BODY-Booster-reductor-620x800.jpg\" alt=\"BOOSTER REDUCTOR PARA ZONAS REBELDES\" \/><\/p>\n<p>Este pack, destinado a tratar las\u00a0<strong>zonas rebeldes<\/strong>, se compone de\u00a0<strong>Crackling Body Mousse<\/strong>: tratamiento corporal multisensorial en divertida\u00a0<strong>textura mousse \u201ccrujiente\u201d<\/strong>\u00a0que act\u00faa como un eficaz\u00a0<strong>booster reductor y anticelul\u00edtico<\/strong>\u00a0para tratar las zonas m\u00e1s rebeldes. En contacto con la piel se generan unas \u201cmicroexplosiones\u201d que aceleran la penetraci\u00f3n de activos a la vez que ejercen un suave masaje sobre la piel.\u00a0<strong>Formato<\/strong>: 200 ml.<\/p>\n<p>De regalo, el pack incluye\u00a0<strong>Intensive Remodelling Night Cream<\/strong>: crema corporal\u00a0<strong>de acci\u00f3n nocturna<\/strong>, de alta eficacia y de triple acci\u00f3n para reducir el volumen corporal y remodelar los contornos.\u00a0<strong>Formato<\/strong>: 30 ml. Y, adem\u00e1s,\u00a0<strong>Sculpting Glove<\/strong>, un masajeador corporal en formato manopla que potencia el resultado de los cosm\u00e9ticos.<\/p>\n","protected":false},"excerpt":{"rendered":"<h3><span style=\"color: #ffcc00;\">BODY TREAT<\/span><\/h3>\n<p>Tratamiento corporal multisensorial en divertida textura mousse \u201ccrujiente\u201d que act\u00faa como un eficaz booster reductor y anticelul\u00edtico para tratar las zonas m\u00e1s rebeldes. En contacto con la piel se generan unas \u201cmicroexplosiones\u201d que aceleran la penetraci\u00f3n de activos a la vez que ejercen un suave masaje sobre la piel.<\/p>\n<div class=\"wld-title-tab wld-title-tab-II\">\n<h3>ANTI-CELLULITE GEL CREAM MONTIBELLO<\/h3>\n<\/div>\n<ul class=\"wld-tab-list wld-tab-list-II\">\n<li>Reduce la piel de naranja.<\/li>\n<li>Favorece la detoxificaci\u00f3n de sustancias de desecho y grasa celular.<\/li>\n<li>Disminuye el volumen de los adipocitos.<\/li>\n<li>Es perfecta para estimular la circulaci\u00f3n.<\/li>\n<li>Alisa y tensa la piel.<\/li>\n<li>Textura fresca y ligera.<\/li>\n<li>R\u00e1pida absorci\u00f3n, no deja residuos ni engrasa la piel.<\/li>\n<\/ul>\n<div class=\"wld-title-tab wld-title-tab-II\">\n<h3>CRACKLING BODY MOUSSE MONTIBELLO<\/h3>\n<\/div>\n<ul class=\"wld-tab-list wld-tab-list-II\">\n<li>Acci\u00f3n reductora.<\/li>\n<li>Acci\u00f3n personal trainer.<\/li>\n<li>Acci\u00f3n modelante.<\/li>\n<li>Reduce el volumen corporal.<\/li>\n<li>Estimula la combusti\u00f3n de grasa.<\/li>\n<li>Evita la multiplicaci\u00f3n de adipocitos.<\/li>\n<li>Reduce la piel de naranja.<\/li>\n<li>Favorece la detoxificaci\u00f3n de sustancias de desecho y grasa celular.<\/li>\n<li>Estimula la circulaci\u00f3n.<\/li>\n<\/ul>\n<p><!--more--><\/p>\n<h3>Es para ti si&#8230;<\/h3>\n<ul class=\"wld-tab-list wld-tab-list-II\">\n<li>Todo tipo de piel.<\/li>\n<li>Remodelar el contorno corporal.<\/li>\n<li>Reducir la celulitis y la retenci\u00f3n de l\u00edquidos.<\/li>\n<li>Piel con celulitis o con piel de naranja.<\/li>\n<li>Reducir el volumen corporal.<\/li>\n<li>Casos de obesidad localizada como generalizada.<\/li>\n<li>Favorece la combusti\u00f3n de grasas y evita su almacenamiento.<\/li>\n<\/ul>\n<p><!--more--><\/p>\n<h3>Modo de uso:<\/h3>\n<ol class=\"wld-tab-list wld-tab-list-II\">\n<li>Antes de utilizar, agita en\u00e9rgicamente. A continuaci\u00f3n, aplica, ma\u00f1ana y noche,\u00a0<strong>Crackling Body Mousse Montibello<\/strong>\u00a0en la palma de la mano y extiende el producto sobre la piel limpia con movimientos circulares para potenciar el efecto &#8220;crackling&#8221;.<\/li>\n<li>A continuaci\u00f3n, aplica\u00a0<strong>Anti-Cellulite Gel Cream Montibello<\/strong>\u00a0mediante suaves masajes hasta su total absorci\u00f3n.<\/li>\n<\/ol>\n<p><!--more--><\/p>\n<h3>Composici\u00f3n:<\/h3>\n<ul class=\"wld-tab-list wld-tab-list-II\">\n<li>Microalgas energizantes<\/li>\n<li>Palmaria Palmata<\/li>\n<li>Extracto de glaucina<\/li>\n<li>\u00c1cido salic\u00edlico<\/li>\n<li>Textura crema-gel<\/li>\n<li>Perfume de aroma fresco y limpio caracterizado por la piel del lim\u00f3n, la hierbabuena y la menta<\/li>\n<\/ul>\n<div class=\"wld-title-tab wld-title-tab-II\">\n<h3>CRACKLING BODY MOUSSE MONTIBELLO<\/h3>\n<\/div>\n<ul class=\"wld-tab-list wld-tab-list-II\">\n<li>Extracto de frutos rojos<\/li>\n<li>Cafeisilane C\u00ae<\/li>\n<li>Caf\u00e9 verde y mate<\/li>\n<li>L- Carnitina<\/li>\n<li>Extracto de alcachofa<\/li>\n<li>Ultraconcentrado de jengibre<\/li>\n<li>Personal Trainer Simulator<\/li>\n<li>Textura efervescente<\/li>\n<li>Perfume de aroma fresco y limpio caracterizado por la piel del lim\u00f3n, la hierbabuena y la menta.<\/li>\n<\/ul>\n<p>&nbsp;<\/p>\n","protected":false},"featured_media":283,"comment_status":"open","ping_status":"closed","template":"","meta":[],"product_cat":[24],"product_tag":[],"class_list":["post-242","product","type-product","status-publish","has-post-thumbnail","hentry","product_cat-tienda"],"_links":{"self":[{"href":"https:\/\/pos.idbella.com\/index.php\/wp-json\/wp\/v3\/product\/242","targetHints":{"allow":["GET"]}}],"collection":[{"href":"https:\/\/pos.idbella.com\/index.php\/wp-json\/wp\/v3\/product"}],"about":[{"href":"https:\/\/pos.idbella.com\/index.php\/wp-json\/wp\/v2\/types\/product"}],"replies":[{"embeddable":true,"href":"https:\/\/pos.idbella.com\/index.php\/wp-json\/wp\/v2\/comments?post=242"}],"wp:featuredmedia":[{"embeddable":true,"href":"https:\/\/pos.idbella.com\/index.php\/wp-json\/wp\/v2\/media\/283"}],"wp:attachment":[{"href":"https:\/\/pos.idbella.com\/index.php\/wp-json\/wp\/v2\/media?parent=242"}],"wp:term":[{"taxonomy":"product_cat","embeddable":true,"href":"https:\/\/pos.idbella.com\/index.php\/wp-json\/wp\/v2\/product_cat?post=242"},{"taxonomy":"product_tag","embeddable":true,"href":"https:\/\/pos.idbella.com\/index.php\/wp-json\/wp\/v2\/product_tag?post=242"}],"curies":[{"name":"wp","href":"https:\/\/api.w.org\/{rel}","templated":true}]}}