{"id":244,"date":"2022-11-29T16:43:29","date_gmt":"2022-11-29T16:43:29","guid":{"rendered":"https:\/\/factubella.laesquinacreativa.es\/?post_type=product&#038;p=244"},"modified":"2022-12-19T19:16:38","modified_gmt":"2022-12-19T19:16:38","slug":"aceite-vegetal-ricino-60-ml","status":"publish","type":"product","link":"https:\/\/pos.idbella.com\/index.php\/product\/aceite-vegetal-ricino-60-ml\/","title":{"rendered":"Aceite vegetal Ricino 60 ml"},"content":{"rendered":"","protected":false},"excerpt":{"rendered":"<h3><span style=\"color: #ffcc00;\">Ricinus communis<\/span><\/h3>\n<p>Este aceite vegetal, usado ese\u00a0 hace m\u00e1s de 4000 a\u00f1os, se extrae de la semilla de la planta Ricinus communis. No es un aceite de uso oral, puesto que su ingesta provoca un efecto laxante, Se utiliza unicamente de manera t\u00f3pica. Aunque es un aceite viscoso, pennetra con facillllidad. Tiene un 90% de \u00e1cido ricinoleico, la estructura del cual le permite &#8220;admitir&#8221; el agua, por lo que nos sirve como humectante. Entre sus propiedades destaca su capacidad para fortalecer y nutrir las u\u00f1as y pesta\u00f1as. Ayuda a minimizar cicatrices y heridas suavizando la piel. Tambi\u00e9n lo podemos encontrar en prepaados cosm\u00e9ticos para el contorno de ojos y esmaquillantes, ya que ayuda a disimular la pigmentaci\u00f3n de las ojeras.<!--more--><\/p>\n<h3>Indicaciones:<\/h3>\n<p>-Aplicar en las pesta\u00f1as\/cejas por la noche. Uilizar un aplicador de m\u00e1scara de pesta\u00f1as para fortalecerlas y aportarles mas brillo.<\/p>\n<p>-En caso de u\u00f1as fr\u00e1giles y quebradizas, aplicar con un pincel y masajear. Se recomienda aplicar dos veces al d\u00eda; si no es posible, aplicar como m\u00ednimo por la noche.<\/p>\n","protected":false},"featured_media":285,"comment_status":"open","ping_status":"closed","template":"","meta":[],"product_cat":[32,28,25],"product_tag":[],"class_list":["post-244","product","type-product","status-publish","has-post-thumbnail","hentry","product_cat-aceites-escenciales-vegetales","product_cat-cremas-corporales","product_cat-cremas-faciales"],"_links":{"self":[{"href":"https:\/\/pos.idbella.com\/index.php\/wp-json\/wp\/v3\/product\/244","targetHints":{"allow":["GET"]}}],"collection":[{"href":"https:\/\/pos.idbella.com\/index.php\/wp-json\/wp\/v3\/product"}],"about":[{"href":"https:\/\/pos.idbella.com\/index.php\/wp-json\/wp\/v2\/types\/product"}],"replies":[{"embeddable":true,"href":"https:\/\/pos.idbella.com\/index.php\/wp-json\/wp\/v2\/comments?post=244"}],"wp:featuredmedia":[{"embeddable":true,"href":"https:\/\/pos.idbella.com\/index.php\/wp-json\/wp\/v2\/media\/285"}],"wp:attachment":[{"href":"https:\/\/pos.idbella.com\/index.php\/wp-json\/wp\/v2\/media?parent=244"}],"wp:term":[{"taxonomy":"product_cat","embeddable":true,"href":"https:\/\/pos.idbella.com\/index.php\/wp-json\/wp\/v2\/product_cat?post=244"},{"taxonomy":"product_tag","embeddable":true,"href":"https:\/\/pos.idbella.com\/index.php\/wp-json\/wp\/v2\/product_tag?post=244"}],"curies":[{"name":"wp","href":"https:\/\/api.w.org\/{rel}","templated":true}]}}