{"id":245,"date":"2022-11-29T16:43:29","date_gmt":"2022-11-29T16:43:29","guid":{"rendered":"https:\/\/factubella.laesquinacreativa.es\/?post_type=product&#038;p=245"},"modified":"2022-12-19T18:59:54","modified_gmt":"2022-12-19T18:59:54","slug":"aceite-vegetal-calendula-60ml","status":"publish","type":"product","link":"https:\/\/pos.idbella.com\/index.php\/product\/aceite-vegetal-calendula-60ml\/","title":{"rendered":"Aceite vegetal Cal\u00e9ndula 60ml"},"content":{"rendered":"","protected":false},"excerpt":{"rendered":"<h3><span style=\"color: #ffcc00;\">Cal\u00e9ndula officinalis<\/span><\/h3>\n<p><strong>Terpenic Cal\u00e9ndula BIO Oleato 60 ml.<\/strong>\u00a0El oleato u oleado de cal\u00e9ndula, es un macerado elaborado a partir de un aceite base, en nuestro caso aceite de soja, y extracto de cal\u00e9ndula que se obtiene a partir de flores de cal\u00e9ndula (Calendula officinalis L.). La vitamina E se a\u00f1ade para estabilizar el aceite.<\/p>\n<p>* El\u00a0<strong>oleato de Cal\u00e9ndula<\/strong>\u00a0contiene beta-caroteno y calendul\u00f3sido F, que aceleran el proceso de formaci\u00f3n del tejido granular y la regeneraci\u00f3n epitelial como parte de la cicatrizaci\u00f3n. Posee una alta capacidad antiinflamatoria y calmante de la piel.<!--more--><\/p>\n<p><strong>INDICACIONES:<\/strong><\/p>\n<p>&#8211; El oleato de cal\u00e9ndula est\u00e1 especialmente indicado para la piel inflamada y eczematica.<\/p>\n<p>&#8211; Tambi\u00e9n en casos de pieles secas y agrietadas, as\u00ed como para su uso en productos para despu\u00e9s del sol.<\/p>\n<p>&#8211; Irritaciones del beb\u00e9, quemaduras, grietas, picores, irritaciones cut\u00e1neas, radiodermitis, \u00falceras y urticaria. Acelera el proceso de formaci\u00f3n del tejido granular y la regeneraci\u00f3n epitelial como parte de la cicatrizaci\u00f3n. Posee una alta capacidad antiinflamatoria y calmante de la piel.<\/p>\n<p>&#8211; Indicado para todas las edades.<!--more-->antiespasm\u00f3dico<\/p>\n<p>antiinflamatorio<\/p>\n<p>reparador<\/p>\n<p>calmante<\/p>\n<p>&nbsp;<\/p>\n<p>&nbsp;<\/p>\n","protected":false},"featured_media":286,"comment_status":"open","ping_status":"closed","template":"","meta":[],"product_cat":[24],"product_tag":[],"class_list":["post-245","product","type-product","status-publish","has-post-thumbnail","hentry","product_cat-tienda"],"_links":{"self":[{"href":"https:\/\/pos.idbella.com\/index.php\/wp-json\/wp\/v3\/product\/245","targetHints":{"allow":["GET"]}}],"collection":[{"href":"https:\/\/pos.idbella.com\/index.php\/wp-json\/wp\/v3\/product"}],"about":[{"href":"https:\/\/pos.idbella.com\/index.php\/wp-json\/wp\/v2\/types\/product"}],"replies":[{"embeddable":true,"href":"https:\/\/pos.idbella.com\/index.php\/wp-json\/wp\/v2\/comments?post=245"}],"wp:featuredmedia":[{"embeddable":true,"href":"https:\/\/pos.idbella.com\/index.php\/wp-json\/wp\/v2\/media\/286"}],"wp:attachment":[{"href":"https:\/\/pos.idbella.com\/index.php\/wp-json\/wp\/v2\/media?parent=245"}],"wp:term":[{"taxonomy":"product_cat","embeddable":true,"href":"https:\/\/pos.idbella.com\/index.php\/wp-json\/wp\/v2\/product_cat?post=245"},{"taxonomy":"product_tag","embeddable":true,"href":"https:\/\/pos.idbella.com\/index.php\/wp-json\/wp\/v2\/product_tag?post=245"}],"curies":[{"name":"wp","href":"https:\/\/api.w.org\/{rel}","templated":true}]}}