{"id":246,"date":"2022-11-29T16:43:29","date_gmt":"2022-11-29T16:43:29","guid":{"rendered":"https:\/\/factubella.laesquinacreativa.es\/?post_type=product&#038;p=246"},"modified":"2022-12-19T19:00:37","modified_gmt":"2022-12-19T19:00:37","slug":"aceite-vegetal-avellana-60ml","status":"publish","type":"product","link":"https:\/\/pos.idbella.com\/index.php\/product\/aceite-vegetal-avellana-60ml\/","title":{"rendered":"Aceite vegetal avellana 60ml"},"content":{"rendered":"<p>Los aceites vegetales se extraen del fruto maduro de las plantas oleaginosas por prensado. Su calidad depende del fruto o semilla y del tipo de expresi\u00f3n realizada. El <strong>aceite vegetal virgen de primera presi\u00f3n en fr\u00edo\u00a0<\/strong>conserva tanto su fracci\u00f3n saponificable, como su fracci\u00f3n insaponificable.<\/p>\n<p>&nbsp;<\/p>\n<p>Por otra parte el <strong>aceite vegetal refinado<\/strong> aumenta el rendimiento de una cosecha y mas estable frente a la oxidaci\u00f3n. Es un aceite que pierde casi completamente su parte insaponificable, la cual le da sus principales caracter\u00edsticas, como el aroma, el color y el sabor, entre otras. En esta parte insaponificable, que oscila entre el 1% y el\u00a0 2% se encuentra el escualeno, los pigmentos, los polifenoles y los fitoesteroles, entre otros.<\/p>\n<p>Finalmente, los oleatos se obtienen por el m\u00e9todo de maceraci\u00f3n de una planta de aceite vegetal para que este se enriquezca con los principios activos liposolubles de la planta.<!--more--><\/p>\n<h3>Usos T\u00f3picos:<\/h3>\n<p>Los aceites vegetales se pueden utilizar <strong>puros o mezclados<\/strong> entre s\u00ed para alterar su textura y combinar diferentes nutrientes esenciales. As\u00ed pues, el aceite vegetal tiene una <strong>gran funci\u00f3n como aporte nutricional<\/strong> para nuestra piel, u\u00f1as y cabello, permitiendo la elaboraci\u00f3n de preparados muy diversos para todo tipo de pieles e indicaciones.<!--more--><\/p>\n<h3>Usos Orales:<\/h3>\n<p>Los aceites vegetales para su uso oral aportan <strong>beneficios nutricionales<\/strong> a nuestra dieta. Como norma general, recomendamos entre 1 y 2 cucharadas soperas al d\u00eda. Es preferible comerlos en crudo, ya sea en ali\u00f1os, ensaladas o salsas fr\u00edas. Tambi\u00e9n ofrecen un gran abanico de posibilidades en cocina y reposter\u00eda, aportando matices de textura y sabores ex\u00f3ticos a nuestros platos.<!--more--><\/p>\n<h3>En aromater\u00e1pia<\/h3>\n<p>Los aceites vegetales resultan, adem\u00e1s, el <strong>veh\u00edculo<\/strong> ideal para el uso oral y t\u00f3pico de los <strong>aceites esenciales.<\/strong><\/p>\n<p>&nbsp;<\/p>\n<p>&nbsp;<\/p>\n<p>&nbsp;<\/p>\n<p>&nbsp;<\/p>\n","protected":false},"excerpt":{"rendered":"<h3><span style=\"color: #ff9900;\">Corylus avellana<\/span><\/h3>\n<p>Todo tipo de pieles, tambi\u00e9n pieles grasas y acn\u00e9icas. Para masaje: base, anticelulitica y reafirmante de absorci\u00f3n r\u00e1pida.<!--more--><\/p>\n<p>calmante<\/p>\n<p>estimula la circulaci\u00f3n<\/p>\n<p>anti oxidante<\/p>\n<p>estimula elasticidad<\/p>\n","protected":false},"featured_media":287,"comment_status":"open","ping_status":"closed","template":"","meta":[],"product_cat":[24],"product_tag":[],"class_list":["post-246","product","type-product","status-publish","has-post-thumbnail","hentry","product_cat-tienda"],"_links":{"self":[{"href":"https:\/\/pos.idbella.com\/index.php\/wp-json\/wp\/v3\/product\/246","targetHints":{"allow":["GET"]}}],"collection":[{"href":"https:\/\/pos.idbella.com\/index.php\/wp-json\/wp\/v3\/product"}],"about":[{"href":"https:\/\/pos.idbella.com\/index.php\/wp-json\/wp\/v2\/types\/product"}],"replies":[{"embeddable":true,"href":"https:\/\/pos.idbella.com\/index.php\/wp-json\/wp\/v2\/comments?post=246"}],"wp:featuredmedia":[{"embeddable":true,"href":"https:\/\/pos.idbella.com\/index.php\/wp-json\/wp\/v2\/media\/287"}],"wp:attachment":[{"href":"https:\/\/pos.idbella.com\/index.php\/wp-json\/wp\/v2\/media?parent=246"}],"wp:term":[{"taxonomy":"product_cat","embeddable":true,"href":"https:\/\/pos.idbella.com\/index.php\/wp-json\/wp\/v2\/product_cat?post=246"},{"taxonomy":"product_tag","embeddable":true,"href":"https:\/\/pos.idbella.com\/index.php\/wp-json\/wp\/v2\/product_tag?post=246"}],"curies":[{"name":"wp","href":"https:\/\/api.w.org\/{rel}","templated":true}]}}