{"id":248,"date":"2022-11-29T16:43:30","date_gmt":"2022-11-29T16:43:30","guid":{"rendered":"https:\/\/factubella.laesquinacreativa.es\/?post_type=product&#038;p=248"},"modified":"2022-12-19T18:58:01","modified_gmt":"2022-12-19T18:58:01","slug":"calmaderm-30ml","status":"publish","type":"product","link":"https:\/\/pos.idbella.com\/index.php\/product\/calmaderm-30ml\/","title":{"rendered":"Calmaderm 30ml"},"content":{"rendered":"","protected":false},"excerpt":{"rendered":"<h3><span style=\"color: #ff9900;\">Protecci\u00f3n y cuidado de pieles irritadas<\/span><\/h3>\n<p>Calmaderm Soluci\u00f3n de Terpenic es fabricado para la recuperaci\u00f3n de pieles que han sufrido erosiones, dermoabrasiones o quemaduras de primer grado, tales como radiodermitis, eritema solar y tratamiento de \u00falceras por presi\u00f3n de grado I.<\/p>\n<h2 class=\"product-rich-descriptive-content-title\">Propiedades y beneficios de Calmaderm Soluci\u00f3n<\/h2>\n<p>Nos beneficiamos de la sinergia de los activos incluidos en su f\u00f3rmula para tratar y mejorar la dermis castigada. Al ser una soluci\u00f3n de aceites rica en principios activos naturales, una fina pel\u00edcula de producto es m\u00e1s que suficiente para tratar la piel agredida y reducir la irritaci\u00f3n.<\/p>\n<h2 class=\"product-rich-descriptive-content-title\">\u00bfC\u00f3mo aplicar Calmaderm Solucion?<\/h2>\n<p>Se recomienda aplicar de dos a cuatro veces al d\u00eda la cantidad suficiente para obtener una fina pel\u00edcula sobre la zona de piel a tratar, una vez limpia y seca, realizando un suave masaje.<\/p>\n<h2 class=\"product-rich-descriptive-content-title\">Composici\u00f3n<\/h2>\n<p>Aceite Esencial de Lavanda, Cal\u00e9ndula, Aceite de rosa mosqueta, Aceite Esencial de Manzanilla, Aceite vegetal de avellana, Aceite vegetal de Rosa mosqueta, Oleato de Cal\u00e9ndula.<\/p>\n","protected":false},"featured_media":289,"comment_status":"open","ping_status":"closed","template":"","meta":[],"product_cat":[24],"product_tag":[],"class_list":["post-248","product","type-product","status-publish","has-post-thumbnail","hentry","product_cat-tienda"],"_links":{"self":[{"href":"https:\/\/pos.idbella.com\/index.php\/wp-json\/wp\/v3\/product\/248","targetHints":{"allow":["GET"]}}],"collection":[{"href":"https:\/\/pos.idbella.com\/index.php\/wp-json\/wp\/v3\/product"}],"about":[{"href":"https:\/\/pos.idbella.com\/index.php\/wp-json\/wp\/v2\/types\/product"}],"replies":[{"embeddable":true,"href":"https:\/\/pos.idbella.com\/index.php\/wp-json\/wp\/v2\/comments?post=248"}],"wp:featuredmedia":[{"embeddable":true,"href":"https:\/\/pos.idbella.com\/index.php\/wp-json\/wp\/v2\/media\/289"}],"wp:attachment":[{"href":"https:\/\/pos.idbella.com\/index.php\/wp-json\/wp\/v2\/media?parent=248"}],"wp:term":[{"taxonomy":"product_cat","embeddable":true,"href":"https:\/\/pos.idbella.com\/index.php\/wp-json\/wp\/v2\/product_cat?post=248"},{"taxonomy":"product_tag","embeddable":true,"href":"https:\/\/pos.idbella.com\/index.php\/wp-json\/wp\/v2\/product_tag?post=248"}],"curies":[{"name":"wp","href":"https:\/\/api.w.org\/{rel}","templated":true}]}}