{"id":249,"date":"2022-11-29T16:43:30","date_gmt":"2022-11-29T16:43:30","guid":{"rendered":"https:\/\/factubella.laesquinacreativa.es\/?post_type=product&#038;p=249"},"modified":"2022-12-19T18:55:27","modified_gmt":"2022-12-19T18:55:27","slug":"aceite-vegetal-pepita-de-uva-250ml","status":"publish","type":"product","link":"https:\/\/pos.idbella.com\/index.php\/product\/aceite-vegetal-pepita-de-uva-250ml\/","title":{"rendered":"Aceite Vegetal Pepita de uva 250ml"},"content":{"rendered":"","protected":false},"excerpt":{"rendered":"<h3 class=\"product-rich-descriptive-content-title\"><span style=\"color: #ff9900;\">vinaccioli raffinato<\/span><\/h3>\n<p>Pepita De Uva Virgen Aceite Vegetal de Terpenic es un gran aliado en el masaje como opci\u00f3n a la almendra dulce. Se incorpora en la piel sin dejar sensaci\u00f3n grasienta. Propiedades antiinflamatorias y antiagregantes.<\/p>\n<h2 class=\"product-rich-descriptive-content-title\">Propiedades y beneficios de Pepita De Uva Virgen Aceite Vegetal<\/h2>\n<p>Regula el exceso de secreci\u00f3n seb\u00e1cea. De f\u00e1cil penetraci\u00f3n cut\u00e1nea, se incorpora en la piel sin dejar sensaci\u00f3n grasienta. Posee propiedades regenerativas e hidratantes. Efecto alisador y suavizante.<\/p>\n<h2 class=\"product-rich-descriptive-content-title\">\u00bfC\u00f3mo aplicar Pepita De Uva Virgen Aceite Vegetal?<\/h2>\n<p>Se recomienda como base para masajes combinando aceite de pepitas de uva, solo o mezclado al 50% con aceite de almendras dulces o aceite de avellana es una excelente base para aceites de masaje y un buen soporte para los aceites esenciales.<\/p>\n<h2 class=\"product-rich-descriptive-content-title\">Composici\u00f3n<\/h2>\n<p>Aceite vegetal de pepita de uva, Aceite vegetal virgen de pepita de uva.<\/p>\n","protected":false},"featured_media":290,"comment_status":"open","ping_status":"closed","template":"","meta":[],"product_cat":[24],"product_tag":[],"class_list":["post-249","product","type-product","status-publish","has-post-thumbnail","hentry","product_cat-tienda"],"_links":{"self":[{"href":"https:\/\/pos.idbella.com\/index.php\/wp-json\/wp\/v3\/product\/249","targetHints":{"allow":["GET"]}}],"collection":[{"href":"https:\/\/pos.idbella.com\/index.php\/wp-json\/wp\/v3\/product"}],"about":[{"href":"https:\/\/pos.idbella.com\/index.php\/wp-json\/wp\/v2\/types\/product"}],"replies":[{"embeddable":true,"href":"https:\/\/pos.idbella.com\/index.php\/wp-json\/wp\/v2\/comments?post=249"}],"wp:featuredmedia":[{"embeddable":true,"href":"https:\/\/pos.idbella.com\/index.php\/wp-json\/wp\/v2\/media\/290"}],"wp:attachment":[{"href":"https:\/\/pos.idbella.com\/index.php\/wp-json\/wp\/v2\/media?parent=249"}],"wp:term":[{"taxonomy":"product_cat","embeddable":true,"href":"https:\/\/pos.idbella.com\/index.php\/wp-json\/wp\/v2\/product_cat?post=249"},{"taxonomy":"product_tag","embeddable":true,"href":"https:\/\/pos.idbella.com\/index.php\/wp-json\/wp\/v2\/product_tag?post=249"}],"curies":[{"name":"wp","href":"https:\/\/api.w.org\/{rel}","templated":true}]}}