{"id":251,"date":"2022-11-29T16:43:30","date_gmt":"2022-11-29T16:43:30","guid":{"rendered":"https:\/\/factubella.laesquinacreativa.es\/?post_type=product&#038;p=251"},"modified":"2022-12-19T18:58:47","modified_gmt":"2022-12-19T18:58:47","slug":"agua-de-manzanilla-romana-hidrolato-bio-250ml","status":"publish","type":"product","link":"https:\/\/pos.idbella.com\/index.php\/product\/agua-de-manzanilla-romana-hidrolato-bio-250ml\/","title":{"rendered":"Agua de Manzanilla Romana Hidrolato Bio 250ml"},"content":{"rendered":"","protected":false},"excerpt":{"rendered":"<p>Agua de Manzanilla Romana Hidrolato Bio de Terpenic posee una fragancia amarga caracter\u00edstica herbal de la manzanilla. Es ideal para quemaduras solares, alergia al Sol, piel irritada y delicada, urticaria.<!--more--><\/p>\n<h2 class=\"product-rich-descriptive-content-title\">Propiedades y beneficios de Agua de Manzanilla Romana Hidrolato Bio<\/h2>\n<p>Equilibra las emociones de ansiedad, angustia, crisis de ansiedad con opresi\u00f3n en el pecho. Armonizador de cuerpo-mente-emoci\u00f3n. Aporta calma, paz interior, apertura de menta, mejora la capacidad de razonamiento. Es antial\u00e9rgico, mucol\u00edtico, calmante, aliviador, carminativo, especialmente en c\u00f3licos de beb\u00e9 y aerofagia. Regulador psicoemocional.<!--more--><\/p>\n<h2 class=\"product-rich-descriptive-content-title\">\u00bfC\u00f3mo aplicar Agua de Manzanilla Romana Hidrolato Bio?<\/h2>\n<p>Se recomienda uso oral. Alergia, rinitis al\u00e9rgica, \u00falcera g\u00e1strica, alergia al Sol.<!--more--><\/p>\n<h2 class=\"product-rich-descriptive-content-title\">Composici\u00f3n<\/h2>\n<p>Agua floral de manzanilla, Anthemis nobilis.<\/p>\n","protected":false},"featured_media":292,"comment_status":"open","ping_status":"closed","template":"","meta":[],"product_cat":[24],"product_tag":[],"class_list":["post-251","product","type-product","status-publish","has-post-thumbnail","hentry","product_cat-tienda"],"_links":{"self":[{"href":"https:\/\/pos.idbella.com\/index.php\/wp-json\/wp\/v3\/product\/251","targetHints":{"allow":["GET"]}}],"collection":[{"href":"https:\/\/pos.idbella.com\/index.php\/wp-json\/wp\/v3\/product"}],"about":[{"href":"https:\/\/pos.idbella.com\/index.php\/wp-json\/wp\/v2\/types\/product"}],"replies":[{"embeddable":true,"href":"https:\/\/pos.idbella.com\/index.php\/wp-json\/wp\/v2\/comments?post=251"}],"wp:featuredmedia":[{"embeddable":true,"href":"https:\/\/pos.idbella.com\/index.php\/wp-json\/wp\/v2\/media\/292"}],"wp:attachment":[{"href":"https:\/\/pos.idbella.com\/index.php\/wp-json\/wp\/v2\/media?parent=251"}],"wp:term":[{"taxonomy":"product_cat","embeddable":true,"href":"https:\/\/pos.idbella.com\/index.php\/wp-json\/wp\/v2\/product_cat?post=251"},{"taxonomy":"product_tag","embeddable":true,"href":"https:\/\/pos.idbella.com\/index.php\/wp-json\/wp\/v2\/product_tag?post=251"}],"curies":[{"name":"wp","href":"https:\/\/api.w.org\/{rel}","templated":true}]}}