{"id":252,"date":"2022-11-29T16:43:30","date_gmt":"2022-11-29T16:43:30","guid":{"rendered":"https:\/\/factubella.laesquinacreativa.es\/?post_type=product&#038;p=252"},"modified":"2023-05-25T14:08:14","modified_gmt":"2023-05-25T14:08:14","slug":"exfoliante-corporal-de-sal-del-mar-muerto-300ml","status":"publish","type":"product","link":"https:\/\/pos.idbella.com\/index.php\/product\/exfoliante-corporal-de-sal-del-mar-muerto-300ml\/","title":{"rendered":"EXFOLIANTE CORPORAL DE SAL DEL MAR MUERTO 300ml"},"content":{"rendered":"<h2>Descripci\u00f3n<\/h2>\n<p><em><strong>Exfoliante corporal calmante<\/strong><\/em><\/p>\n<p>Este lujoso exfoliante corporal exfolia profundamente la superficie opaca de la piel para eliminar las c\u00e9lulas muertas y restaurar instant\u00e1neamente la suavidad y el brillo de la piel.<\/p>\n<p>La combinaci\u00f3n de sal del mar Muerto y extractos de hierbas eliminan naturalmente la piel muerta y extraen las toxinas, mientras que la poderosa mezcla de aceites de jojoba, aguacate, almendras dulces, borraja y onagra, le da a su piel el m\u00e1ximo impulso de hidrataci\u00f3n.<\/p>\n<p>La piel se cura y se protege del da\u00f1o de los rayos UV mientras la poderosa infusi\u00f3n de Aloe Vera, Algas y Manzanilla ejerce su magia antioxidante.<\/p>\n<p>A medida que se desprende la piel apagada, se revela una nueva capa de piel sana y se alimenta con ingredientes nutritivos para mantener su equilibrio de salud y humedad.<!--more--><\/p>\n","protected":false},"excerpt":{"rendered":"<p><b>Pulido a la perfecci\u00f3n.<\/b><\/p>\n<p><b>\u00a0<\/b>\u00a1Es hora de descubrir un T\u00fa m\u00e1s suave!<\/p>\n<p>Este exfoliante natural bellamente fragante est\u00e1 formulado con una potente mezcla de Aceites Bot\u00e1nicos, Sal del Mar Muerto y Antioxidantes Naturales, para curar, hidratar y resurgir la piel.<\/p>\n<p>Disponible en 3 de nuestras fragancias m\u00e1s populares, ligeras y celestiales.<!--more--><\/p>\n<h3 class=\"yikes-custom-woo-tab-title yikes-custom-woo-tab-title-how-to-use\">Modo de uso<\/h3>\n<p>Masajee con movimientos circulares sobre la piel h\u00fameda para eliminar las c\u00e9lulas muertas de la piel.\u00a0Enjuague con agua tibia.\u00a0Para obtener los mejores resultados, \u00faselo junto con la manteca corporal reafirmante de karit\u00e9 ObeyYourBody.<\/p>\n<h5><b><strong>Precauci\u00f3n:<\/strong><\/b>\u00a0Evite el contacto con los ojos.\u00a0En caso de contacto, enjuagar bien con agua.<\/h5>\n<p><!--more--><\/p>\n<h3 class=\"yikes-custom-woo-tab-title yikes-custom-woo-tab-title-benefits\">Beneficios<\/h3>\n<ol>\n<li><span data-sheets-value=\"{&quot;1&quot;:2,&quot;2&quot;:&quot;Deeply exfoliates &amp; draws out toxins | Evens out the skin tone | Improves sun damage | Guards against freee radicals | Provides deep hydration | Blemish control | Antiaging&quot;}\" data-sheets-userformat=\"{&quot;2&quot;:7043,&quot;3&quot;:{&quot;1&quot;:0},&quot;4&quot;:{&quot;1&quot;:2,&quot;2&quot;:16777215},&quot;10&quot;:0,&quot;11&quot;:4,&quot;12&quot;:0,&quot;14&quot;:[null,2,0],&quot;15&quot;:&quot;Roboto&quot;}\">Exfolia profundamente y elimina las toxinas\u00a0<\/span><\/li>\n<li><span data-sheets-value=\"{&quot;1&quot;:2,&quot;2&quot;:&quot;Deeply exfoliates &amp; draws out toxins | Evens out the skin tone | Improves sun damage | Guards against freee radicals | Provides deep hydration | Blemish control | Antiaging&quot;}\" data-sheets-userformat=\"{&quot;2&quot;:7043,&quot;3&quot;:{&quot;1&quot;:0},&quot;4&quot;:{&quot;1&quot;:2,&quot;2&quot;:16777215},&quot;10&quot;:0,&quot;11&quot;:4,&quot;12&quot;:0,&quot;14&quot;:[null,2,0],&quot;15&quot;:&quot;Roboto&quot;}\"> Unifica el tono de la piel\u00a0<\/span><\/li>\n<li><span data-sheets-value=\"{&quot;1&quot;:2,&quot;2&quot;:&quot;Deeply exfoliates &amp; draws out toxins | Evens out the skin tone | Improves sun damage | Guards against freee radicals | Provides deep hydration | Blemish control | Antiaging&quot;}\" data-sheets-userformat=\"{&quot;2&quot;:7043,&quot;3&quot;:{&quot;1&quot;:0},&quot;4&quot;:{&quot;1&quot;:2,&quot;2&quot;:16777215},&quot;10&quot;:0,&quot;11&quot;:4,&quot;12&quot;:0,&quot;14&quot;:[null,2,0],&quot;15&quot;:&quot;Roboto&quot;}\"> Mejora el da\u00f1o solar\u00a0<\/span><\/li>\n<li><span data-sheets-value=\"{&quot;1&quot;:2,&quot;2&quot;:&quot;Deeply exfoliates &amp; draws out toxins | Evens out the skin tone | Improves sun damage | Guards against freee radicals | Provides deep hydration | Blemish control | Antiaging&quot;}\" data-sheets-userformat=\"{&quot;2&quot;:7043,&quot;3&quot;:{&quot;1&quot;:0},&quot;4&quot;:{&quot;1&quot;:2,&quot;2&quot;:16777215},&quot;10&quot;:0,&quot;11&quot;:4,&quot;12&quot;:0,&quot;14&quot;:[null,2,0],&quot;15&quot;:&quot;Roboto&quot;}\"> Protege contra los radicales libres\u00a0<\/span><\/li>\n<li><span data-sheets-value=\"{&quot;1&quot;:2,&quot;2&quot;:&quot;Deeply exfoliates &amp; draws out toxins | Evens out the skin tone | Improves sun damage | Guards against freee radicals | Provides deep hydration | Blemish control | Antiaging&quot;}\" data-sheets-userformat=\"{&quot;2&quot;:7043,&quot;3&quot;:{&quot;1&quot;:0},&quot;4&quot;:{&quot;1&quot;:2,&quot;2&quot;:16777215},&quot;10&quot;:0,&quot;11&quot;:4,&quot;12&quot;:0,&quot;14&quot;:[null,2,0],&quot;15&quot;:&quot;Roboto&quot;}\"> Aporta hidrataci\u00f3n profunda\u00a0<\/span><\/li>\n<li><span data-sheets-value=\"{&quot;1&quot;:2,&quot;2&quot;:&quot;Deeply exfoliates &amp; draws out toxins | Evens out the skin tone | Improves sun damage | Guards against freee radicals | Provides deep hydration | Blemish control | Antiaging&quot;}\" data-sheets-userformat=\"{&quot;2&quot;:7043,&quot;3&quot;:{&quot;1&quot;:0},&quot;4&quot;:{&quot;1&quot;:2,&quot;2&quot;:16777215},&quot;10&quot;:0,&quot;11&quot;:4,&quot;12&quot;:0,&quot;14&quot;:[null,2,0],&quot;15&quot;:&quot;Roboto&quot;}\"> Control de imperfecciones\u00a0<\/span><\/li>\n<li><span data-sheets-value=\"{&quot;1&quot;:2,&quot;2&quot;:&quot;Deeply exfoliates &amp; draws out toxins | Evens out the skin tone | Improves sun damage | Guards against freee radicals | Provides deep hydration | Blemish control | Antiaging&quot;}\" data-sheets-userformat=\"{&quot;2&quot;:7043,&quot;3&quot;:{&quot;1&quot;:0},&quot;4&quot;:{&quot;1&quot;:2,&quot;2&quot;:16777215},&quot;10&quot;:0,&quot;11&quot;:4,&quot;12&quot;:0,&quot;14&quot;:[null,2,0],&quot;15&quot;:&quot;Roboto&quot;}\"> Antienvejecimiento<\/span><\/li>\n<\/ol>\n<p><!--more--><\/p>\n<p><b><strong>Ingredientes:<\/strong><\/b><\/p>\n<p>agua desionizada, \u00e1cido este\u00e1rico, alcohol cet\u00edlico, parafina, miristato de isopropilo, trietanolamina, fragancia, aceite de semilla de simmondsia chinensis (jojoba), aceite de Persea Gratissima (aguacate), aceite de Prunus Amygdalus Dulcis (almendra dulce), carb\u00f3mero, gluconolactinalis, (Borraja) aceite de semilla, benzoato de sodio, palmitato de retinilo, aceite de Oenothera Biennis (onagra), acetato de tocoferilo, extracto de flor de Anthemis Nobilis (manzanilla), jugo de hoja de aloe barbadensis, extracto de algas, sal del mar muerto, metilisotiazolinona, metilcloroisotiazolinona.<\/p>\n<h3><b><strong>LIBRE DE PARABENO.<\/strong><\/b><!--more--><\/h3>\n<p>&nbsp;<\/p>\n","protected":false},"featured_media":293,"comment_status":"open","ping_status":"closed","template":"","meta":[],"product_cat":[24],"product_tag":[],"class_list":["post-252","product","type-product","status-publish","has-post-thumbnail","hentry","product_cat-tienda"],"_links":{"self":[{"href":"https:\/\/pos.idbella.com\/index.php\/wp-json\/wp\/v3\/product\/252","targetHints":{"allow":["GET"]}}],"collection":[{"href":"https:\/\/pos.idbella.com\/index.php\/wp-json\/wp\/v3\/product"}],"about":[{"href":"https:\/\/pos.idbella.com\/index.php\/wp-json\/wp\/v2\/types\/product"}],"replies":[{"embeddable":true,"href":"https:\/\/pos.idbella.com\/index.php\/wp-json\/wp\/v2\/comments?post=252"}],"wp:featuredmedia":[{"embeddable":true,"href":"https:\/\/pos.idbella.com\/index.php\/wp-json\/wp\/v2\/media\/293"}],"wp:attachment":[{"href":"https:\/\/pos.idbella.com\/index.php\/wp-json\/wp\/v2\/media?parent=252"}],"wp:term":[{"taxonomy":"product_cat","embeddable":true,"href":"https:\/\/pos.idbella.com\/index.php\/wp-json\/wp\/v2\/product_cat?post=252"},{"taxonomy":"product_tag","embeddable":true,"href":"https:\/\/pos.idbella.com\/index.php\/wp-json\/wp\/v2\/product_tag?post=252"}],"curies":[{"name":"wp","href":"https:\/\/api.w.org\/{rel}","templated":true}]}}