{"id":294,"date":"2022-11-29T16:43:38","date_gmt":"2022-11-29T16:43:38","guid":{"rendered":"https:\/\/factubella.laesquinacreativa.es\/?post_type=product&#038;p=294"},"modified":"2022-12-19T18:50:22","modified_gmt":"2022-12-19T18:50:22","slug":"jabon-en-barra-twin-mineral-100g","status":"publish","type":"product","link":"https:\/\/pos.idbella.com\/index.php\/product\/jabon-en-barra-twin-mineral-100g\/","title":{"rendered":"Jab\u00f3n En Barra Twin Mineral 100g"},"content":{"rendered":"","protected":false},"excerpt":{"rendered":"<p><span data-sheets-value=\"{&quot;1&quot;:2,&quot;2&quot;:&quot;\\nKeep it clean &amp; hydrated. This double-duty natural soap bar combines the excellent cleansing power of Dead Sea salt with the moisturizing effects of natural plant oils. \\n\\nThe combination of coconut oil and Dead Sea minerals work together to keep the skin nourished, supple and blemish free.\\n&quot;}\" data-sheets-userformat=\"{&quot;2&quot;:769,&quot;3&quot;:{&quot;1&quot;:0},&quot;11&quot;:4,&quot;12&quot;:0}\" data-sheets-textstyleruns=\"{&quot;1&quot;:1,&quot;2&quot;:{&quot;5&quot;:1}}\uee10{&quot;1&quot;:27}\"><strong>Mantenlo limpio e hidratado.\u00a0<\/strong>Esta pastilla de jab\u00f3n natural de doble uso combina el excelente poder limpiador de la sal del Mar Muerto con los efectos hidratantes de los aceites vegetales naturales.<\/span><\/p>\n<p>La combinaci\u00f3n de aceite de coco y minerales del Mar Muerto trabajan juntos para mantener la piel nutrida, flexible y libre de imperfecciones.<!--more--><\/p>\n<h3><em><strong>Jab\u00f3n en barra Twin Mineral<\/strong><\/em><\/h3>\n<p><span data-sheets-value=\"{&quot;1&quot;:2,&quot;2&quot;:&quot;This 2-in-1 soap bar is ideal for those who want to simplify their skincare routine, &amp; maintain a healthy &amp; hydrated complexion from head to toe.\\n\\nThe antibacterial power of Dead Sea salt gently draws out impurities, and nourishes the skin with essential minerals, while the combination of natural oils restore the skin\u2019s moisture balance.\\n&quot;}\" data-sheets-userformat=\"{&quot;2&quot;:769,&quot;3&quot;:{&quot;1&quot;:0},&quot;11&quot;:4,&quot;12&quot;:0}\">Esta barra de jab\u00f3n 2 en 1 es ideal para quienes desean simplificar su rutina de cuidado de la piel y mantener una tez saludable e hidratada de la cabeza a los pies.<\/span><\/p>\n<p>El poder antibacteriano de la sal del Mar Muerto extrae suavemente las impurezas y nutre la piel con minerales esenciales, mientras que la combinaci\u00f3n de aceites naturales restaura el equilibrio de hidrataci\u00f3n de la piel.<!--more--><\/p>\n<h3>Modo de uso:<\/h3>\n<p>Aplicar sobre la piel h\u00fameda y masajear hasta formar espuma antes de enjuagar.<\/p>\n<p>Precauci\u00f3n: Evite el contacto con los ojos.\u00a0En caso de contacto, enjuagar bien con agua.\u00a0Mantener fuera del alcance de los ni\u00f1os.<!--more--><\/p>\n<h2 class=\"yikes-custom-woo-tab-title yikes-custom-woo-tab-title-benefits\">Beneficios<\/h2>\n<table width=\"483\">\n<tbody>\n<tr>\n<td colspan=\"3\" width=\"483\"><b><strong>Limpiador mineral para una piel radiante y purificada<\/strong><\/b><\/td>\n<\/tr>\n<tr>\n<td colspan=\"3\" width=\"483\"><b><strong>FORMULADO PARA EL CUIDADO DE LA PIEL DE ALTO RENDIMIENTO CON LO MEJOR QUE LA NATURALEZA PUEDE OFRECER<\/strong><\/b><\/td>\n<\/tr>\n<tr>\n<td width=\"125\"><b><strong>Hidrataci\u00f3n intensiva<\/strong><\/b><\/td>\n<td width=\"116\"><b><strong>HIDRATANTE<\/strong><\/b><\/td>\n<td width=\"241\">Aceites de coco y palma<\/td>\n<\/tr>\n<tr>\n<td width=\"125\"><b><strong>Salud de la piel<\/strong><\/b><\/p>\n<p><b><strong>\u00a0<\/strong><\/b><\/td>\n<td width=\"116\"><b><strong>ANTIBACTERIANO<\/strong><\/b><\/td>\n<td width=\"241\">El \u00e1cido ricinoleico en el aceite de ricino puede prevenir<\/p>\n<p>crecimiento de bacterias<\/td>\n<\/tr>\n<tr>\n<td width=\"125\"><b><strong>Funciones adecuadas de la piel<\/strong><\/b><\/td>\n<td width=\"116\"><b><strong>NUTRITIVO<\/strong><\/b><\/td>\n<td width=\"241\">La sal marina ofrece minerales vitales para una nutrici\u00f3n adecuada de las c\u00e9lulas de la piel.<\/td>\n<\/tr>\n<tr>\n<td colspan=\"3\" width=\"483\"><b><strong>ACTIVO CONTRA LOS EFECTOS DEL ESTR\u00c9S Y EL CLIMA EN EL ENVEJECIMIENTO PARA AYUDAR A CREAR UNA PIEL RADIANTE, JOVEN Y DE ASPECTO SALUDABLE\u00a0<\/strong><\/b><b><strong>.<\/strong><\/b><\/td>\n<\/tr>\n<\/tbody>\n<\/table>\n<p><!--more--><\/p>\n<p>&nbsp;<\/p>\n<p><b><strong>Ingredientes:<\/strong><\/b>\u00a0aceite de coco, aceite de palma, sorbitol, hidr\u00f3xido de sodio, glicerina, aceite de ricino, aceite de c\u00e1rtamo, sal del mar muerto, oleato de sorbit\u00e1n.<\/p>\n<p><b><strong>LIBRE DE PARABENO<br \/>\n<a href=\"https:\/\/obeyyourbody.com\/wp-content\/uploads\/2017\/03\/ICONS-WEB-OYB-2-Copy.png\"><img loading=\"lazy\" decoding=\"async\" class=\"alignnone size-medium wp-image-11802\" src=\"https:\/\/obeyyourbody.com\/wp-content\/uploads\/2017\/03\/ICONS-WEB-OYB-2-Copy-300x71.png\" sizes=\"auto, (max-width: 300px) 100vw, 300px\" srcset=\"https:\/\/obeyyourbody.com\/wp-content\/uploads\/2017\/03\/ICONS-WEB-OYB-2-Copy-300x71.png 300w, https:\/\/obeyyourbody.com\/wp-content\/uploads\/2017\/03\/ICONS-WEB-OYB-2-Copy.png 465w\" alt=\"\" width=\"300\" height=\"71\" \/><\/a><br \/>\n<\/strong><\/b><!--more--><\/p>\n<p>&nbsp;<\/p>\n<p>&nbsp;<\/p>\n<p>&nbsp;<\/p>\n","protected":false},"featured_media":303,"comment_status":"open","ping_status":"closed","template":"","meta":[],"product_cat":[24],"product_tag":[],"class_list":["post-294","product","type-product","status-publish","has-post-thumbnail","hentry","product_cat-tienda"],"_links":{"self":[{"href":"https:\/\/pos.idbella.com\/index.php\/wp-json\/wp\/v3\/product\/294","targetHints":{"allow":["GET"]}}],"collection":[{"href":"https:\/\/pos.idbella.com\/index.php\/wp-json\/wp\/v3\/product"}],"about":[{"href":"https:\/\/pos.idbella.com\/index.php\/wp-json\/wp\/v2\/types\/product"}],"replies":[{"embeddable":true,"href":"https:\/\/pos.idbella.com\/index.php\/wp-json\/wp\/v2\/comments?post=294"}],"wp:featuredmedia":[{"embeddable":true,"href":"https:\/\/pos.idbella.com\/index.php\/wp-json\/wp\/v2\/media\/303"}],"wp:attachment":[{"href":"https:\/\/pos.idbella.com\/index.php\/wp-json\/wp\/v2\/media?parent=294"}],"wp:term":[{"taxonomy":"product_cat","embeddable":true,"href":"https:\/\/pos.idbella.com\/index.php\/wp-json\/wp\/v2\/product_cat?post=294"},{"taxonomy":"product_tag","embeddable":true,"href":"https:\/\/pos.idbella.com\/index.php\/wp-json\/wp\/v2\/product_tag?post=294"}],"curies":[{"name":"wp","href":"https:\/\/api.w.org\/{rel}","templated":true}]}}