{"id":295,"date":"2022-11-29T16:43:38","date_gmt":"2022-11-29T16:43:38","guid":{"rendered":"https:\/\/factubella.laesquinacreativa.es\/?post_type=product&#038;p=295"},"modified":"2023-05-04T10:45:28","modified_gmt":"2023-05-04T10:45:28","slug":"gel-crema-facial-hidratante-y-reafirmante-con-fitoesfingosina","status":"publish","type":"product","link":"https:\/\/pos.idbella.com\/index.php\/product\/gel-crema-facial-hidratante-y-reafirmante-con-fitoesfingosina\/","title":{"rendered":"Gel crema facial hidratante y reafirmante con fitoesfingosina"},"content":{"rendered":"<p><strong>Principios activos<\/strong><\/p>\n<ul>\n<li><strong>Fitoesfingosina<\/strong>. Combate los signos de envejecimiento en diferentes niveles de la piel. Potencial antiinflamatorio.<\/li>\n<li><strong>Polifenoles naturales<\/strong>. Reducen los signos del envejecimiento y combaten los efectos del estr\u00e9s provocado por los rayos UV.<\/li>\n<li><strong>Niacinamida<\/strong>. Equilibra la homeostasis de la piel, ayuda a eliminar las impurezas, mejora la apariencia en pieles secas y reduce las marcas de expresi\u00f3n.<\/li>\n<li><strong>Aceite de kahai<\/strong>. Propiedades regenerativas y antioxidantes. Proporciona hidrataci\u00f3n duradera y mejora la elasticidad, luminosidad y firmeza de la piel.<\/li>\n<li><b>Cafe\u00edna.\u00a0<\/b>Estimula\u00a0la circulaci\u00f3n cut\u00e1nea, drena el exceso de l\u00edquidos y disuelve los c\u00famulos de grasa.<\/li>\n<\/ul>\n<p><strong>Modo de empleo<\/strong><\/p>\n<ul>\n<li>Despu\u00e9s del Serum facial Perpetual K, aplicar sobre la piel limpia una o dos veces al d\u00eda una peque\u00f1a cantidad en rostro y cuello con gestos ascendentes.<\/li>\n<li>Masajear suavemente, deslizando el producto sobre la frente, parte inferior del rostro y la mejilla.<\/li>\n<li>Terminar el gesto drenando hacia la base del cuello.<\/li>\n<\/ul>\n<p>&nbsp;<\/p>\n<p><strong>INGREDIENTES<\/strong><\/p>\n<p>Aqua (Water), Propylene Glycol, Cyclomethicone, Glycerin, Pentylene Glycol, Polyacrylamide, Alcohol Denat., Niacinamide, Butyrospermum Parkii Butter, Caprylic\/Capric Triglyceride, Salicyloyl Phytosphingosine, Panthenol, Pantolactone, Caryodendron Orinocense Nut Oil, Saccharomyces\/Zinc Ferment, Saccharomyces\/Copper Ferment, Saccharomyces\/Magnesium Ferment, Saccharomyces\/Iron Ferment, Saccharomyces\/Silicon Ferment, Saccharomyces\/Camellia Sinensis Leaf Ferment Filtrate, Betaine, Trehalose, Glycolipids, Polyglyceryl-10 Caprylate\/Caprate, Polyglyceryl-6 Caprylate, Bisabolol, Glyceryl Caprylate, Citrus Aurantifolia Juice, Citrus Aurantifolia Peel Extract, Citrus Limon Juice Powder, Caffeine, Coffea Arabica Seed Extract, Lecithin, Rosmarinus Officinalis Extract, Maltodextrin, Tetrasodium EDTA, Acrylates\/C10-30 Alkyl Acrylate Crosspolymer, C13-14 Isoparaffin, Laureth-7, Amyl Cinnamal, Linalool, Parfum (Fragrance).<\/p>\n<p><strong>F\u00d3RMULA TRANSPARENTE<\/strong><\/p>\n<p>Agua, propileneglicol (humectante), ciclometicona (emoliente), glicerina vegetal (humectante), Pentilenglicol, agente del cuidado de la piel (acondicionador), poliacrilamida (antiest\u00e1tico), alcohol (solvente), niacinamida (vitamina b3), manteca de karit\u00e9 (acondicionador), derivados de aceite de coco y glicerina (hidratante y emoliente), fitoesfingosina de saliciloilo (acondicionador de la piel), pantenol (provitamina b5), pantolactona (acondicionador), aceite de nueces de orinocenso caryodendron (acondicionador de la piel, emoliente), fermento de zinc (acondicionador de la piel), fermento de cobre (acondicionador de la piel), fermento de magnesio (acondicionador de la piel), fermento de hierro (acondicionador de la piel), fermento de silicio (acondicionador de la piel), filtrado del producto obtenido de la fermentaci\u00f3n de las hojas de camellia sinensis por el microorganismo saccharomyces (acondicionador de la piel), beta\u00edna (controlador de la viscosidad), trehalosa, az\u00facar hidratante y antioxidante natural, mezcla de sustancias que contiene carbohidratos unidos a l\u00edpidos (acondicionador), caprilato de poliglicerilo-10 (agente emulsionante), caprilato de poliglicerilo-6 (agente emulsionante), bisabolol (activo calmante), caprilato de glicerilo (acondicionador), juego de c\u00edtricos aurantifolia (acondicionador de la piel), extracto de c\u00e1scara de c\u00edtricos aurantifolia (acondicionador de la piel), juego de c\u00edtricos lim\u00f3n en polvo (t\u00f3nico), \u00a0cafe\u00edna (acondicionador de la piel), extracto de semilla de caf\u00e9 ar\u00e1bica (acondicionador de la piel), lecitina (acondicionador de la piel y emoliente), extracto de romero, maltodextrina (estabilizante), agente quelante, acrilatos\/c10-30 cruz pol\u00edmero de acrilato de alquilo (control de viscosidad), c13-14 isoparafina (acondicionador de la piel), amil cinamal (perfume), componente del perfume, perfume.<\/p>\n","protected":false},"excerpt":{"rendered":"<div class=\"col-md-7\">\n<div>\n<h1>Gel crema facial hidratante y reafirmante<\/h1>\n<\/div>\n<\/div>\n<div class=\"col-md-6\"><\/div>\n<div class=\"col-md-6\">\n<div>\n<p>Con fitoesfingosina<\/p>\n<div>\n<p>Gel crema hidratante de densidad ligera que mejora el aspecto de la piel envejecida prematuramente aportando firmeza y luminosidad.<\/p>\n<p>Con efecto tensor, hidratante, reparador, antioxidante y seborregulador.<\/p>\n<p>Formulada con fitoesfingosina, polifenoles naturales, niacinamida, aceite de Kahai y cafe\u00edna, su acci\u00f3n m\u00faltiple hidrata y protege contra agentes contaminantes, a la vez que trata el envejecimiento celular y mejora la elasticidad y el equilibrio de la piel.<\/p>\n<p>Para pieles deshidratadas, apagadas o con tendencia mixta-grasa.<\/p>\n<\/div>\n<div class=\"options\">\n<div id=\"option-12100\" class=\"option\">\n<p><b>Tama\u00f1os disponibles:<\/b><\/p>\n<ul>\n<li>50 ml<\/li>\n<\/ul>\n<\/div>\n<\/div>\n<\/div>\n<\/div>\n","protected":false},"featured_media":304,"comment_status":"open","ping_status":"closed","template":"","meta":[],"product_cat":[24],"product_tag":[],"class_list":["post-295","product","type-product","status-publish","has-post-thumbnail","hentry","product_cat-tienda"],"_links":{"self":[{"href":"https:\/\/pos.idbella.com\/index.php\/wp-json\/wp\/v3\/product\/295","targetHints":{"allow":["GET"]}}],"collection":[{"href":"https:\/\/pos.idbella.com\/index.php\/wp-json\/wp\/v3\/product"}],"about":[{"href":"https:\/\/pos.idbella.com\/index.php\/wp-json\/wp\/v2\/types\/product"}],"replies":[{"embeddable":true,"href":"https:\/\/pos.idbella.com\/index.php\/wp-json\/wp\/v2\/comments?post=295"}],"wp:featuredmedia":[{"embeddable":true,"href":"https:\/\/pos.idbella.com\/index.php\/wp-json\/wp\/v2\/media\/304"}],"wp:attachment":[{"href":"https:\/\/pos.idbella.com\/index.php\/wp-json\/wp\/v2\/media?parent=295"}],"wp:term":[{"taxonomy":"product_cat","embeddable":true,"href":"https:\/\/pos.idbella.com\/index.php\/wp-json\/wp\/v2\/product_cat?post=295"},{"taxonomy":"product_tag","embeddable":true,"href":"https:\/\/pos.idbella.com\/index.php\/wp-json\/wp\/v2\/product_tag?post=295"}],"curies":[{"name":"wp","href":"https:\/\/api.w.org\/{rel}","templated":true}]}}