{"id":319,"date":"2022-11-30T15:08:42","date_gmt":"2022-11-30T15:08:42","guid":{"rendered":"https:\/\/factubella.laesquinacreativa.es\/?post_type=product&#038;p=319"},"modified":"2022-12-16T17:25:09","modified_gmt":"2022-12-16T17:25:09","slug":"aceite-esencial-arbol-del-te-bio-50ml","status":"publish","type":"product","link":"https:\/\/pos.idbella.com\/index.php\/product\/aceite-esencial-arbol-del-te-bio-50ml\/","title":{"rendered":"Aceite esencial \u00e1rbol del t\u00e9 BIO 50ml"},"content":{"rendered":"","protected":false},"excerpt":{"rendered":"<h3><span style=\"color: #ffcc00;\"><em>Melaleuca alternifolia<\/em><\/span><\/h3>\n<p>Aceite esencial BIO de uso oral, 100% puro, \u00edntegro, natural y quimiotipado.<\/p>\n<p>Fragancia herbal caracteristica. Aplicado habitualmente por v\u00eda oral, t\u00f3pica y e inhalatoria. Antif\u00fangico, insect\u00edfugo, antis\u00e9ptico.<\/p>\n<p>Los aceites esenciales son sustancias no grasas obtenidas mediante destilaci\u00f3n, arrastre por corriente de vapor de agua u otros m\u00e9todos de extracci\u00f3n, de la planta que contienen las gl\u00e1ndulas secretoras.<\/p>\n<p>* El \u00c1rbol del t\u00e9 pertenece a la familia de las Mirt\u00e1ceas. Es un \u00e1rbol peque\u00f1o, con hojas en forma de agujas y flores amarillas, blancas o de color p\u00farpura. Durante la segunda guerra mundial se utilizaba como aceite esencial de primeros auxilios, eficaz para un gran n\u00famero de infecciones, as\u00ed como para tratar heridas y problemas cut\u00e1neos.<\/p>\n<p>*El \u00e1rbol del t\u00e9 (Melaleuca alternifolia) no tiene nada que ver con lo que conocemos como l infusi\u00f3n de t\u00e9 ( Camellia sinensis). El \u00e1rbol del t\u00e9 es un arbusto que debe sunombre a que los primeros ingleses que llegaron a Australia lo descubrieron gracias a lo abor\u00edgenes, que lo infusionaban como si fuera t\u00e9.<\/p>\n<p>* \u00c1rbol Del T\u00e9 QT. terpinen-4-ol. 100% puro, \u00edntegro, natural. Con certificaci\u00f3n biol\u00f3gica de la uni\u00f3n Europea.<!--more--><\/p>\n<h3>Una receta:<\/h3>\n<p><strong>Limpiador de hogar: <\/strong>Aplicar 5 gotas\/litro de A.E junto al detergente habitual ya sea de suelos u otras superficies. Intensifica el efecto desinfectante y aporta aroma limpio y fresco.<\/p>\n<p><strong>Enc\u00edas sangrantes: <\/strong>Aplicar 2 gotas de A.E. \u00c1rbol del t\u00e9 sobre pasta dentalen cada cep\u00ecllado.<\/p>\n<p><!--more--><\/p>\n<h3><strong>INDICACIONES:<\/strong><\/h3>\n<ul>\n<li>infecciones bacterianas, virales, parasitarias u hongos.<\/li>\n<li>afecciones respiratorias: rinitis, sinusitis, otitis, etc.<\/li>\n<li>todos los problemas de la piel: acn\u00e9, herpes, etc.<\/li>\n<li>radioterapia: cuidado oral, infecciones ginecol\u00f3gicas.<\/li>\n<\/ul>\n<p>* Combina con: Lavanda, Clavo Especia, Romero Cineol, Geranio, Nuez Moscada.<\/p>\n<p>* Precauciones: No emplear durante los 3 primeros meses de embarazo.<\/p>\n<p>* Uso oral siempre bajo prescripci\u00f3n.<\/p>\n<p>* Parte utilizada: Hojas.<\/p>\n<div id=\"top\" class=\"body bgColor catalog-page\">\n<div class=\"container-fluid\">\n<div class=\"row-fluid\">\n<p>&nbsp;<\/p>\n<div class=\"customComponent bgColor catalog-page\">\n<div class=\"row m-auto product-container\">\n<div class=\"col-sm-6\">\n<div class=\"side-text\">\n<div class=\"product-content\"><img loading=\"lazy\" decoding=\"async\" src=\"https:\/\/terpenic.com\/images\/sellos\/eurohoja.jpg\" alt=\"\" width=\"120\" height=\"120\" \/><\/div>\n<\/div>\n<\/div>\n<\/div>\n<\/div>\n<div class=\"clearfix\"><\/div>\n<p>&nbsp;<\/p>\n<\/div>\n<\/div>\n<\/div>\n<p><!--more--><\/p>\n<footer class=\"footer\" role=\"contentinfo\">\n<div class=\"container-fluid\">\n<div class=\"custom footer-right\">\n<h3>Propiedades:<\/h3>\n<p>Antibacteriano, antiv\u00edrico, antif\u00fangico, radio protector cut\u00e1neo.<\/p>\n<\/div>\n<\/div>\n<\/footer>\n<p><!--more--><\/p>\n<h3>Indicaciones:<\/h3>\n<p>Onicomicosis<\/p>\n<p>Candidiasis<\/p>\n<p>Pie de atleta<\/p>\n<p>Piojos<\/p>\n<p>Bronquitis<\/p>\n<p>Tos<\/p>\n<p>Gripe<\/p>\n<p>Sinusitis<\/p>\n<p>Gingivitis<\/p>\n","protected":false},"featured_media":284,"comment_status":"open","ping_status":"closed","template":"","meta":[],"product_cat":[24],"product_tag":[],"class_list":["post-319","product","type-product","status-publish","has-post-thumbnail","hentry","product_cat-tienda"],"_links":{"self":[{"href":"https:\/\/pos.idbella.com\/index.php\/wp-json\/wp\/v3\/product\/319","targetHints":{"allow":["GET"]}}],"collection":[{"href":"https:\/\/pos.idbella.com\/index.php\/wp-json\/wp\/v3\/product"}],"about":[{"href":"https:\/\/pos.idbella.com\/index.php\/wp-json\/wp\/v2\/types\/product"}],"replies":[{"embeddable":true,"href":"https:\/\/pos.idbella.com\/index.php\/wp-json\/wp\/v2\/comments?post=319"}],"wp:featuredmedia":[{"embeddable":true,"href":"https:\/\/pos.idbella.com\/index.php\/wp-json\/wp\/v2\/media\/284"}],"wp:attachment":[{"href":"https:\/\/pos.idbella.com\/index.php\/wp-json\/wp\/v2\/media?parent=319"}],"wp:term":[{"taxonomy":"product_cat","embeddable":true,"href":"https:\/\/pos.idbella.com\/index.php\/wp-json\/wp\/v2\/product_cat?post=319"},{"taxonomy":"product_tag","embeddable":true,"href":"https:\/\/pos.idbella.com\/index.php\/wp-json\/wp\/v2\/product_tag?post=319"}],"curies":[{"name":"wp","href":"https:\/\/api.w.org\/{rel}","templated":true}]}}